{"id":3198,"date":"2022-09-27T21:58:09","date_gmt":"2022-09-27T21:58:09","guid":{"rendered":"http:\/\/steuber22.kroeger-grafikdesign.de\/?page_id=3198"},"modified":"2025-04-01T07:23:37","modified_gmt":"2025-04-01T07:23:37","slug":"ochrana-udaju","status":"publish","type":"page","link":"https:\/\/steuber.net\/cs\/datenschutz\/","title":{"rendered":"Ochrana \u00fadaj\u016f"},"content":{"rendered":"<div data-elementor-type=\"wp-page\" data-elementor-id=\"3198\" class=\"elementor elementor-3198\" data-elementor-post-type=\"page\">\n\t\t\t\t<div class=\"elementor-element elementor-element-5ca6cb39 e-con-full e-flex e-con e-parent\" data-id=\"5ca6cb39\" data-element_type=\"container\" data-e-type=\"container\">\n\t\t<div class=\"elementor-element elementor-element-271c6b3b e-con-full e-flex e-con e-child\" data-id=\"271c6b3b\" data-element_type=\"container\" data-e-type=\"container\">\n\t\t\t\t<div class=\"elementor-element elementor-element-4ef8de31 elementor-widget elementor-widget-heading\" data-id=\"4ef8de31\" data-element_type=\"widget\" data-e-type=\"widget\" data-widget_type=\"heading.default\">\n\t\t\t\t<div class=\"elementor-widget-container\">\n\t\t\t\t\t<h3 class=\"elementor-heading-title elementor-size-default\">Ochrana \u00fadaj\u016f<\/h3>\t\t\t\t<\/div>\n\t\t\t\t<\/div>\n\t\t\t\t<\/div>\n\t\t<div class=\"elementor-element elementor-element-c7f4170 e-con-full e-flex e-con e-child\" data-id=\"c7f4170\" data-element_type=\"container\" data-e-type=\"container\">\n\t\t\t\t<div class=\"elementor-element elementor-element-5a87f90f elementor-widget elementor-widget-text-editor\" data-id=\"5a87f90f\" data-element_type=\"widget\" data-e-type=\"widget\" data-widget_type=\"text-editor.default\">\n\t\t\t\t<div class=\"elementor-widget-container\">\n\t\t\t\t\t\t\t\t\t<p><span style=\"text-align: var(--text-align); font-size: 1.1rem;\">Spr\u00e1vcem ve smyslu z\u00e1kon\u016f o ochran\u011b osobn\u00edch \u00fadaj\u016f, zejm\u00e9na obecn\u00e9ho na\u0159\u00edzen\u00ed EU o ochran\u011b osobn\u00edch \u00fadaj\u016f (GDPR), je<\/span><\/p>\n<p>Steuber GmbH &amp; Co. KG<br>Krefelderova ulice 658<br>DE-41066 M\u00f6nchengladbach<\/p>\n<p>Provozovatel\u00e9 t\u011bchto str\u00e1nek berou ochranu va\u0161ich osobn\u00edch \u00fadaj\u016f velmi v\u00e1\u017en\u011b. S va\u0161imi osobn\u00edmi \u00fadaji zach\u00e1z\u00edme d\u016fv\u011brn\u011b a v souladu se z\u00e1konn\u00fdmi p\u0159edpisy o ochran\u011b osobn\u00edch \u00fadaj\u016f a t\u011bmito z\u00e1sadami ochrany osobn\u00edch \u00fadaj\u016f.<\/p>\n<p>Pou\u017e\u00edv\u00e1n\u00ed na\u0161ich webov\u00fdch str\u00e1nek je obecn\u011b mo\u017en\u00e9 bez poskytnut\u00ed osobn\u00edch \u00fadaj\u016f. Pokud jsou na na\u0161ich webov\u00fdch str\u00e1nk\u00e1ch shroma\u017e\u010fov\u00e1ny osobn\u00ed \u00fadaje (nap\u0159. jm\u00e9no, adresa nebo e-mailov\u00e1 adresa), d\u011bje se tak v\u017edy pokud mo\u017eno dobrovoln\u011b. Tyto \u00fadaje nebudou bez va\u0161eho v\u00fdslovn\u00e9ho souhlasu p\u0159ed\u00e1v\u00e1ny t\u0159et\u00edm stran\u00e1m.<\/p>\n<p>R\u00e1di bychom upozornili, \u017ee p\u0159enos dat p\u0159es internet (nap\u0159. p\u0159i komunikaci e-mailem) m\u016f\u017ee b\u00fdt ohro\u017een bezpe\u010dnostn\u00edmi slabinami. \u00dapln\u00e1 ochrana \u00fadaj\u016f p\u0159ed p\u0159\u00edstupem t\u0159et\u00edch stran nen\u00ed mo\u017en\u00e1.<\/p>\n<p><strong>&nbsp;<\/strong><\/p>\n<p><strong>Va\u0161e pr\u00e1va jako subjektu \u00fadaj\u016f<\/strong><\/p>\n<p>N\u00e1sleduj\u00edc\u00ed pr\u00e1va m\u016f\u017eete kdykoli uplatnit prost\u0159ednictv\u00edm kontaktn\u00edch \u00fadaj\u016f na\u0161eho pov\u011b\u0159ence pro ochranu osobn\u00edch \u00fadaj\u016f:<\/p>\n<ul>\n<li>\n<p>Informace o va\u0161ich \u00fadaj\u00edch, kter\u00e9 uchov\u00e1v\u00e1me, a jejich zpracov\u00e1n\u00ed,<\/p>\n<\/li>\n<li>\n<p>Oprava nespr\u00e1vn\u00fdch osobn\u00edch \u00fadaj\u016f,<\/p>\n<\/li>\n<li>\n<p>Vymaz\u00e1n\u00ed va\u0161ich \u00fadaj\u016f, kter\u00e9 jsme ulo\u017eili,<\/p>\n<\/li>\n<li>\n<p>Omezen\u00ed zpracov\u00e1n\u00ed \u00fadaj\u016f, pokud je\u0161t\u011b nem\u016f\u017eeme va\u0161e \u00fadaje vymazat z d\u016fvodu z\u00e1konn\u00fdch povinnost\u00ed,<\/p>\n<\/li>\n<li>\n<p>N\u00e1mitka proti zpracov\u00e1n\u00ed va\u0161ich \u00fadaj\u016f n\u00e1mi a<\/p>\n<\/li>\n<li>\n<p>p\u0159enositelnost \u00fadaj\u016f, pokud jste se zpracov\u00e1n\u00edm \u00fadaj\u016f souhlasili nebo jste s n\u00e1mi uzav\u0159eli smlouvu.<\/p>\n<\/li>\n<\/ul>\n<p>Pokud jste n\u00e1m souhlas ud\u011blili, m\u016f\u017eete jej kdykoli odvolat s platnost\u00ed do budoucna.<\/p>\n<p>Se st\u00ed\u017enost\u00ed se m\u016f\u017eete kdykoli obr\u00e1tit na p\u0159\u00edslu\u0161n\u00fd dozorov\u00fd \u00fa\u0159ad. P\u0159\u00edslu\u0161n\u00fd dozorov\u00fd org\u00e1n z\u00e1vis\u00ed na spolkov\u00e9 zemi, ve kter\u00e9 m\u00e1te bydli\u0161t\u011b, kde pracujete nebo kde je podez\u0159en\u00ed na poru\u0161en\u00ed p\u0159edpis\u016f. Seznam dozorov\u00fdch \u00fa\u0159ad\u016f (pro neve\u0159ejn\u00fd sektor) s adresami naleznete na adrese&nbsp;<a href=\"https:\/\/www.bfdi.bund.de\/DE\/Infothek\/Anschriften_Links\/anschriften_links-node.html\" target=\"_blank\" rel=\"noopener\">https:\/\/www.bfdi.bund.de\/DE\/Infothek\/Anschriften_Links\/anschriften_links-node.html<\/a>.<\/p>\n<p><strong>\u00da\u010dely zpracov\u00e1n\u00ed \u00fadaj\u016f spr\u00e1vcem a t\u0159et\u00edmi stranami<\/strong><\/p>\n<p>Va\u0161e osobn\u00ed \u00fadaje zpracov\u00e1v\u00e1me pouze pro \u00fa\u010dely uveden\u00e9 v t\u011bchto z\u00e1sad\u00e1ch ochrany osobn\u00edch \u00fadaj\u016f. Va\u0161e osobn\u00ed \u00fadaje nebudou p\u0159ed\u00e1v\u00e1ny t\u0159et\u00edm stran\u00e1m pro jin\u00e9 ne\u017e uveden\u00e9 \u00fa\u010dely. Va\u0161e osobn\u00ed \u00fadaje p\u0159ed\u00e1v\u00e1me t\u0159et\u00edm stran\u00e1m pouze v p\u0159\u00edpad\u011b, \u017ee:<\/p>\n<ul>\n<li>\n<p>jste k tomu dali v\u00fdslovn\u00fd souhlas,<\/p>\n<\/li>\n<li>\n<p>zpracov\u00e1n\u00ed je nezbytn\u00e9 pro pln\u011bn\u00ed smlouvy s v\u00e1mi,<\/p>\n<\/li>\n<li>\n<p>zpracov\u00e1n\u00ed je nezbytn\u00e9 pro spln\u011bn\u00ed pr\u00e1vn\u00ed povinnosti,<\/p>\n<\/li>\n<\/ul>\n<p>zpracov\u00e1n\u00ed je nezbytn\u00e9 k ochran\u011b opr\u00e1vn\u011bn\u00fdch z\u00e1jm\u016f a nen\u00ed d\u016fvod p\u0159edpokl\u00e1dat, \u017ee m\u00e1te p\u0159eva\u017euj\u00edc\u00ed z\u00e1jem hodn\u00fd ochrany, aby va\u0161e \u00fadaje nebyly zve\u0159ejn\u011bny.<\/p>\n<p>Shroma\u017e\u010fov\u00e1n\u00ed obecn\u00fdch informac\u00ed p\u0159i n\u00e1v\u0161t\u011bv\u011b na\u0161ich webov\u00fdch str\u00e1nek<\/p>\n<p>P\u0159i vstupu na na\u0161e webov\u00e9 str\u00e1nky se automaticky shroma\u017e\u010fuj\u00ed informace obecn\u00e9ho charakteru prost\u0159ednictv\u00edm soubor\u016f cookie. Tyto informace (soubory protokolu serveru) zahrnuj\u00ed nap\u0159\u00edklad typ webov\u00e9ho prohl\u00ed\u017ee\u010de, pou\u017eit\u00fd opera\u010dn\u00ed syst\u00e9m, n\u00e1zev dom\u00e9ny va\u0161eho poskytovatele internetov\u00fdch slu\u017eeb a podobn\u011b. Jedn\u00e1 se v\u00fdhradn\u011b o informace, kter\u00e9 neumo\u017e\u0148uj\u00ed vyvozovat \u017e\u00e1dn\u00e9 z\u00e1v\u011bry o va\u0161\u00ed osob\u011b.<\/p>\n<p>Tyto informace jsou technicky nezbytn\u00e9 pro spr\u00e1vn\u00e9 doru\u010den\u00ed v\u00e1mi po\u017eadovan\u00e9ho obsahu webov\u00fdch str\u00e1nek a jsou povinn\u00e9 p\u0159i pou\u017e\u00edv\u00e1n\u00ed internetu. Jsou zpracov\u00e1v\u00e1ny zejm\u00e9na pro n\u00e1sleduj\u00edc\u00ed \u00fa\u010dely:<\/p>\n<ul>\n<li>\n<p>Zaji\u0161t\u011bn\u00ed bezprobl\u00e9mov\u00e9ho p\u0159ipojen\u00ed k webu,<\/p>\n<\/li>\n<li>\n<p>Zaji\u0161t\u011bn\u00ed bezprobl\u00e9mov\u00e9ho pou\u017e\u00edv\u00e1n\u00ed na\u0161ich webov\u00fdch str\u00e1nek,<\/p>\n<\/li>\n<li>\n<p>Hodnocen\u00ed bezpe\u010dnosti a stability syst\u00e9mu a<\/p>\n<\/li>\n<li>\n<p>pro dal\u0161\u00ed administrativn\u00ed \u00fa\u010dely.<\/p>\n<\/li>\n<\/ul>\n<p>Zpracov\u00e1n\u00ed va\u0161ich osobn\u00edch \u00fadaj\u016f je zalo\u017eeno na na\u0161em opr\u00e1vn\u011bn\u00e9m z\u00e1jmu z v\u00fd\u0161e uveden\u00fdch \u00fa\u010del\u016f shroma\u017e\u010fov\u00e1n\u00ed \u00fadaj\u016f. Va\u0161e \u00fadaje nepou\u017e\u00edv\u00e1me k vyvozov\u00e1n\u00ed z\u00e1v\u011br\u016f o va\u0161\u00ed osob\u011b. P\u0159\u00edjemci \u00fadaj\u016f jsou pouze spr\u00e1vci a p\u0159\u00edpadn\u011b zpracovatel\u00e9.<\/p>\n<p>Anonymn\u00ed informace tohoto druhu m\u016f\u017eeme statisticky vyhodnocovat za \u00fa\u010delem optimalizace na\u0161ich webov\u00fdch str\u00e1nek a technologie, kter\u00e1 je jejich z\u00e1kladem.<\/p>\n<p><b>Soubory cookie<\/b><\/p>\n<p>N\u011bkter\u00e9 internetov\u00e9 str\u00e1nky pou\u017e\u00edvaj\u00ed tzv. cookies. Cookies nepo\u0161kozuj\u00ed v\u00e1\u0161 po\u010d\u00edta\u010d a neobsahuj\u00ed viry. Soubory cookie slou\u017e\u00ed k tomu, aby na\u0161e webov\u00e9 str\u00e1nky byly u\u017eivatelsky p\u0159\u00edv\u011btiv\u011bj\u0161\u00ed, efektivn\u011bj\u0161\u00ed a bezpe\u010dn\u011bj\u0161\u00ed. Soubory cookie jsou mal\u00e9 textov\u00e9 soubory, kter\u00e9 se ukl\u00e1daj\u00ed do va\u0161eho po\u010d\u00edta\u010de a ukl\u00e1d\u00e1 je v\u00e1\u0161 prohl\u00ed\u017ee\u010d.<\/p>\n<p>V\u011bt\u0161ina soubor\u016f cookie, kter\u00e9 pou\u017e\u00edv\u00e1me, jsou tzv. \u201esoubory cookie relace\u201c. Ty se automaticky vyma\u017eou po skon\u010den\u00ed va\u0161\u00ed n\u00e1v\u0161t\u011bvy. Ostatn\u00ed soubory cookie z\u016fst\u00e1vaj\u00ed ulo\u017eeny ve va\u0161em koncov\u00e9m za\u0159\u00edzen\u00ed, dokud je neodstran\u00edte. Tyto soubory cookie n\u00e1m umo\u017e\u0148uj\u00ed rozpoznat v\u00e1\u0161 prohl\u00ed\u017ee\u010d p\u0159i va\u0161\u00ed dal\u0161\u00ed n\u00e1v\u0161t\u011bv\u011b.<\/p>\n<p>Sv\u016fj prohl\u00ed\u017ee\u010d m\u016f\u017eete nastavit tak, abyste byli informov\u00e1ni o nastavov\u00e1n\u00ed soubor\u016f cookie a povolit soubory cookie pouze v jednotliv\u00fdch p\u0159\u00edpadech, vylou\u010dit p\u0159ij\u00edm\u00e1n\u00ed soubor\u016f cookie pro ur\u010dit\u00e9 p\u0159\u00edpady nebo obecn\u011b a aktivovat automatick\u00e9 maz\u00e1n\u00ed soubor\u016f cookie p\u0159i zav\u0159en\u00ed prohl\u00ed\u017ee\u010de. V p\u0159\u00edpad\u011b deaktivace soubor\u016f cookie m\u016f\u017ee b\u00fdt funk\u010dnost t\u011bchto webov\u00fdch str\u00e1nek omezena.<\/p>\n<p><b>\u0160ifrov\u00e1n\u00ed SSL<\/b><\/p>\n<p>Abychom ochr\u00e1nili bezpe\u010dnost va\u0161ich \u00fadaj\u016f p\u0159i p\u0159enosu, pou\u017e\u00edv\u00e1me nejmodern\u011bj\u0161\u00ed metody \u0161ifrov\u00e1n\u00ed (nap\u0159. SSL) prost\u0159ednictv\u00edm protokolu HTTPS.<\/p>\n<p><b>Soubory protokolu serveru<\/b><\/p>\n<p>Provozovatel str\u00e1nek automaticky shroma\u017e\u010fuje a ukl\u00e1d\u00e1 informace do tzv. protokolov\u00fdch soubor\u016f serveru, kter\u00e9 n\u00e1m v\u00e1\u0161 prohl\u00ed\u017ee\u010d automaticky p\u0159ed\u00e1v\u00e1. Jedn\u00e1 se o<\/p>\n<ul>\n<li>\n<p>Typ prohl\u00ed\u017ee\u010de\/verze prohl\u00ed\u017ee\u010de<\/p>\n<\/li>\n<li>\n<p>Pou\u017eit\u00fd opera\u010dn\u00ed syst\u00e9m<\/p>\n<\/li>\n<li>\n<p>Adresa URL odkazuj\u00edc\u00edho subjektu<\/p>\n<\/li>\n<li>\n<p>N\u00e1zev hostitele p\u0159istupuj\u00edc\u00edho po\u010d\u00edta\u010de<\/p>\n<\/li>\n<li>\n<p>\u010cas po\u017eadavku serveru<\/p>\n<\/li>\n<\/ul>\n<p>Tyto \u00fadaje nelze p\u0159i\u0159adit ke konkr\u00e9tn\u00edm osob\u00e1m. Tyto \u00fadaje se neslu\u010duj\u00ed s jin\u00fdmi zdroji \u00fadaj\u016f. Vyhrazujeme si pr\u00e1vo tyto \u00fadaje zp\u011btn\u011b zkontrolovat, pokud zjist\u00edme konkr\u00e9tn\u00ed n\u00e1znaky nez\u00e1konn\u00e9ho pou\u017eit\u00ed.<\/p>\n<p><b>Kontaktn\u00ed formul\u00e1\u0159<\/b><\/p>\n<p>Pokud n\u00e1m za\u0161lete dotaz prost\u0159ednictv\u00edm kontaktn\u00edho formul\u00e1\u0159e, va\u0161e \u00fadaje z popt\u00e1vkov\u00e9ho formul\u00e1\u0159e, v\u010detn\u011b kontaktn\u00edch \u00fadaj\u016f, kter\u00e9 v n\u011bm uvedete, budou ulo\u017eeny pro \u00fa\u010dely zpracov\u00e1n\u00ed dotazu a pro p\u0159\u00edpad dal\u0161\u00edch dotaz\u016f. Tyto \u00fadaje nebudeme p\u0159ed\u00e1vat d\u00e1le bez va\u0161eho souhlasu.<\/p>\n<p><b>\u00dadaje o zpravodaji<\/b><\/p>\n<p>Pokud chcete dost\u00e1vat newsletter nab\u00edzen\u00fd na webov\u00fdch str\u00e1nk\u00e1ch, pot\u0159ebujeme od v\u00e1s e-mailovou adresu a informace, kter\u00e9 n\u00e1m umo\u017en\u00ed ov\u011b\u0159it, \u017ee jste vlastn\u00edkem poskytnut\u00e9 e-mailov\u00e9 adresy a \u017ee souhlas\u00edte se zas\u00edl\u00e1n\u00edm newsletteru. \u017d\u00e1dn\u00e9 dal\u0161\u00ed \u00fadaje se neshroma\u017e\u010fuj\u00ed. Tyto \u00fadaje pou\u017e\u00edv\u00e1me v\u00fdhradn\u011b k zas\u00edl\u00e1n\u00ed po\u017eadovan\u00fdch informac\u00ed a nep\u0159ed\u00e1v\u00e1me je t\u0159et\u00edm stran\u00e1m.<\/p>\n<p>Sv\u016fj souhlas s uchov\u00e1v\u00e1n\u00edm \u00fadaj\u016f, e-mailov\u00e9 adresy a jej\u00edm pou\u017e\u00edv\u00e1n\u00edm pro zas\u00edl\u00e1n\u00ed newsletteru m\u016f\u017eete kdykoli odvolat, nap\u0159\u00edklad prost\u0159ednictv\u00edm odkazu \u201eodhl\u00e1sit odb\u011br\u201c v newsletteru.<\/p>\n<p><b>Pou\u017eit\u00ed knihoven skript\u016f (Google Webfonts)<\/b><\/p>\n<p>Aby se n\u00e1\u0161 obsah zobrazoval spr\u00e1vn\u011b a graficky atraktivn\u011b ve v\u0161ech prohl\u00ed\u017ee\u010d\u00edch, pou\u017e\u00edv\u00e1me na t\u011bchto webov\u00fdch str\u00e1nk\u00e1ch knihovny skript\u016f a font\u016f, nap\u0159\u00edklad Google Web Fonts (<a href=\"https:\/\/fonts.google.com\/\" target=\"_blank\" rel=\"noopener\">https:\/\/fonts.google.com\/<\/a>). Webov\u00e1 p\u00edsma Google se p\u0159en\u00e1\u0161ej\u00ed do mezipam\u011bti prohl\u00ed\u017ee\u010de, aby se zabr\u00e1nilo v\u00edcen\u00e1sobn\u00e9mu na\u010d\u00edt\u00e1n\u00ed. Pokud prohl\u00ed\u017ee\u010d nepodporuje webov\u00e1 p\u00edsma Google nebo k nim znemo\u017e\u0148uje p\u0159\u00edstup, zobraz\u00ed se obsah standardn\u00edm p\u00edsmem.<\/p>\n<p>Vyvol\u00e1n\u00ed knihoven skript\u016f nebo font\u016f automaticky vyvol\u00e1 spojen\u00ed s provozovatelem knihovny. Teoreticky je mo\u017en\u00e9 - i kdy\u017e v sou\u010dasn\u00e9 dob\u011b nen\u00ed jasn\u00e9, zda a za jak\u00fdm \u00fa\u010delem - \u017ee provozovatel\u00e9 takov\u00fdch knihoven shroma\u017e\u010fuj\u00ed data.<\/p>\n<p>Z\u00e1sady ochrany osobn\u00edch \u00fadaj\u016f provozovatele knihovny Google naleznete zde:&nbsp;<a href=\"https:\/\/www.google.com\/policies\/privacy\/\" target=\"_blank\" rel=\"noopener\">https:\/\/www.google.com\/policies\/privacy\/<\/a><\/p>\n<p><b>Vyu\u017eit\u00ed technologie SalesViewer\u00ae<\/b><\/p>\n<p>Tyto webov\u00e9 str\u00e1nky pou\u017e\u00edvaj\u00ed technologii SalesViewer\u00ae od spole\u010dnosti SalesViewer\u00ae GmbH ke shroma\u017e\u010fov\u00e1n\u00ed a ukl\u00e1d\u00e1n\u00ed \u00fadaj\u016f pro \u00fa\u010dely marketingu, pr\u016fzkumu trhu a optimalizace na z\u00e1klad\u011b opr\u00e1vn\u011bn\u00fdch z\u00e1jm\u016f provozovatele webov\u00fdch str\u00e1nek (\u010dl. 6 odst. 1 p\u00edsm. f) GDPR). Za t\u00edmto \u00fa\u010delem se pou\u017e\u00edv\u00e1 k\u00f3d zalo\u017een\u00fd na javascriptu, kter\u00fd shroma\u017e\u010fuje \u00fadaje t\u00fdkaj\u00edc\u00ed se spole\u010dnosti a odpov\u00eddaj\u00edc\u00edho pou\u017eit\u00ed. \u00dadaje shrom\u00e1\u017ed\u011bn\u00e9 pomoc\u00ed t\u00e9to technologie jsou \u0161ifrov\u00e1ny pomoc\u00ed nevratn\u00e9 jednosm\u011brn\u00e9 funkce (tzv. hashov\u00e1n\u00ed). \u00dadaje jsou okam\u017eit\u011b pseudonymizov\u00e1ny a nejsou pou\u017eity k osobn\u00ed identifikaci n\u00e1v\u0161t\u011bvn\u00edka t\u011bchto webov\u00fdch str\u00e1nek. \u00dadaje ulo\u017een\u00e9 spole\u010dnost\u00ed Salesviewer jsou vymaz\u00e1ny, jakmile ji\u017e nejsou pot\u0159ebn\u00e9 pro zam\u00fd\u0161len\u00fd \u00fa\u010del a jejich vymaz\u00e1n\u00ed nen\u00ed v rozporu s \u017e\u00e1dn\u00fdmi z\u00e1konn\u00fdmi povinnostmi uchov\u00e1v\u00e1n\u00ed. Proti shroma\u017e\u010fov\u00e1n\u00ed a uchov\u00e1v\u00e1n\u00ed \u00fadaj\u016f m\u016f\u017eete kdykoli vzn\u00e9st n\u00e1mitku s platnost\u00ed do budoucna kliknut\u00edm na tento odkaz&nbsp;<a title=\"generov\u00e1n\u00ed potenci\u00e1ln\u00edch z\u00e1kazn\u00edk\u016f pro b2b\" href=\"https:\/\/www.salesviewer.com\/opt-out\" target=\"_blank\" rel=\"noopener\">https:\/\/www.salesviewer.com\/opt-out<\/a>&nbsp;abyste zabr\u00e1nili tomu, \u017ee SalesViewer\u00ae bude v budoucnu shroma\u017e\u010fovat \u00fadaje na t\u011bchto webov\u00fdch str\u00e1nk\u00e1ch. Na va\u0161em za\u0159\u00edzen\u00ed bude ulo\u017een soubor cookie pro odhl\u00e1\u0161en\u00ed z t\u00e9to webov\u00e9 str\u00e1nky. Pokud soubory cookie v tomto prohl\u00ed\u017ee\u010di vyma\u017eete, mus\u00edte na tento odkaz kliknout znovu.<\/p>\n<p><b>Informace, vymaz\u00e1n\u00ed, blokov\u00e1n\u00ed<\/b><\/p>\n<p>M\u00e1te pr\u00e1vo na bezplatn\u00e9 informace o sv\u00fdch ulo\u017een\u00fdch osobn\u00edch \u00fadaj\u00edch, jejich p\u016fvodu a p\u0159\u00edjemci a \u00fa\u010delu zpracov\u00e1n\u00ed \u00fadaj\u016f, jako\u017e i pr\u00e1vo na opravu, zablokov\u00e1n\u00ed nebo vymaz\u00e1n\u00ed t\u011bchto \u00fadaj\u016f kdykoli. V p\u0159\u00edpad\u011b dal\u0161\u00edch dotaz\u016f t\u00fdkaj\u00edc\u00edch se osobn\u00edch \u00fadaj\u016f n\u00e1s m\u016f\u017eete kdykoli kontaktovat na adrese uveden\u00e9 v pr\u00e1vn\u00edm upozorn\u011bn\u00ed.<\/p>\n<p><b>N\u00e1mitka proti reklamn\u00edm mail\u016fm<\/b><\/p>\n<p>T\u00edmto vzn\u00e1\u0161\u00edme n\u00e1mitku proti pou\u017eit\u00ed kontaktn\u00edch \u00fadaj\u016f zve\u0159ejn\u011bn\u00fdch v r\u00e1mci na\u0161\u00ed povinnosti poskytnout z\u00e1konn\u00e9 ozn\u00e1men\u00ed za \u00fa\u010delem zas\u00edl\u00e1n\u00ed nevy\u017e\u00e1dan\u00fdch reklamn\u00edch a informa\u010dn\u00edch materi\u00e1l\u016f. Provozovatel\u00e9 t\u011bchto webov\u00fdch str\u00e1nek si v\u00fdslovn\u011b vyhrazuj\u00ed pr\u00e1vo podniknout pr\u00e1vn\u00ed kroky v p\u0159\u00edpad\u011b nevy\u017e\u00e1dan\u00e9ho zas\u00edl\u00e1n\u00ed reklamn\u00edch informac\u00ed, nap\u0159. nevy\u017e\u00e1dan\u00fdch e-mail\u016f.&nbsp;<\/p>\n<p><span style=\"font-size: 17.6px;\">Sendinblue (Brevo) je marketingov\u00e1 platforma, kter\u00e1 n\u00e1m umo\u017e\u0148uje rozli\u0161ovat c\u00edlov\u00e9 skupiny a zas\u00edlat marketingov\u00e1 sd\u011blen\u00ed e-mailem. Na klientovi u\u017eivatele nejsou nastaveny \u017e\u00e1dn\u00e9 soubory cookie v technick\u00e9m smyslu, ale technick\u00e9 a osobn\u00ed \u00fadaje, jako je IP adresa, jsou p\u0159en\u00e1\u0161eny z klienta na server poskytovatele slu\u017eby, aby bylo mo\u017en\u00e9 slu\u017ebu pou\u017e\u00edvat.<br><\/span><\/p>\n<p><b>P\u0159elo\u017eitTisk<br><\/b><span style=\"font-size: 17.6px;\">TranslatePress je v\u00edcejazy\u010dn\u00fd syst\u00e9m pro webov\u00e9 str\u00e1nky WordPress. Soubory cookie ukl\u00e1daj\u00ed jazyk u\u017eivatele a mohou ho p\u0159esm\u011brovat na verzi webu, kter\u00e1 odpov\u00edd\u00e1 jazyku prohl\u00ed\u017ee\u010de u\u017eivatele.<br><\/span><\/p>\n<p><b>Elementor a formul\u00e1\u0159e Elementor<br><\/b><span style=\"font-size: 17.6px;\">Elementor umo\u017e\u0148uje navrhnout rozvr\u017een\u00ed t\u011bchto webov\u00fdch str\u00e1nek tak, aby byly atraktivn\u011bj\u0161\u00ed a u\u017eivatelsky p\u0159\u00edv\u011btiv\u011bj\u0161\u00ed. Shrom\u00e1\u017ed\u011bn\u00e9 \u00fadaje se nepou\u017e\u00edvaj\u00ed pro \u00fa\u010dely anal\u00fdzy, ale pouze k zaji\u0161t\u011bn\u00ed toho, aby se nap\u0159\u00edklad skryt\u00e9 prvky nezobrazovaly znovu b\u011bhem n\u011bkolika aktivn\u00edch relac\u00ed. Soubory cookie nebo technologie podobn\u00e9 soubor\u016fm cookie lze ukl\u00e1dat a \u010d\u00edst. Ty se pou\u017e\u00edvaj\u00ed k ukl\u00e1d\u00e1n\u00ed po\u010dtu zobrazen\u00ed str\u00e1nek a aktivn\u00edch relac\u00ed u\u017eivatele. Opr\u00e1vn\u011bn\u00fd z\u00e1jem na pou\u017e\u00edv\u00e1n\u00ed t\u00e9to slu\u017eby spo\u010d\u00edv\u00e1 v jednoduch\u00e9 a u\u017eivatelsky p\u0159\u00edv\u011btiv\u00e9 implementaci pou\u017e\u00edvan\u00fdch rozvr\u017een\u00ed.<\/span><\/p>\n<p><span style=\"font-size: 17.6px;\">Wir verwenden Google reCAPTCHA, um unsere Formulare vor Spam zu sch\u00fctzen. Du musst akzeptieren, Google reCAPTCHA zu laden, um uns eine Nachricht \u00fcber das Formular senden zu k\u00f6nnen. Alternativ kannst du uns von deinem eigenen E-Mail-Client aus eine E-Mail an info@steuber.net senden.<\/span><\/p>\n<p><strong>&nbsp;<\/strong><\/p>\n<p><strong>Zm\u011bny na\u0161ich z\u00e1sad ochrany osobn\u00edch \u00fadaj\u016f<\/strong><\/p>\n<p>Vyhrazujeme si pr\u00e1vo zm\u011bnit tyto z\u00e1sady ochrany osobn\u00edch \u00fadaj\u016f tak, aby v\u017edy odpov\u00eddaly aktu\u00e1ln\u00edm pr\u00e1vn\u00edm po\u017eadavk\u016fm, nebo prov\u00e9st zm\u011bny na\u0161ich slu\u017eeb v z\u00e1sad\u00e1ch ochrany osobn\u00edch \u00fadaj\u016f, nap\u0159. p\u0159i zav\u00e1d\u011bn\u00ed nov\u00fdch slu\u017eeb. Nov\u00e9 z\u00e1sady ochrany osobn\u00edch \u00fadaj\u016f pak budou platit p\u0159i va\u0161\u00ed dal\u0161\u00ed n\u00e1v\u0161t\u011bv\u011b.<\/p>\n<p><strong>&nbsp;<\/strong><\/p>\n<p><strong>Ot\u00e1zky pro pov\u011b\u0159ence pro ochranu osobn\u00edch \u00fadaj\u016f<\/strong><\/p>\n<p>M\u00e1te-li jak\u00e9koli dotazy t\u00fdkaj\u00edc\u00ed se ochrany \u00fadaj\u016f, za\u0161lete n\u00e1m e-mail:<\/p>\n<p>Christian Gelbke<br><a href=\"mailto:datenschutz@steuber.net\">datenschutz@steuber.net<\/a><\/p>\n<p>Zdroje: e-recht24.de, activemind.de<\/p>\t\t\t\t\t\t\t\t<\/div>\n\t\t\t\t<\/div>\n\t\t\t\t<\/div>\n\t\t\t\t<\/div>\n\t\t\t\t<\/div>","protected":false},"excerpt":{"rendered":"<p>Datenschutz Verantwortliche Stelle im Sinne der Datenschutzgesetze, insbesondere der EU-Datenschutzgrundverordnung (DSGVO), ist: Steuber GmbH &amp; Co. KGKrefelder Stra\u00dfe 658DE-41066 M\u00f6nchengladbach Die Betreiber dieser Seiten nehmen den Schutz Ihrer pers\u00f6nlichen Daten sehr ernst. Wir behandeln Ihre personenbezogenen Daten vertraulich und entsprechend der gesetzlichen Datenschutzvorschriften sowie dieser Datenschutzerkl\u00e4rung. Die Nutzung unserer Webseite ist in der Regel ohne [&hellip;]<\/p>\n","protected":false},"author":1,"featured_media":0,"parent":0,"menu_order":0,"comment_status":"closed","ping_status":"closed","template":"","meta":{"_angie_page":false,"footnotes":""},"class_list":["post-3198","page","type-page","status-publish","hentry"],"_links":{"self":[{"href":"https:\/\/steuber.net\/cs\/wp-json\/wp\/v2\/pages\/3198","targetHints":{"allow":["GET"]}}],"collection":[{"href":"https:\/\/steuber.net\/cs\/wp-json\/wp\/v2\/pages"}],"about":[{"href":"https:\/\/steuber.net\/cs\/wp-json\/wp\/v2\/types\/page"}],"author":[{"embeddable":true,"href":"https:\/\/steuber.net\/cs\/wp-json\/wp\/v2\/users\/1"}],"replies":[{"embeddable":true,"href":"https:\/\/steuber.net\/cs\/wp-json\/wp\/v2\/comments?post=3198"}],"version-history":[{"count":3,"href":"https:\/\/steuber.net\/cs\/wp-json\/wp\/v2\/pages\/3198\/revisions"}],"predecessor-version":[{"id":10538,"href":"https:\/\/steuber.net\/cs\/wp-json\/wp\/v2\/pages\/3198\/revisions\/10538"}],"wp:attachment":[{"href":"https:\/\/steuber.net\/cs\/wp-json\/wp\/v2\/media?parent=3198"}],"curies":[{"name":"wp","href":"https:\/\/api.w.org\/{rel}","templated":true}]}}