{"id":10920,"date":"2025-09-22T08:09:15","date_gmt":"2025-09-22T08:09:15","guid":{"rendered":"https:\/\/steuber.net\/?page_id=10920"},"modified":"2025-09-22T09:52:03","modified_gmt":"2025-09-22T09:52:03","slug":"beprint","status":"publish","type":"page","link":"https:\/\/steuber.net\/en\/beprint\/","title":{"rendered":"beprint"},"content":{"rendered":"\t\t<div data-elementor-type=\"wp-page\" data-elementor-id=\"10920\" class=\"elementor elementor-10920\" data-elementor-post-type=\"page\">\n\t\t\t\t<div class=\"elementor-element elementor-element-6197a79b e-con-full e-flex e-con e-parent\" data-id=\"6197a79b\" data-element_type=\"container\" data-e-type=\"container\" data-settings=\"{&quot;background_background&quot;:&quot;classic&quot;}\">\n\t\t<div class=\"elementor-element elementor-element-44a3f415 e-con-full e-flex e-con e-child\" data-id=\"44a3f415\" data-element_type=\"container\" data-e-type=\"container\">\n\t\t\t\t<div class=\"elementor-element elementor-element-2c494cbc elementor-widget elementor-widget-heading\" data-id=\"2c494cbc\" data-element_type=\"widget\" data-e-type=\"widget\" data-widget_type=\"heading.default\">\n\t\t\t\t<div class=\"elementor-widget-container\">\n\t\t\t\t\t<h1 class=\"elementor-heading-title elementor-size-default\">Zukunft gestalten, Prozesse vereinfachen: geb\u00fcndelte Kr\u00e4fte f\u00fcr die neue Generation Web-to-Print.<\/h1>\t\t\t\t<\/div>\n\t\t\t\t<\/div>\n\t\t\t\t<\/div>\n\t\t<div class=\"elementor-element elementor-element-433da7d1 e-con-full e-flex e-con e-child\" data-id=\"433da7d1\" data-element_type=\"container\" data-e-type=\"container\">\n\t\t\t\t<div class=\"elementor-element elementor-element-74cdb5f7 elementor-widget elementor-widget-image\" data-id=\"74cdb5f7\" data-element_type=\"widget\" data-e-type=\"widget\" data-widget_type=\"image.default\">\n\t\t\t\t<div class=\"elementor-widget-container\">\n\t\t\t\t\t\t\t\t\t\t\t\t\t\t\t<img fetchpriority=\"high\" decoding=\"async\" width=\"566\" height=\"335\" src=\"https:\/\/steuber.net\/wp-content\/uploads\/2025\/09\/beprint_engineered_by_lead-printlogo.png\" class=\"attachment-large size-large wp-image-10923\" alt=\"\" srcset=\"https:\/\/steuber.net\/wp-content\/uploads\/2025\/09\/beprint_engineered_by_lead-printlogo.png 566w, https:\/\/steuber.net\/wp-content\/uploads\/2025\/09\/beprint_engineered_by_lead-printlogo-300x178.png 300w, https:\/\/steuber.net\/wp-content\/uploads\/2025\/09\/beprint_engineered_by_lead-printlogo-18x12.png 18w\" sizes=\"(max-width: 566px) 100vw, 566px\" \/>\t\t\t\t\t\t\t\t\t\t\t\t\t\t\t<\/div>\n\t\t\t\t<\/div>\n\t\t\t\t<div class=\"elementor-element elementor-element-3db6e749 elementor-invisible elementor-widget elementor-widget-text-editor\" data-id=\"3db6e749\" data-element_type=\"widget\" data-e-type=\"widget\" data-settings=\"{&quot;_animation&quot;:&quot;fadeIn&quot;,&quot;_animation_delay&quot;:500}\" data-widget_type=\"text-editor.default\">\n\t\t\t\t<div class=\"elementor-widget-container\">\n\t\t\t\t\t\t\t\t\t<h2><strong>Be.print ist die f\u00fchrende Web-to-Print-L\u00f6sung f\u00fcr digitale Workflows in Druckereien.<\/strong><\/h2><p>Die Druck- und Medienbranche steht vor einem entscheidenden Umbruch: Fachkr\u00e4ftemangel, steigender Kostendruck und wachsende Kundenanforderungen erfordern effiziente, skalierbare L\u00f6sungen. Viele Betriebe arbeiten jedoch noch mit Insell\u00f6sungen und manuellen Prozessen \u2013 Potenzial f\u00fcr Effizienz und Transparenz bleibt ungenutzt.<\/p><p>Genau hier setzt die neue Partnerschaft zwischen <strong>Be.Beyond<\/strong> und <strong>Steuber<\/strong> an.<\/p>\t\t\t\t\t\t\t\t<\/div>\n\t\t\t\t<\/div>\n\t\t\t\t<div class=\"elementor-element elementor-element-764ebef1 elementor-widget elementor-widget-button\" data-id=\"764ebef1\" data-element_type=\"widget\" data-e-type=\"widget\" data-widget_type=\"button.default\">\n\t\t\t\t<div class=\"elementor-widget-container\">\n\t\t\t\t\t\t\t\t\t<div class=\"elementor-button-wrapper\">\n\t\t\t\t\t<a class=\"elementor-button elementor-button-link elementor-size-sm\" href=\"#beraten\">\n\t\t\t\t\t\t<span class=\"elementor-button-content-wrapper\">\n\t\t\t\t\t\t\t\t\t<span class=\"elementor-button-text\">Jetzt beraten lassen<\/span>\n\t\t\t\t\t<\/span>\n\t\t\t\t\t<\/a>\n\t\t\t\t<\/div>\n\t\t\t\t\t\t\t\t<\/div>\n\t\t\t\t<\/div>\n\t\t\t\t<\/div>\n\t\t<div class=\"elementor-element elementor-element-55e3bd6a e-con-full e-flex e-con e-child\" data-id=\"55e3bd6a\" data-element_type=\"container\" data-e-type=\"container\">\n\t\t\t\t<div class=\"elementor-element elementor-element-6a0033b3 elementor-invisible elementor-widget elementor-widget-image\" data-id=\"6a0033b3\" data-element_type=\"widget\" data-e-type=\"widget\" data-settings=\"{&quot;_animation&quot;:&quot;fadeInUp&quot;}\" data-widget_type=\"image.default\">\n\t\t\t\t<div class=\"elementor-widget-container\">\n\t\t\t\t\t\t\t\t\t\t\t\t\t\t\t<img decoding=\"async\" width=\"800\" height=\"560\" src=\"https:\/\/steuber.net\/wp-content\/uploads\/2025\/09\/beprint-referenz.jpg\" class=\"attachment-large size-large wp-image-10940\" alt=\"\" srcset=\"https:\/\/steuber.net\/wp-content\/uploads\/2025\/09\/beprint-referenz.jpg 1000w, https:\/\/steuber.net\/wp-content\/uploads\/2025\/09\/beprint-referenz-300x210.jpg 300w, https:\/\/steuber.net\/wp-content\/uploads\/2025\/09\/beprint-referenz-768x538.jpg 768w, https:\/\/steuber.net\/wp-content\/uploads\/2025\/09\/beprint-referenz-18x12.jpg 18w\" sizes=\"(max-width: 800px) 100vw, 800px\" \/>\t\t\t\t\t\t\t\t\t\t\t\t\t\t\t<\/div>\n\t\t\t\t<\/div>\n\t\t\t\t<\/div>\n\t\t\t\t<\/div>\n\t\t<div class=\"elementor-element elementor-element-7821c3d4 e-con-full e-flex e-con e-parent\" data-id=\"7821c3d4\" data-element_type=\"container\" data-e-type=\"container\" data-settings=\"{&quot;background_background&quot;:&quot;classic&quot;}\">\n\t\t<div class=\"elementor-element elementor-element-141738ec e-con-full e-flex e-con e-child\" data-id=\"141738ec\" data-element_type=\"container\" data-e-type=\"container\" data-settings=\"{&quot;background_background&quot;:&quot;classic&quot;}\">\n\t\t\t\t<div class=\"elementor-element elementor-element-3d6d01d8 elementor-invisible elementor-widget elementor-widget-image\" data-id=\"3d6d01d8\" data-element_type=\"widget\" data-e-type=\"widget\" data-settings=\"{&quot;_animation&quot;:&quot;fadeInLeft&quot;}\" data-widget_type=\"image.default\">\n\t\t\t\t<div class=\"elementor-widget-container\">\n\t\t\t\t\t\t\t\t\t\t\t\t\t\t\t<img decoding=\"async\" width=\"1000\" height=\"667\" src=\"https:\/\/steuber.net\/wp-content\/uploads\/2025\/09\/beprint-referenz-stoha.png\" class=\"attachment-full size-full wp-image-10942\" alt=\"be.print\" srcset=\"https:\/\/steuber.net\/wp-content\/uploads\/2025\/09\/beprint-referenz-stoha.png 1000w, https:\/\/steuber.net\/wp-content\/uploads\/2025\/09\/beprint-referenz-stoha-300x200.png 300w, https:\/\/steuber.net\/wp-content\/uploads\/2025\/09\/beprint-referenz-stoha-768x512.png 768w, https:\/\/steuber.net\/wp-content\/uploads\/2025\/09\/beprint-referenz-stoha-18x12.png 18w\" sizes=\"(max-width: 1000px) 100vw, 1000px\" \/>\t\t\t\t\t\t\t\t\t\t\t\t\t\t\t<\/div>\n\t\t\t\t<\/div>\n\t\t\t\t<\/div>\n\t\t<div class=\"elementor-element elementor-element-3a435192 e-con-full e-flex e-con e-child\" data-id=\"3a435192\" data-element_type=\"container\" data-e-type=\"container\" data-settings=\"{&quot;background_background&quot;:&quot;classic&quot;}\">\n\t\t\t\t<div class=\"elementor-element elementor-element-610089af elementor-widget elementor-widget-text-editor\" data-id=\"610089af\" data-element_type=\"widget\" data-e-type=\"widget\" data-widget_type=\"text-editor.default\">\n\t\t\t\t<div class=\"elementor-widget-container\">\n\t\t\t\t\t\t\t\t\t<p><strong>Be.Beyond <\/strong>ist Spezialist f\u00fcr digitale Workflows und entwickelt modulare, praxisnahe <strong>Web-to-Print-L\u00f6sungen<\/strong>. Mit <strong>be.print<\/strong> werden alle Prozessschritte von der Bestellung \u00fcber die Freigabe bis hin zur Produktion vollst\u00e4ndig digitalisiert und mit bestehenden ERP-Systemen vernetzt.<\/p><p><strong>Steuber <\/strong>z\u00e4hlt zu den f\u00fchrenden Systemh\u00e4usern der Druck- und Medienindustrie. Mit einem klaren Fokus auf <strong>Prozessoptimierung, Digitalisierung und partnerschaftliche Beratung<\/strong> unterst\u00fctzt Steuber seine Kunden dabei, ihre Produktion effizienter, vernetzter und zukunftsf\u00e4hig zu gestalten.<\/p><p>Im Mittelpunkt der Kooperation steht die Integration der modularen <strong>Web-to-Print-L\u00f6sung be.print<\/strong> in das Steuber-Produktportfolio.<\/p>\t\t\t\t\t\t\t\t<\/div>\n\t\t\t\t<\/div>\n\t\t\t\t<div class=\"elementor-element elementor-element-7e3bf5ac elementor-widget elementor-widget-text-editor\" data-id=\"7e3bf5ac\" data-element_type=\"widget\" data-e-type=\"widget\" data-widget_type=\"text-editor.default\">\n\t\t\t\t<div class=\"elementor-widget-container\">\n\t\t\t\t\t\t\t\t\t<ul><li><strong>Technologie trifft Beratung:<\/strong> be.print digitalisiert Bestell-, Freigabe- und Produktionsprozesse und bindet sie an bestehende ERP-Systeme an.<\/li><li><strong>Marktn\u00e4he trifft Innovationskraft:<\/strong> Steuber bringt technisches Know-how, tiefes Branchenverst\u00e4ndnis und ein breites Vertriebsnetz ein.<\/li><li><strong>Ein Gesamtpaket f\u00fcr Druckereien:<\/strong> Hardware, Software und Beratung aus einer Hand \u2013 perfekt abgestimmt und auf Effizienz ausgelegt.<\/li><\/ul>\t\t\t\t\t\t\t\t<\/div>\n\t\t\t\t<\/div>\n\t\t\t\t<\/div>\n\t\t\t\t<\/div>\n\t\t<div class=\"elementor-element elementor-element-6282b98a e-con-full e-flex e-con e-parent\" data-id=\"6282b98a\" data-element_type=\"container\" data-e-type=\"container\" data-settings=\"{&quot;background_background&quot;:&quot;classic&quot;}\">\n\t\t<div class=\"elementor-element elementor-element-51d4958c e-con-full e-flex e-con e-child\" data-id=\"51d4958c\" data-element_type=\"container\" data-e-type=\"container\" data-settings=\"{&quot;background_background&quot;:&quot;classic&quot;}\">\n\t\t\t\t<div class=\"elementor-element elementor-element-464f317b elementor-widget elementor-widget-heading\" data-id=\"464f317b\" data-element_type=\"widget\" data-e-type=\"widget\" data-widget_type=\"heading.default\">\n\t\t\t\t<div class=\"elementor-widget-container\">\n\t\t\t\t\t<h2 class=\"elementor-heading-title elementor-size-default\">Vorteile f\u00fcr Kunden<\/h2>\t\t\t\t<\/div>\n\t\t\t\t<\/div>\n\t\t\t\t<div class=\"elementor-element elementor-element-705315f8 elementor-widget elementor-widget-text-editor\" data-id=\"705315f8\" data-element_type=\"widget\" data-e-type=\"widget\" data-widget_type=\"text-editor.default\">\n\t\t\t\t<div class=\"elementor-widget-container\">\n\t\t\t\t\t\t\t\t\t<p>Alte Software bremst Ihre Produktivit\u00e4t? Mit <strong>Keyline<\/strong> geh\u00f6rt das der Vergangenheit an. Als <strong>cloudbasiertes MIS\/ERP-System<\/strong> wurde Keyline speziell f\u00fcr die Anforderungen der modernen Druckindustrie entwickelt.<\/p>\t\t\t\t\t\t\t\t<\/div>\n\t\t\t\t<\/div>\n\t\t\t\t<div class=\"elementor-element elementor-element-7e958de1 elementor-widget elementor-widget-text-editor\" data-id=\"7e958de1\" data-element_type=\"widget\" data-e-type=\"widget\" data-widget_type=\"text-editor.default\">\n\t\t\t\t<div class=\"elementor-widget-container\">\n\t\t\t\t\t\t\t\t\t<p><strong>Bedarfsgerecht, kosteng\u00fcnstig und benutzerfreundlich: be.print ist die f\u00fchrende Web-to-Print-L\u00f6sung <\/strong><\/p><p>Mit be.print erhalten Sie nicht nur eine Software, sondern ein durchg\u00e4ngiges L\u00f6sungspaket f\u00fcr effiziente, vernetzte Druckprozesse \u2013 und genau hier liegen Ihre Vorteile.<\/p><ul><li><strong>Komplette Digitalisierung:<\/strong> Von der Bestellung bis zur Produktion \u2013 alle Schritte in einem Workflow<\/li><li><strong>Nahtlose Integration:<\/strong> be.print passt sich modular an Ihre bestehenden Systeme an<\/li><li><strong>Mehr Effizienz:<\/strong> Weniger manuelle Arbeit, weniger Fehler, k\u00fcrzere Durchlaufzeiten<\/li><li><strong>Zukunftssicher:<\/strong> Skalierbar f\u00fcr wachsende Anforderungen<\/li><li><strong>Alles aus einer Hand:<\/strong> Beratung, Technik und Software perfekt kombiniert<\/li><\/ul><p>\u00a0<\/p><p>Erfahren Sie mehr \u00fcber be.print, Praxisbeispiele und die M\u00f6glichkeiten der Integration unter <a href=\"http:\/\/www.be-print.app\" target=\"_blank\" rel=\"noopener\">www.be-print.app<\/a><\/p><p>\u00a0<\/p><p>Lassen Sie sich jetzt ganz unverbindlich beraten. Wir freuen uns auf Ihre Anfrage.<\/p>\t\t\t\t\t\t\t\t<\/div>\n\t\t\t\t<\/div>\n\t\t\t\t<div class=\"elementor-element elementor-element-43931545 elementor-widget elementor-widget-button\" data-id=\"43931545\" data-element_type=\"widget\" data-e-type=\"widget\" data-widget_type=\"button.default\">\n\t\t\t\t<div class=\"elementor-widget-container\">\n\t\t\t\t\t\t\t\t\t<div class=\"elementor-button-wrapper\">\n\t\t\t\t\t<a class=\"elementor-button elementor-button-link elementor-size-sm\" href=\"#beraten\">\n\t\t\t\t\t\t<span class=\"elementor-button-content-wrapper\">\n\t\t\t\t\t\t\t\t\t<span class=\"elementor-button-text\">Jetzt beraten lassen<\/span>\n\t\t\t\t\t<\/span>\n\t\t\t\t\t<\/a>\n\t\t\t\t<\/div>\n\t\t\t\t\t\t\t\t<\/div>\n\t\t\t\t<\/div>\n\t\t\t\t<\/div>\n\t\t<div class=\"elementor-element elementor-element-11c0a120 e-con-full e-flex e-con e-child\" data-id=\"11c0a120\" data-element_type=\"container\" data-e-type=\"container\" data-settings=\"{&quot;background_background&quot;:&quot;classic&quot;}\">\n\t\t\t\t<div class=\"elementor-element elementor-element-7281991f elementor-invisible elementor-widget elementor-widget-image\" data-id=\"7281991f\" data-element_type=\"widget\" data-e-type=\"widget\" data-settings=\"{&quot;_animation&quot;:&quot;fadeInUp&quot;}\" data-widget_type=\"image.default\">\n\t\t\t\t<div class=\"elementor-widget-container\">\n\t\t\t\t\t\t\t\t\t\t\t\t\t\t\t<img loading=\"lazy\" decoding=\"async\" width=\"1000\" height=\"625\" src=\"https:\/\/steuber.net\/wp-content\/uploads\/2025\/09\/beprint-referenz-graf.png\" class=\"attachment-full size-full wp-image-10941\" alt=\"be.print\" srcset=\"https:\/\/steuber.net\/wp-content\/uploads\/2025\/09\/beprint-referenz-graf.png 1000w, https:\/\/steuber.net\/wp-content\/uploads\/2025\/09\/beprint-referenz-graf-300x188.png 300w, https:\/\/steuber.net\/wp-content\/uploads\/2025\/09\/beprint-referenz-graf-768x480.png 768w, https:\/\/steuber.net\/wp-content\/uploads\/2025\/09\/beprint-referenz-graf-18x12.png 18w\" sizes=\"(max-width: 1000px) 100vw, 1000px\" \/>\t\t\t\t\t\t\t\t\t\t\t\t\t\t\t<\/div>\n\t\t\t\t<\/div>\n\t\t\t\t<\/div>\n\t\t\t\t<\/div>\n\t\t<div class=\"elementor-element elementor-element-31c74423 e-con-full e-flex e-con e-parent\" data-id=\"31c74423\" data-element_type=\"container\" data-e-type=\"container\" id=\"beraten\">\n\t\t<div class=\"elementor-element elementor-element-3e4d6872 e-con-full e-flex e-con e-child\" data-id=\"3e4d6872\" data-element_type=\"container\" data-e-type=\"container\">\n\t\t\t\t<div class=\"elementor-element elementor-element-12cb0d21 elementor-widget elementor-widget-heading\" data-id=\"12cb0d21\" data-element_type=\"widget\" data-e-type=\"widget\" data-widget_type=\"heading.default\">\n\t\t\t\t<div class=\"elementor-widget-container\">\n\t\t\t\t\t<h3 class=\"elementor-heading-title elementor-size-default\">Interesse geweckt? Fordern Sie weitere Informationen an oder vereinbaren Sie eine pers\u00f6nliche Beratung.<\/h3>\t\t\t\t<\/div>\n\t\t\t\t<\/div>\n\t\t\t\t<div class=\"elementor-element elementor-element-5360a859 elementor-button-align-stretch elementor-widget elementor-widget-form\" data-id=\"5360a859\" data-element_type=\"widget\" data-e-type=\"widget\" data-settings=\"{&quot;step_next_label&quot;:&quot;N\\u00e4chster&quot;,&quot;step_previous_label&quot;:&quot;Vorheriger&quot;,&quot;button_width&quot;:&quot;100&quot;,&quot;step_type&quot;:&quot;number_text&quot;,&quot;step_icon_shape&quot;:&quot;circle&quot;}\" data-widget_type=\"form.default\">\n\t\t\t\t<div class=\"elementor-widget-container\">\n\t\t\t\t\t\t\t<form class=\"elementor-form\" method=\"post\" name=\"Keyline Anfrage\" aria-label=\"Keyline Anfrage\">\n\t\t\t<input type=\"hidden\" name=\"post_id\" value=\"10920\"\/>\n\t\t\t<input type=\"hidden\" name=\"form_id\" value=\"5360a859\"\/>\n\t\t\t<input type=\"hidden\" name=\"referer_title\" value=\"beprint - Steuber GmbH &amp; Co. KG\" \/>\n\n\t\t\t\t\t\t\t<input type=\"hidden\" name=\"queried_id\" value=\"10920\"\/>\n\t\t\t\n\t\t\t<div class=\"elementor-form-fields-wrapper elementor-labels-\">\n\t\t\t\t\t\t\t\t<div class=\"elementor-field-type-step elementor-field-group elementor-column elementor-field-group-field_509d32a elementor-col-100\">\n\t\t\t\t\t\t\t<div class=\"e-field-step elementor-hidden\" data-label=\"\" data-previousButton=\"\" data-nextButton=\"\" data-iconUrl=\"\" data-iconLibrary=\"fas fa-star\" data-icon=\"\" ><\/div>\n\n\t\t\t\t\t\t<\/div>\n\t\t\t\t\t\t\t\t<div class=\"elementor-field-type-text elementor-field-group elementor-column elementor-field-group-name elementor-col-100 elementor-field-required\">\n\t\t\t\t\t\t\t\t\t\t\t\t<label for=\"form-field-name\" class=\"elementor-field-label elementor-screen-only\">\n\t\t\t\t\t\t\t\tFirma\t\t\t\t\t\t\t<\/label>\n\t\t\t\t\t\t\t\t\t\t\t\t\t\t<input size=\"1\" type=\"text\" name=\"form_fields[name]\" id=\"form-field-name\" class=\"elementor-field elementor-size-lg  elementor-field-textual\" placeholder=\"Firma\" required=\"required\">\n\t\t\t\t\t\t\t\t\t\t\t<\/div>\n\t\t\t\t\t\t\t\t<div class=\"elementor-field-type-text elementor-field-group elementor-column elementor-field-group-field_b08557d elementor-col-100\">\n\t\t\t\t\t\t\t\t\t\t\t\t<label for=\"form-field-field_b08557d\" class=\"elementor-field-label elementor-screen-only\">\n\t\t\t\t\t\t\t\tName\t\t\t\t\t\t\t<\/label>\n\t\t\t\t\t\t\t\t\t\t\t\t\t\t<input size=\"1\" type=\"text\" name=\"form_fields[field_b08557d]\" id=\"form-field-field_b08557d\" class=\"elementor-field elementor-size-lg  elementor-field-textual\" placeholder=\"Name\">\n\t\t\t\t\t\t\t\t\t\t\t<\/div>\n\t\t\t\t\t\t\t\t<div class=\"elementor-field-type-text elementor-field-group elementor-column elementor-field-group-field_17ae028 elementor-col-100 elementor-field-required\">\n\t\t\t\t\t\t\t\t\t\t\t\t<label for=\"form-field-field_17ae028\" class=\"elementor-field-label elementor-screen-only\">\n\t\t\t\t\t\t\t\tVorname\t\t\t\t\t\t\t<\/label>\n\t\t\t\t\t\t\t\t\t\t\t\t\t\t<input size=\"1\" type=\"text\" name=\"form_fields[field_17ae028]\" id=\"form-field-field_17ae028\" class=\"elementor-field elementor-size-lg  elementor-field-textual\" placeholder=\"Vorname\" required=\"required\">\n\t\t\t\t\t\t\t\t\t\t\t<\/div>\n\t\t\t\t\t\t\t\t<div class=\"elementor-field-type-step elementor-field-group elementor-column elementor-field-group-field_4e1afb9 elementor-col-100\">\n\t\t\t\t\t\t\t<div class=\"e-field-step elementor-hidden\" data-label=\"\" data-previousButton=\"\" data-nextButton=\"\" data-iconUrl=\"\" data-iconLibrary=\"fas fa-star\" data-icon=\"\" ><\/div>\n\n\t\t\t\t\t\t<\/div>\n\t\t\t\t\t\t\t\t<div class=\"elementor-field-type-email elementor-field-group elementor-column elementor-field-group-email elementor-col-100 elementor-field-required\">\n\t\t\t\t\t\t\t\t\t\t\t\t<label for=\"form-field-email\" class=\"elementor-field-label elementor-screen-only\">\n\t\t\t\t\t\t\t\tE-Mail\t\t\t\t\t\t\t<\/label>\n\t\t\t\t\t\t\t\t\t\t\t\t\t\t<input size=\"1\" type=\"email\" name=\"form_fields[email]\" id=\"form-field-email\" class=\"elementor-field elementor-size-lg  elementor-field-textual\" placeholder=\"E-Mail\" required=\"required\">\n\t\t\t\t\t\t\t\t\t\t\t<\/div>\n\t\t\t\t\t\t\t\t<div class=\"elementor-field-type-text elementor-field-group elementor-column elementor-field-group-field_e656e38 elementor-col-100\">\n\t\t\t\t\t\t\t\t\t\t\t\t<label for=\"form-field-field_e656e38\" class=\"elementor-field-label elementor-screen-only\">\n\t\t\t\t\t\t\t\tTelefon\t\t\t\t\t\t\t<\/label>\n\t\t\t\t\t\t\t\t\t\t\t\t\t\t<input size=\"1\" type=\"text\" name=\"form_fields[field_e656e38]\" id=\"form-field-field_e656e38\" class=\"elementor-field elementor-size-lg  elementor-field-textual\" placeholder=\"Telefon\">\n\t\t\t\t\t\t\t\t\t\t\t<\/div>\n\t\t\t\t\t\t\t\t<div class=\"elementor-field-type-text\">\n\t\t\t\t\t<input size=\"1\" type=\"text\" name=\"form_fields[field_cc312f1]\" id=\"form-field-field_cc312f1\" class=\"elementor-field elementor-size-lg \" style=\"display:none !important;\">\t\t\t\t<\/div>\n\t\t\t\t\t\t\t\t<div class=\"elementor-field-type-step elementor-field-group elementor-column elementor-field-group-field_8688273 elementor-col-100\">\n\t\t\t\t\t\t\t<div class=\"e-field-step elementor-hidden\" data-label=\"\" data-previousButton=\"\" data-nextButton=\"\" data-iconUrl=\"\" data-iconLibrary=\"fas fa-star\" data-icon=\"\" ><\/div>\n\n\t\t\t\t\t\t<\/div>\n\t\t\t\t\t\t\t\t<div class=\"elementor-field-type-checkbox elementor-field-group elementor-column elementor-field-group-field_5452054 elementor-col-100\">\n\t\t\t\t\t\t\t\t\t\t\t\t<label for=\"form-field-field_5452054\" class=\"elementor-field-label elementor-screen-only\">\n\t\t\t\t\t\t\t\tGrund\t\t\t\t\t\t\t<\/label>\n\t\t\t\t\t\t<div class=\"elementor-field-subgroup  \"><span class=\"elementor-field-option\"><input type=\"checkbox\" value=\"Ich nutze bereits ein MIS\/ERP-System\" id=\"form-field-field_5452054-0\" name=\"form_fields[field_5452054][]\"> <label for=\"form-field-field_5452054-0\">Ich nutze bereits ein MIS\/ERP-System<\/label><\/span><span class=\"elementor-field-option\"><input type=\"checkbox\" value=\"Ich nutze noch kein MIS\/ERP-System\" id=\"form-field-field_5452054-1\" name=\"form_fields[field_5452054][]\"> <label for=\"form-field-field_5452054-1\">Ich nutze noch kein MIS\/ERP-System<\/label><\/span><\/div>\t\t\t\t<\/div>\n\t\t\t\t\t\t\t\t<div class=\"elementor-field-type-textarea elementor-field-group elementor-column elementor-field-group-message elementor-col-100\">\n\t\t\t\t\t\t\t\t\t\t\t\t<label for=\"form-field-message\" class=\"elementor-field-label elementor-screen-only\">\n\t\t\t\t\t\t\t\tNachricht\t\t\t\t\t\t\t<\/label>\n\t\t\t\t\t\t<textarea class=\"elementor-field-textual elementor-field  elementor-size-lg\" name=\"form_fields[message]\" id=\"form-field-message\" rows=\"4\" placeholder=\"Name des Systems\"><\/textarea>\t\t\t\t<\/div>\n\t\t\t\t\t\t\t\t<div class=\"elementor-field-type-text\">\n\t\t\t\t\t<input size=\"1\" type=\"text\" name=\"form_fields[field_4d65c3a]\" id=\"form-field-field_4d65c3a\" class=\"elementor-field elementor-size-lg \" style=\"display:none !important;\">\t\t\t\t<\/div>\n\t\t\t\t\t\t\t\t<div class=\"elementor-field-type-acceptance elementor-field-group elementor-column elementor-field-group-field_e8d0c4d elementor-col-100 elementor-field-required\">\n\t\t\t\t\t\t\t<div class=\"elementor-field-subgroup\">\n\t\t\t<span class=\"elementor-field-option\">\n\t\t\t\t<input type=\"checkbox\" name=\"form_fields[field_e8d0c4d]\" id=\"form-field-field_e8d0c4d\" class=\"elementor-field elementor-size-lg  elementor-acceptance-field\" required=\"required\">\n\t\t\t\t<label for=\"form-field-field_e8d0c4d\">Ich habe die Datenschutzerkl\u00e4rung zur Kenntnis genommen.<\/label>\t\t\t<\/span>\n\t\t<\/div>\n\t\t\t\t\t\t<\/div>\n\t\t\t\t\t\t\t\t<div class=\"elementor-field-group elementor-column elementor-field-type-submit elementor-col-100 e-form__buttons\">\n\t\t\t\t\t<button class=\"elementor-button elementor-size-sm\" type=\"submit\">\n\t\t\t\t\t\t<span class=\"elementor-button-content-wrapper\">\n\t\t\t\t\t\t\t\t\t\t\t\t\t\t\t\t\t\t\t\t\t\t<span class=\"elementor-button-text\">Jetzt unverbindlich anfragen!<\/span>\n\t\t\t\t\t\t\t\t\t\t\t\t\t<\/span>\n\t\t\t\t\t<\/button>\n\t\t\t\t<\/div>\n\t\t\t<\/div>\n\t\t<\/form>\n\t\t\t\t\t\t<\/div>\n\t\t\t\t<\/div>\n\t\t\t\t<\/div>\n\t\t\t\t<\/div>\n\t\t\t\t<\/div>\n\t\t","protected":false},"excerpt":{"rendered":"<p>Zukunft gestalten, Prozesse vereinfachen: geb\u00fcndelte Kr\u00e4fte f\u00fcr die neue Generation Web-to-Print. Be.print ist die f\u00fchrende Web-to-Print-L\u00f6sung f\u00fcr digitale Workflows in Druckereien. Die Druck- und Medienbranche steht vor einem entscheidenden Umbruch: Fachkr\u00e4ftemangel, steigender Kostendruck und wachsende Kundenanforderungen erfordern effiziente, skalierbare L\u00f6sungen. Viele Betriebe arbeiten jedoch noch mit Insell\u00f6sungen und manuellen Prozessen \u2013 Potenzial f\u00fcr Effizienz und [&hellip;]<\/p>\n","protected":false},"author":1,"featured_media":0,"parent":0,"menu_order":0,"comment_status":"closed","ping_status":"closed","template":"","meta":{"footnotes":""},"class_list":["post-10920","page","type-page","status-publish","hentry"],"_links":{"self":[{"href":"https:\/\/steuber.net\/en\/wp-json\/wp\/v2\/pages\/10920","targetHints":{"allow":["GET"]}}],"collection":[{"href":"https:\/\/steuber.net\/en\/wp-json\/wp\/v2\/pages"}],"about":[{"href":"https:\/\/steuber.net\/en\/wp-json\/wp\/v2\/types\/page"}],"author":[{"embeddable":true,"href":"https:\/\/steuber.net\/en\/wp-json\/wp\/v2\/users\/1"}],"replies":[{"embeddable":true,"href":"https:\/\/steuber.net\/en\/wp-json\/wp\/v2\/comments?post=10920"}],"version-history":[{"count":19,"href":"https:\/\/steuber.net\/en\/wp-json\/wp\/v2\/pages\/10920\/revisions"}],"predecessor-version":[{"id":10948,"href":"https:\/\/steuber.net\/en\/wp-json\/wp\/v2\/pages\/10920\/revisions\/10948"}],"wp:attachment":[{"href":"https:\/\/steuber.net\/en\/wp-json\/wp\/v2\/media?parent=10920"}],"curies":[{"name":"wp","href":"https:\/\/api.w.org\/{rel}","templated":true}]}}