{"id":11314,"date":"2026-03-19T12:43:12","date_gmt":"2026-03-19T12:43:12","guid":{"rendered":"https:\/\/steuber.net\/?page_id=11314"},"modified":"2026-03-19T14:29:19","modified_gmt":"2026-03-19T14:29:19","slug":"supply","status":"publish","type":"page","link":"https:\/\/steuber.net\/en\/supply\/","title":{"rendered":"Steuber Sun Supply Programm"},"content":{"rendered":"<div data-elementor-type=\"wp-page\" data-elementor-id=\"11314\" class=\"elementor elementor-11314\" data-elementor-post-type=\"page\">\n\t\t\t\t<div class=\"elementor-element elementor-element-39369fcf e-con-full e-flex e-con e-parent\" data-id=\"39369fcf\" data-element_type=\"container\" data-e-type=\"container\" data-settings=\"{&quot;background_background&quot;:&quot;classic&quot;}\">\n\t\t<div class=\"elementor-element elementor-element-a1a6603 e-con-full e-flex e-con e-child\" data-id=\"a1a6603\" data-element_type=\"container\" data-e-type=\"container\">\n\t\t\t\t<div class=\"elementor-element elementor-element-236e76ab elementor-widget elementor-widget-heading\" data-id=\"236e76ab\" data-element_type=\"widget\" data-e-type=\"widget\" data-widget_type=\"heading.default\">\n\t\t\t\t<div class=\"elementor-widget-container\">\n\t\t\t\t\t<h1 class=\"elementor-heading-title elementor-size-default\">Sie profitieren. <br>\nWir kooperieren.<br>\nSteuber und \nSunChemical.<\/h1>\t\t\t\t<\/div>\n\t\t\t\t<\/div>\n\t\t\t\t<div class=\"elementor-element elementor-element-364a7dc6 elementor-invisible elementor-widget elementor-widget-text-editor\" data-id=\"364a7dc6\" data-element_type=\"widget\" data-e-type=\"widget\" data-settings=\"{&quot;_animation&quot;:&quot;fadeIn&quot;,&quot;_animation_delay&quot;:500}\" data-widget_type=\"text-editor.default\">\n\t\t\t\t<div class=\"elementor-widget-container\">\n\t\t\t\t\t\t\t\t\t<div class=\"partnership-content\"><p class=\"p1\">Das Steuber &amp; SunChemical Supply-Programm: Prozesssicherheit. Qualit\u00e4t. Verl\u00e4sslichkeit.<\/p><\/div>\t\t\t\t\t\t\t\t<\/div>\n\t\t\t\t<\/div>\n\t\t\t\t<\/div>\n\t\t<div class=\"elementor-element elementor-element-3449e506 e-con-full e-flex e-con e-child\" data-id=\"3449e506\" data-element_type=\"container\" data-e-type=\"container\">\n\t\t\t\t<div class=\"elementor-element elementor-element-62b5650 elementor-widget elementor-widget-image\" data-id=\"62b5650\" data-element_type=\"widget\" data-e-type=\"widget\" data-widget_type=\"image.default\">\n\t\t\t\t<div class=\"elementor-widget-container\">\n\t\t\t\t\t\t\t\t\t\t\t\t\t\t\t<img fetchpriority=\"high\" decoding=\"async\" width=\"800\" height=\"800\" src=\"https:\/\/steuber.net\/wp-content\/uploads\/2026\/03\/steuber-sun-chemical-supply-1-1024x1024.webp\" class=\"attachment-large size-large wp-image-11315\" alt=\"\" srcset=\"https:\/\/steuber.net\/wp-content\/uploads\/2026\/03\/steuber-sun-chemical-supply-1-1024x1024.webp 1024w, https:\/\/steuber.net\/wp-content\/uploads\/2026\/03\/steuber-sun-chemical-supply-1-300x300.webp 300w, https:\/\/steuber.net\/wp-content\/uploads\/2026\/03\/steuber-sun-chemical-supply-1-150x150.webp 150w, https:\/\/steuber.net\/wp-content\/uploads\/2026\/03\/steuber-sun-chemical-supply-1-768x768.webp 768w, https:\/\/steuber.net\/wp-content\/uploads\/2026\/03\/steuber-sun-chemical-supply-1-12x12.webp 12w, https:\/\/steuber.net\/wp-content\/uploads\/2026\/03\/steuber-sun-chemical-supply-1.webp 1500w\" sizes=\"(max-width: 800px) 100vw, 800px\" \/>\t\t\t\t\t\t\t\t\t\t\t\t\t\t\t<\/div>\n\t\t\t\t<\/div>\n\t\t\t\t<\/div>\n\t\t\t\t<\/div>\n\t\t<div class=\"elementor-element elementor-element-1baacbbb e-con-full e-flex e-con e-parent\" data-id=\"1baacbbb\" data-element_type=\"container\" data-e-type=\"container\" data-settings=\"{&quot;background_background&quot;:&quot;classic&quot;}\">\n\t\t<div class=\"elementor-element elementor-element-5fefe942 e-con-full e-flex e-con e-child\" data-id=\"5fefe942\" data-element_type=\"container\" data-e-type=\"container\" data-settings=\"{&quot;background_background&quot;:&quot;classic&quot;}\">\n\t\t\t\t<div class=\"elementor-element elementor-element-54ba5ec elementor-widget elementor-widget-image\" data-id=\"54ba5ec\" data-element_type=\"widget\" data-e-type=\"widget\" data-widget_type=\"image.default\">\n\t\t\t\t<div class=\"elementor-widget-container\">\n\t\t\t\t\t\t\t\t\t\t\t\t\t\t\t<img decoding=\"async\" width=\"800\" height=\"800\" src=\"https:\/\/steuber.net\/wp-content\/uploads\/2026\/03\/steuber-sun-chemical-supply-2-1024x1024.webp\" class=\"attachment-large size-large wp-image-11316\" alt=\"\" srcset=\"https:\/\/steuber.net\/wp-content\/uploads\/2026\/03\/steuber-sun-chemical-supply-2-1024x1024.webp 1024w, https:\/\/steuber.net\/wp-content\/uploads\/2026\/03\/steuber-sun-chemical-supply-2-300x300.webp 300w, https:\/\/steuber.net\/wp-content\/uploads\/2026\/03\/steuber-sun-chemical-supply-2-150x150.webp 150w, https:\/\/steuber.net\/wp-content\/uploads\/2026\/03\/steuber-sun-chemical-supply-2-768x768.webp 768w, https:\/\/steuber.net\/wp-content\/uploads\/2026\/03\/steuber-sun-chemical-supply-2-12x12.webp 12w, https:\/\/steuber.net\/wp-content\/uploads\/2026\/03\/steuber-sun-chemical-supply-2.webp 1500w\" sizes=\"(max-width: 800px) 100vw, 800px\" \/>\t\t\t\t\t\t\t\t\t\t\t\t\t\t\t<\/div>\n\t\t\t\t<\/div>\n\t\t\t\t<\/div>\n\t\t<div class=\"elementor-element elementor-element-461c2b4c e-con-full e-flex e-con e-child\" data-id=\"461c2b4c\" data-element_type=\"container\" data-e-type=\"container\" data-settings=\"{&quot;background_background&quot;:&quot;classic&quot;}\">\n\t\t\t\t<div class=\"elementor-element elementor-element-6fa4fb63 elementor-widget elementor-widget-text-editor\" data-id=\"6fa4fb63\" data-element_type=\"widget\" data-e-type=\"widget\" data-widget_type=\"text-editor.default\">\n\t\t\t\t<div class=\"elementor-widget-container\">\n\t\t\t\t\t\t\t\t\t<h2>Begleiten statt nur liefern.<\/h2><p>Das Supply-Programm f\u00fcr Verbrauchsmaterialien und Drucksysteme.<\/p><p class=\"p1\">Die Steuber GmbH &amp; Co. KG und Sun Chemical bieten mit dem Supply-Programm ein ganzheitliches Service- und Betreuungskonzept f\u00fcr Druckereien, die ihre Prozesse stabilisieren, optimieren und zukunftssicher aufstellen m\u00f6chten.<\/p>\t\t\t\t\t\t\t\t<\/div>\n\t\t\t\t<\/div>\n\t\t\t\t<\/div>\n\t\t\t\t<\/div>\n\t\t<div class=\"elementor-element elementor-element-2536087b e-con-full e-flex e-con e-parent\" data-id=\"2536087b\" data-element_type=\"container\" data-e-type=\"container\">\n\t\t<div class=\"elementor-element elementor-element-3a12ddf7 e-con-full e-flex e-con e-child\" data-id=\"3a12ddf7\" data-element_type=\"container\" data-e-type=\"container\" data-settings=\"{&quot;background_background&quot;:&quot;classic&quot;}\">\n\t\t\t\t<div class=\"elementor-element elementor-element-7f1c8b6e elementor-widget elementor-widget-text-editor\" data-id=\"7f1c8b6e\" data-element_type=\"widget\" data-e-type=\"widget\" data-widget_type=\"text-editor.default\">\n\t\t\t\t<div class=\"elementor-widget-container\">\n\t\t\t\t\t\t\t\t\t<h3 class=\"p1\">Wir beraten Sie bei Verbrauchsmaterialien <br \/>und Farben<\/h3><p>Einf\u00fchrung &amp; Betreuung von Verbrauchsmaterialien<\/p><p>Vollumf\u00e4ngliche Unterst\u00fctzung bei der Einf\u00fchrung neuer Produkte wie Druckplatten, Farben, Druckt\u00fccher, Feuchtmittel und Lacke<\/p><h3><br \/>Wir wahren den Standard Ihrer Offset-Prozesse<\/h3><p class=\"p2\">J\u00e4hrliche Maschinenkalibrierung<\/p><p class=\"p2\">Regelm\u00e4\u00dfiges Monitoring des Feuchtwassers (1 \u00d7 pro Quartal)<\/p><h3><br \/>Sonderfarbe direkt aus unserem modernen Farblabor<\/h3><p class=\"p2\">Ausmusterung und Produktion von Sonderfarben \u2013 konventionell, <br \/>migrationsarm und UV<\/p><p class=\"p2\">Betreut von zwei ausgebildeten Medientechnologen Druck, mit direktem Kontakt zum Farblabor<\/p><h3><br \/>Prozessbegleitung und Analyse<\/h3><p class=\"p2\">Produktionsbegleitung und Prozessanalyse durch Anwendungstechniker<\/p><p class=\"p2\">Laboranalysen von Farbe, Lack, Papier und Feuchtmittel.<\/p><p class=\"p2\">Konsignationslager<\/p><p class=\"p2\">Regelm\u00e4\u00dfige Vor-Ort-Besuche und stetige Kommunikation<\/p>\t\t\t\t\t\t\t\t<\/div>\n\t\t\t\t<\/div>\n\t\t\t\t<\/div>\n\t\t<div class=\"elementor-element elementor-element-2fb446bb e-con-full e-flex e-con e-child\" data-id=\"2fb446bb\" data-element_type=\"container\" data-e-type=\"container\" data-settings=\"{&quot;background_background&quot;:&quot;classic&quot;}\">\n\t\t\t\t<div class=\"elementor-element elementor-element-1e868ff elementor-widget elementor-widget-text-editor\" data-id=\"1e868ff\" data-element_type=\"widget\" data-e-type=\"widget\" data-widget_type=\"text-editor.default\">\n\t\t\t\t<div class=\"elementor-widget-container\">\n\t\t\t\t\t\t\t\t\t<h3>Workflow &amp; Vorstufe<\/h3><p>Schulungen und Weiterbildungen vor Ort (z. B. Apogee) Durchsicht und Bewertung Ihres CtP-Systems (ECO3 oder Fuji) Generalvertretung f\u00fcr Vertrieb &amp; Service von SCREEN<\/p><h3><br \/>Alle relevanten Verordnungen erf\u00fcllen<\/h3><p>Wir unterst\u00fctzen die Zertifizierung Nordic Swan, Blauer Engel <br \/>und UZ24<\/p><h3><br \/>Digitale &amp; zus\u00e4tzliche Mehrwerte erhalten<\/h3><p>Free of Charge: Sun Connect inkl. Schulung (digitale Farbmanagementl\u00f6sungen) Digitale Farbkarten<\/p>\t\t\t\t\t\t\t\t<\/div>\n\t\t\t\t<\/div>\n\t\t\t\t<\/div>\n\t\t\t\t<\/div>\n\t\t<div class=\"elementor-element elementor-element-118eafec e-con-full e-flex e-con e-parent\" data-id=\"118eafec\" data-element_type=\"container\" data-e-type=\"container\" data-settings=\"{&quot;background_background&quot;:&quot;classic&quot;}\">\n\t\t<div class=\"elementor-element elementor-element-27c00276 e-con-full e-flex e-con e-child\" data-id=\"27c00276\" data-element_type=\"container\" data-e-type=\"container\" data-settings=\"{&quot;background_background&quot;:&quot;classic&quot;}\">\n\t\t\t\t<div class=\"elementor-element elementor-element-b05ca22 elementor-widget elementor-widget-image\" data-id=\"b05ca22\" data-element_type=\"widget\" data-e-type=\"widget\" data-widget_type=\"image.default\">\n\t\t\t\t<div class=\"elementor-widget-container\">\n\t\t\t\t\t\t\t\t\t\t\t\t\t\t\t<img decoding=\"async\" width=\"800\" height=\"691\" src=\"https:\/\/steuber.net\/wp-content\/uploads\/2026\/03\/steuber-sun-chemical-supply-3-1024x885.webp\" class=\"attachment-large size-large wp-image-11317\" alt=\"\" srcset=\"https:\/\/steuber.net\/wp-content\/uploads\/2026\/03\/steuber-sun-chemical-supply-3-1024x885.webp 1024w, https:\/\/steuber.net\/wp-content\/uploads\/2026\/03\/steuber-sun-chemical-supply-3-300x259.webp 300w, https:\/\/steuber.net\/wp-content\/uploads\/2026\/03\/steuber-sun-chemical-supply-3-768x664.webp 768w, https:\/\/steuber.net\/wp-content\/uploads\/2026\/03\/steuber-sun-chemical-supply-3-14x12.webp 14w, https:\/\/steuber.net\/wp-content\/uploads\/2026\/03\/steuber-sun-chemical-supply-3.webp 1490w\" sizes=\"(max-width: 800px) 100vw, 800px\" \/>\t\t\t\t\t\t\t\t\t\t\t\t\t\t\t<\/div>\n\t\t\t\t<\/div>\n\t\t\t\t<div class=\"elementor-element elementor-element-3ba5b216 elementor-widget elementor-widget-text-editor\" data-id=\"3ba5b216\" data-element_type=\"widget\" data-e-type=\"widget\" data-widget_type=\"text-editor.default\">\n\t\t\t\t<div class=\"elementor-widget-container\">\n\t\t\t\t\t\t\t\t\t<p>Profitieren Sie von erh\u00f6hter Produktions- und Planungssicherheit, reproduzierbarer Qualit\u00e4t, weniger Stillst\u00e4nden sowie pers\u00f6nlicher Betreuung und kontinuierlicher Fort- und Weiterbildung Ihrer Mitarbeiter.<\/p>\t\t\t\t\t\t\t\t<\/div>\n\t\t\t\t<\/div>\n\t\t\t\t<\/div>\n\t\t\t\t<\/div>\n\t\t<div class=\"elementor-element elementor-element-3b4516d e-con-full e-flex e-con e-parent\" data-id=\"3b4516d\" data-element_type=\"container\" data-e-type=\"container\">\n\t\t\t\t<div class=\"elementor-element elementor-element-13f7fae elementor-widget elementor-widget-heading\" data-id=\"13f7fae\" data-element_type=\"widget\" data-e-type=\"widget\" data-widget_type=\"heading.default\">\n\t\t\t\t<div class=\"elementor-widget-container\">\n\t\t\t\t\t<h2 class=\"elementor-heading-title elementor-size-default\">Das Steuber &amp; Sun Supply-Programm: mehr als Service, ein echtes \nBetreuungskonzept.<\/h2>\t\t\t\t<\/div>\n\t\t\t\t<\/div>\n\t\t\t\t<\/div>\n\t\t<div class=\"elementor-element elementor-element-d941be4 e-con-full e-flex e-con e-parent\" data-id=\"d941be4\" data-element_type=\"container\" data-e-type=\"container\">\n\t\t<div class=\"elementor-element elementor-element-f11b5a7 e-con-full e-flex e-con e-child\" data-id=\"f11b5a7\" data-element_type=\"container\" data-e-type=\"container\">\n\t\t\t\t<div class=\"elementor-element elementor-element-d3133ac elementor-widget elementor-widget-text-editor\" data-id=\"d3133ac\" data-element_type=\"widget\" data-e-type=\"widget\" data-widget_type=\"text-editor.default\">\n\t\t\t\t<div class=\"elementor-widget-container\">\n\t\t\t\t\t\t\t\t\t<h3 class=\"p1\">Ihre Ansprechpartner bei Steuber:<\/h3>\t\t\t\t\t\t\t\t<\/div>\n\t\t\t\t<\/div>\n\t\t\t\t<\/div>\n\t\t<div class=\"elementor-element elementor-element-86a470d e-con-full e-flex e-con e-child\" data-id=\"86a470d\" data-element_type=\"container\" data-e-type=\"container\">\n\t\t\t\t<div class=\"elementor-element elementor-element-ea05f95 elementor-widget elementor-widget-text-editor\" data-id=\"ea05f95\" data-element_type=\"widget\" data-e-type=\"widget\" data-widget_type=\"text-editor.default\">\n\t\t\t\t<div class=\"elementor-widget-container\">\n\t\t\t\t\t\t\t\t\t<p class=\"p3\">G\u00fcnther Faust<br \/>+49 172 2144191<br \/><a href=\"mailto:g.faust@steuber.net\">g.faust@steuber.net<\/a><\/p><p class=\"p3\">Frederick Gysae<br \/>+49 173 7083383<br \/><a href=\"mailto:f.gysae@steuber.net\">f.gysae@steuber.net<\/a><\/p><p class=\"p3\">Andreas Tischer<br \/>+49 173 8780452<br \/><a href=\"mailto:a.tischer@steuber.net\">a.tischer@steuber.net<\/a><\/p>\t\t\t\t\t\t\t\t<\/div>\n\t\t\t\t<\/div>\n\t\t\t\t<\/div>\n\t\t<div class=\"elementor-element elementor-element-7f1d260 e-con-full e-flex e-con e-child\" data-id=\"7f1d260\" data-element_type=\"container\" data-e-type=\"container\">\n\t\t\t\t<div class=\"elementor-element elementor-element-2b6e855 elementor-widget elementor-widget-text-editor\" data-id=\"2b6e855\" data-element_type=\"widget\" data-e-type=\"widget\" data-widget_type=\"text-editor.default\">\n\t\t\t\t<div class=\"elementor-widget-container\">\n\t\t\t\t\t\t\t\t\t<p class=\"p3\">Reimund Degen<br \/>+49 174 6657459<br \/><a href=\"mailto:r.degen@steuber.net\">r.degen@steuber.net<\/a><\/p><p class=\"p3\">Dirk Wolf<br \/>+49 172 2584002<br \/><a href=\"mailto:d.wolf@steuber.net\">d.wolf@steuber.net<\/a><\/p>\t\t\t\t\t\t\t\t<\/div>\n\t\t\t\t<\/div>\n\t\t\t\t<\/div>\n\t\t\t\t<\/div>\n\t\t\t\t<\/div>","protected":false},"excerpt":{"rendered":"<p>Steuber GmbH &#038; Co. KG und Sun Chemical bieten mit dem Supply-Programm ein ganzheitliches Service- und Betreuungskonzept f\u00fcr Druckereien, die ihre Prozesse stabilisieren, optimieren und zukunftssicher aufstellen m\u00f6chten.<\/p>","protected":false},"author":1,"featured_media":11315,"parent":0,"menu_order":0,"comment_status":"closed","ping_status":"closed","template":"","meta":{"footnotes":""},"class_list":["post-11314","page","type-page","status-publish","has-post-thumbnail","hentry"],"_links":{"self":[{"href":"https:\/\/steuber.net\/en\/wp-json\/wp\/v2\/pages\/11314","targetHints":{"allow":["GET"]}}],"collection":[{"href":"https:\/\/steuber.net\/en\/wp-json\/wp\/v2\/pages"}],"about":[{"href":"https:\/\/steuber.net\/en\/wp-json\/wp\/v2\/types\/page"}],"author":[{"embeddable":true,"href":"https:\/\/steuber.net\/en\/wp-json\/wp\/v2\/users\/1"}],"replies":[{"embeddable":true,"href":"https:\/\/steuber.net\/en\/wp-json\/wp\/v2\/comments?post=11314"}],"version-history":[{"count":28,"href":"https:\/\/steuber.net\/en\/wp-json\/wp\/v2\/pages\/11314\/revisions"}],"predecessor-version":[{"id":11350,"href":"https:\/\/steuber.net\/en\/wp-json\/wp\/v2\/pages\/11314\/revisions\/11350"}],"wp:featuredmedia":[{"embeddable":true,"href":"https:\/\/steuber.net\/en\/wp-json\/wp\/v2\/media\/11315"}],"wp:attachment":[{"href":"https:\/\/steuber.net\/en\/wp-json\/wp\/v2\/media?parent=11314"}],"curies":[{"name":"wp","href":"https:\/\/api.w.org\/{rel}","templated":true}]}}