{"id":3191,"date":"2022-09-27T21:55:22","date_gmt":"2022-09-27T21:55:22","guid":{"rendered":"http:\/\/steuber22.kroeger-grafikdesign.de\/?page_id=3191"},"modified":"2025-04-01T07:23:10","modified_gmt":"2025-04-01T07:23:10","slug":"imprint","status":"publish","type":"page","link":"https:\/\/steuber.net\/en\/impressum\/","title":{"rendered":"Imprint"},"content":{"rendered":"<div data-elementor-type=\"wp-page\" data-elementor-id=\"3191\" class=\"elementor elementor-3191\" data-elementor-post-type=\"page\">\n\t\t\t\t<div class=\"elementor-element elementor-element-7f197cf e-con-full e-flex e-con e-parent\" data-id=\"7f197cf\" data-element_type=\"container\" data-e-type=\"container\">\n\t\t<div class=\"elementor-element elementor-element-2353ce0c e-con-full e-flex e-con e-child\" data-id=\"2353ce0c\" data-element_type=\"container\" data-e-type=\"container\">\n\t\t\t\t<div class=\"elementor-element elementor-element-1cdd7481 elementor-widget elementor-widget-heading\" data-id=\"1cdd7481\" data-element_type=\"widget\" data-e-type=\"widget\" data-widget_type=\"heading.default\">\n\t\t\t\t<div class=\"elementor-widget-container\">\n\t\t\t\t\t<h3 class=\"elementor-heading-title elementor-size-default\">Imprint<\/h3>\t\t\t\t<\/div>\n\t\t\t\t<\/div>\n\t\t\t\t<\/div>\n\t\t<div class=\"elementor-element elementor-element-344a0036 e-con-full e-flex e-con e-child\" data-id=\"344a0036\" data-element_type=\"container\" data-e-type=\"container\">\n\t\t\t\t<div class=\"elementor-element elementor-element-c061c33 elementor-widget elementor-widget-text-editor\" data-id=\"c061c33\" data-element_type=\"widget\" data-e-type=\"widget\" data-widget_type=\"text-editor.default\">\n\t\t\t\t<div class=\"elementor-widget-container\">\n\t\t\t\t\t\t\t\t\t<p><strong><span class=\"bold_ansprech\">Address:<\/span><\/strong><span class=\"fliesstext_grau\"><br>Steuber GmbH &amp; Co. KG<br>PO Box 10 05 35<br>D-41005 M\u00f6nchengladbach<\/span><\/p>\n<p class=\"fliesstext_grau\">Krefelder Str. 658<br>41066 M\u00f6nchengladbach<br>Phone: +49 - 21 61 - 65 97 - 0<br>Fax: +49 - 21 61 - 65 97-18<\/p>\n<p class=\"fliesstext_grau\">E-mail: info@steuber.net<\/p>\n<p class=\"fliesstext_grau\"><span class=\"bold_ansprech\"><strong>Managing Director:<\/strong><\/span><br>Dipl. Ing. Stephan Steuber<\/p>\n<p class=\"fliesstext_grau\"><span class=\"bold_ansprech\"><strong>Company form \/ commercial register:<\/strong><\/span><br>AG M\u00f6nchengladbach HRA 1010<\/p>\n<p class=\"fliesstext_grau\"><b>Personally liable partner:<br><\/b>Steuber Management Company Ltd.<\/p>\n<p class=\"fliesstext_grau\">AG M\u00f6nchengladbach HRB 3246<br>AGB 12\/24<\/p>\n<p class=\"fliesstext_grau\"><strong>Tax number:<\/strong>&nbsp;121\/5817\/0171 FA MG-Mitte<br>Sales tax identification number: DE 120 435 989<\/p>\n<p class=\"fliesstext_grau\"><strong><span class=\"bold_ansprech\">Disclaimer:<\/span><\/strong><br>We have compiled and checked the listed contents with great care, but do not assume any liability for their completeness or up-to-dateness. We are not responsible for external content to which we refer.<\/p>\t\t\t\t\t\t\t\t<\/div>\n\t\t\t\t<\/div>\n\t\t\t\t<\/div>\n\t\t\t\t<\/div>\n\t\t\t\t<\/div>","protected":false},"excerpt":{"rendered":"<p>Impressum Anschrift:Steuber GmbH &amp; Co. KGPostfach 10 05 35D-41005 M\u00f6nchengladbach Krefelder Str. 65841066 M\u00f6nchengladbachTelefon: +49 \u2013 21 61 \u2013 65 97 \u2013 0Telefax: +49 \u2013 21 61 \u2013 65 97-18 E-Mail: info@steuber.net Gesch\u00e4ftsf\u00fchrer:Dipl. Ing. Stephan Steuber Gesellschaftsform \/ Handelsregister:AG M\u00f6nchengladbach HRA 1010 Pers\u00f6nlich haftender Gesellschafter:Steuber Verwaltungsgesellschaft mbH AG M\u00f6nchengladbach HRB 3246AGB 12\/24 Steuernummer:&nbsp;121\/5817\/0171 FA MG-MitteUmsatzsteuer-Identnummer: [&hellip;]<\/p>\n","protected":false},"author":1,"featured_media":0,"parent":0,"menu_order":0,"comment_status":"closed","ping_status":"closed","template":"","meta":{"footnotes":""},"class_list":["post-3191","page","type-page","status-publish","hentry"],"_links":{"self":[{"href":"https:\/\/steuber.net\/en\/wp-json\/wp\/v2\/pages\/3191","targetHints":{"allow":["GET"]}}],"collection":[{"href":"https:\/\/steuber.net\/en\/wp-json\/wp\/v2\/pages"}],"about":[{"href":"https:\/\/steuber.net\/en\/wp-json\/wp\/v2\/types\/page"}],"author":[{"embeddable":true,"href":"https:\/\/steuber.net\/en\/wp-json\/wp\/v2\/users\/1"}],"replies":[{"embeddable":true,"href":"https:\/\/steuber.net\/en\/wp-json\/wp\/v2\/comments?post=3191"}],"version-history":[{"count":18,"href":"https:\/\/steuber.net\/en\/wp-json\/wp\/v2\/pages\/3191\/revisions"}],"predecessor-version":[{"id":10535,"href":"https:\/\/steuber.net\/en\/wp-json\/wp\/v2\/pages\/3191\/revisions\/10535"}],"wp:attachment":[{"href":"https:\/\/steuber.net\/en\/wp-json\/wp\/v2\/media?parent=3191"}],"curies":[{"name":"wp","href":"https:\/\/api.w.org\/{rel}","templated":true}]}}