{"id":3206,"date":"2022-09-27T22:02:18","date_gmt":"2022-09-27T22:02:18","guid":{"rendered":"http:\/\/steuber22.kroeger-grafikdesign.de\/?page_id=3206"},"modified":"2025-04-01T08:03:04","modified_gmt":"2025-04-01T08:03:04","slug":"disclaimer","status":"publish","type":"page","link":"https:\/\/steuber.net\/en\/haftungsausschluss\/","title":{"rendered":"Disclaimer"},"content":{"rendered":"<div data-elementor-type=\"wp-page\" data-elementor-id=\"3206\" class=\"elementor elementor-3206\" data-elementor-post-type=\"page\">\n\t\t\t\t<div class=\"elementor-element elementor-element-555cc623 e-con-full e-flex e-con e-parent\" data-id=\"555cc623\" data-element_type=\"container\" data-e-type=\"container\">\n\t\t<div class=\"elementor-element elementor-element-27d7c8c e-con-full e-flex e-con e-child\" data-id=\"27d7c8c\" data-element_type=\"container\" data-e-type=\"container\">\n\t\t\t\t<div class=\"elementor-element elementor-element-3ef2326 elementor-widget elementor-widget-heading\" data-id=\"3ef2326\" data-element_type=\"widget\" data-e-type=\"widget\" data-widget_type=\"heading.default\">\n\t\t\t\t<div class=\"elementor-widget-container\">\n\t\t\t\t\t<h3 class=\"elementor-heading-title elementor-size-default\">Disclaimer<\/h3>\t\t\t\t<\/div>\n\t\t\t\t<\/div>\n\t\t\t\t<\/div>\n\t\t<div class=\"elementor-element elementor-element-139e13cf e-con-full e-flex e-con e-child\" data-id=\"139e13cf\" data-element_type=\"container\" data-e-type=\"container\">\n\t\t\t\t<div class=\"elementor-element elementor-element-3af2f8b7 elementor-widget elementor-widget-text-editor\" data-id=\"3af2f8b7\" data-element_type=\"widget\" data-e-type=\"widget\" data-widget_type=\"text-editor.default\">\n\t\t\t\t<div class=\"elementor-widget-container\">\n\t\t\t\t\t\t\t\t\t<p>Steuber GmbH &amp; Co. KG is committed to keeping this website up to date and accurate. However, if you come across anything that is out of date or incorrect, we would appreciate it if you would let us know. Please point out where on the site you read the information. We will then take care of it as soon as possible. Please send your feedback to: <span class=\"cmplz-obfuscate\">ten.rebuets@ofni<\/span>.<\/p><p>We accept no liability for any loss resulting from inaccuracy or incompleteness, nor for any loss or dissemination of information through the internet, such as disruption or interruption. When using Internet forms, we endeavour to minimise the number of fields required. For any losses resulting from the use of data recommended by Steuber GmbH &amp; Co. KG, Steuber GmbH &amp; Co. KG accepts no liability.<\/p><p>Any intellectual property rights to content on this website are owned by third parties who have placed this content themselves or from whom Steuber GmbH &amp; Co. KG has an end user licence agreement.<\/p><p>Copying, distribution or any other use of this material is not permitted without the written permission of Steuber GmbH &amp; Co. KG, unless otherwise agreed or excluded by applicable law (such as the right to quote), unless the specific content dictates otherwise.<\/p><p>If you have any questions or problems with the availability of the website, please do not hesitate to contact us.<\/p>\t\t\t\t\t\t\t\t<\/div>\n\t\t\t\t<\/div>\n\t\t\t\t<\/div>\n\t\t\t\t<\/div>\n\t\t\t\t<\/div>","protected":false},"excerpt":{"rendered":"<p>Haftungsausschluss Steuber GmbH &amp; Co. KG ist dazu verpflichtet, diese Website aktuell und akkurat zu halten. Solltest du dennoch auf irgendetwas sto\u00dfen, dass veraltet oder inkorrekt ist, w\u00fcrden wir es sch\u00e4tzen, wenn du es uns wissen l\u00e4sst. Bitte weise darauf hin, wo du auf der Seite die Information gelesen hast. Wir werden uns dann so [&hellip;]<\/p>\n","protected":false},"author":1,"featured_media":0,"parent":0,"menu_order":0,"comment_status":"closed","ping_status":"closed","template":"","meta":{"footnotes":""},"class_list":["post-3206","page","type-page","status-publish","hentry"],"_links":{"self":[{"href":"https:\/\/steuber.net\/en\/wp-json\/wp\/v2\/pages\/3206","targetHints":{"allow":["GET"]}}],"collection":[{"href":"https:\/\/steuber.net\/en\/wp-json\/wp\/v2\/pages"}],"about":[{"href":"https:\/\/steuber.net\/en\/wp-json\/wp\/v2\/types\/page"}],"author":[{"embeddable":true,"href":"https:\/\/steuber.net\/en\/wp-json\/wp\/v2\/users\/1"}],"replies":[{"embeddable":true,"href":"https:\/\/steuber.net\/en\/wp-json\/wp\/v2\/comments?post=3206"}],"version-history":[{"count":3,"href":"https:\/\/steuber.net\/en\/wp-json\/wp\/v2\/pages\/3206\/revisions"}],"predecessor-version":[{"id":10562,"href":"https:\/\/steuber.net\/en\/wp-json\/wp\/v2\/pages\/3206\/revisions\/10562"}],"wp:attachment":[{"href":"https:\/\/steuber.net\/en\/wp-json\/wp\/v2\/media?parent=3206"}],"curies":[{"name":"wp","href":"https:\/\/api.w.org\/{rel}","templated":true}]}}