{"id":396,"date":"2022-08-30T07:53:51","date_gmt":"2022-08-30T07:53:51","guid":{"rendered":"http:\/\/steuber22.kroeger-grafikdesign.de\/?page_id=396"},"modified":"2025-04-03T06:37:33","modified_gmt":"2025-04-03T06:37:33","slug":"printing-presses-for-sheetfed-offset-and-web-offset-printing","status":"publish","type":"page","link":"https:\/\/steuber.net\/en\/druckmaschinen-fuer-bogenoffset-und-rollenoffset-druck\/","title":{"rendered":"Printing presses for sheet-fed offset and web offset printing"},"content":{"rendered":"\t\t<div data-elementor-type=\"wp-page\" data-elementor-id=\"396\" class=\"elementor elementor-396\" data-elementor-post-type=\"page\">\n\t\t\t\t<div class=\"elementor-element elementor-element-1553bdc e-con-full e-flex e-con e-parent\" data-id=\"1553bdc\" data-element_type=\"container\" data-e-type=\"container\" data-settings=\"{&quot;background_background&quot;:&quot;classic&quot;}\">\n\t\t<div class=\"elementor-element elementor-element-51dd97ad e-con-full e-flex e-con e-child\" data-id=\"51dd97ad\" data-element_type=\"container\" data-e-type=\"container\">\n\t\t\t\t<div class=\"elementor-element elementor-element-22aa0016 elementor-widget elementor-widget-heading\" data-id=\"22aa0016\" data-element_type=\"widget\" data-e-type=\"widget\" data-widget_type=\"heading.default\">\n\t\t\t\t<div class=\"elementor-widget-container\">\n\t\t\t\t\t<h1 class=\"elementor-heading-title elementor-size-default\">Druckmaschinen f\u00fcr Bogen- und Rollenoffsetdruck.<\/h1>\t\t\t\t<\/div>\n\t\t\t\t<\/div>\n\t\t\t\t<\/div>\n\t\t<div class=\"elementor-element elementor-element-36e9f759 e-con-full e-flex e-con e-child\" data-id=\"36e9f759\" data-element_type=\"container\" data-e-type=\"container\">\n\t\t\t\t<div class=\"elementor-element elementor-element-5965b1cf elementor-invisible elementor-widget elementor-widget-text-editor\" data-id=\"5965b1cf\" data-element_type=\"widget\" data-e-type=\"widget\" data-settings=\"{&quot;_animation&quot;:&quot;fadeIn&quot;,&quot;_animation_delay&quot;:500}\" data-widget_type=\"text-editor.default\">\n\t\t\t\t<div class=\"elementor-widget-container\">\n\t\t\t\t\t\t\t\t\t<p>Die Anforderungen an moderne Druckmaschinen sind extrem unterschiedlich. Daher bietet Steuber seinen Kunden ein breites Druckmaschinenportfolio \u2013 von Koenig &amp; Bauer im Bogenoffsetdruck und manrolandgoss im Bereich Rollenoffsetdruck. Lassen Sie sich beraten, welche Neuheiten Ihr Unternehmen voranbringen. Wir setzen auf eine Gesamtbetreuung mit individualisierten Konzepten, um f\u00fcr Sie die Wirtschaftlichkeit in einem sich st\u00e4ndig ver\u00e4ndernden Printmedien-Markt zu maximieren.<\/p>\t\t\t\t\t\t\t\t<\/div>\n\t\t\t\t<\/div>\n\t\t\t\t<div class=\"elementor-element elementor-element-7dd083cf elementor-widget elementor-widget-image\" data-id=\"7dd083cf\" data-element_type=\"widget\" data-e-type=\"widget\" data-widget_type=\"image.default\">\n\t\t\t\t<div class=\"elementor-widget-container\">\n\t\t\t\t\t\t\t\t\t\t\t\t\t\t\t<img fetchpriority=\"high\" decoding=\"async\" width=\"383\" height=\"363\" src=\"https:\/\/steuber.net\/wp-content\/uploads\/2024\/10\/slogan.svg\" class=\"attachment-large size-large wp-image-8949\" alt=\"\" \/>\t\t\t\t\t\t\t\t\t\t\t\t\t\t\t<\/div>\n\t\t\t\t<\/div>\n\t\t\t\t<\/div>\n\t\t<div class=\"elementor-element elementor-element-24bac056 e-con-full e-flex e-con e-child\" data-id=\"24bac056\" data-element_type=\"container\" data-e-type=\"container\">\n\t\t\t\t<div class=\"elementor-element elementor-element-7e88701 elementor-widget elementor-widget-image\" data-id=\"7e88701\" data-element_type=\"widget\" data-e-type=\"widget\" data-widget_type=\"image.default\">\n\t\t\t\t<div class=\"elementor-widget-container\">\n\t\t\t\t\t\t\t\t\t\t\t\t\t\t\t<img decoding=\"async\" width=\"218\" height=\"220\" src=\"https:\/\/steuber.net\/wp-content\/uploads\/2024\/08\/steuber-elemente-20.svg\" class=\"attachment-large size-large wp-image-8452\" alt=\"\" \/>\t\t\t\t\t\t\t\t\t\t\t\t\t\t\t<\/div>\n\t\t\t\t<\/div>\n\t\t\t\t<div class=\"elementor-element elementor-element-a273f4 elementor-invisible elementor-widget elementor-widget-image\" data-id=\"a273f4\" data-element_type=\"widget\" data-e-type=\"widget\" data-settings=\"{&quot;_animation&quot;:&quot;fadeInUp&quot;}\" data-widget_type=\"image.default\">\n\t\t\t\t<div class=\"elementor-widget-container\">\n\t\t\t\t\t\t\t\t\t\t\t\t\t\t\t<img decoding=\"async\" width=\"1200\" height=\"671\" src=\"https:\/\/steuber.net\/wp-content\/uploads\/2022\/09\/steuber-offsetdruck-header.jpg\" class=\"attachment-full size-full wp-image-1177\" alt=\"\" srcset=\"https:\/\/steuber.net\/wp-content\/uploads\/2022\/09\/steuber-offsetdruck-header.jpg 1200w, https:\/\/steuber.net\/wp-content\/uploads\/2022\/09\/steuber-offsetdruck-header-300x168.jpg 300w, https:\/\/steuber.net\/wp-content\/uploads\/2022\/09\/steuber-offsetdruck-header-1024x573.jpg 1024w, https:\/\/steuber.net\/wp-content\/uploads\/2022\/09\/steuber-offsetdruck-header-768x429.jpg 768w, https:\/\/steuber.net\/wp-content\/uploads\/2022\/09\/steuber-offsetdruck-header-280x157.jpg 280w\" sizes=\"(max-width: 1200px) 100vw, 1200px\" \/>\t\t\t\t\t\t\t\t\t\t\t\t\t\t\t<\/div>\n\t\t\t\t<\/div>\n\t\t\t\t<\/div>\n\t\t\t\t<\/div>\n\t\t<div class=\"elementor-element elementor-element-22082ebe e-con-full e-flex e-con e-parent\" data-id=\"22082ebe\" data-element_type=\"container\" data-e-type=\"container\" data-settings=\"{&quot;background_background&quot;:&quot;classic&quot;}\">\n\t\t<div class=\"elementor-element elementor-element-1d4d6337 e-con-full e-flex e-con e-child\" data-id=\"1d4d6337\" data-element_type=\"container\" data-e-type=\"container\" data-settings=\"{&quot;background_background&quot;:&quot;classic&quot;}\">\n\t\t\t\t<div class=\"elementor-element elementor-element-80cc2af elementor-invisible elementor-widget elementor-widget-image\" data-id=\"80cc2af\" data-element_type=\"widget\" data-e-type=\"widget\" data-settings=\"{&quot;_animation&quot;:&quot;fadeInLeft&quot;}\" data-widget_type=\"image.default\">\n\t\t\t\t<div class=\"elementor-widget-container\">\n\t\t\t\t\t\t\t\t\t\t\t\t\t\t\t<img loading=\"lazy\" decoding=\"async\" width=\"900\" height=\"717\" src=\"https:\/\/steuber.net\/wp-content\/uploads\/2022\/08\/steuber-koenig-bauer-rapida.jpg\" class=\"attachment-full size-full wp-image-410\" alt=\"Steuber Koenig Bauer Rapida\" srcset=\"https:\/\/steuber.net\/wp-content\/uploads\/2022\/08\/steuber-koenig-bauer-rapida.jpg 900w, https:\/\/steuber.net\/wp-content\/uploads\/2022\/08\/steuber-koenig-bauer-rapida-300x239.jpg 300w, https:\/\/steuber.net\/wp-content\/uploads\/2022\/08\/steuber-koenig-bauer-rapida-768x612.jpg 768w\" sizes=\"(max-width: 900px) 100vw, 900px\" \/>\t\t\t\t\t\t\t\t\t\t\t\t\t\t\t<\/div>\n\t\t\t\t<\/div>\n\t\t\t\t<\/div>\n\t\t<div class=\"elementor-element elementor-element-35307e99 e-con-full e-flex e-con e-child\" data-id=\"35307e99\" data-element_type=\"container\" data-e-type=\"container\" data-settings=\"{&quot;background_background&quot;:&quot;classic&quot;}\">\n\t\t\t\t<div class=\"elementor-element elementor-element-2496bed elementor-widget elementor-widget-image\" data-id=\"2496bed\" data-element_type=\"widget\" data-e-type=\"widget\" data-widget_type=\"image.default\">\n\t\t\t\t<div class=\"elementor-widget-container\">\n\t\t\t\t\t\t\t\t\t\t\t\t\t\t\t<img loading=\"lazy\" decoding=\"async\" width=\"560\" height=\"560\" src=\"https:\/\/steuber.net\/wp-content\/uploads\/2024\/08\/steuber-elemente-raster.png\" class=\"attachment-large size-large wp-image-8323\" alt=\"\" srcset=\"https:\/\/steuber.net\/wp-content\/uploads\/2024\/08\/steuber-elemente-raster.png 560w, https:\/\/steuber.net\/wp-content\/uploads\/2024\/08\/steuber-elemente-raster-300x300.png 300w, https:\/\/steuber.net\/wp-content\/uploads\/2024\/08\/steuber-elemente-raster-150x150.png 150w, https:\/\/steuber.net\/wp-content\/uploads\/2024\/08\/steuber-elemente-raster-12x12.png 12w\" sizes=\"(max-width: 560px) 100vw, 560px\" \/>\t\t\t\t\t\t\t\t\t\t\t\t\t\t\t<\/div>\n\t\t\t\t<\/div>\n\t\t\t\t<div class=\"elementor-element elementor-element-4870bdb3 elementor-widget elementor-widget-heading\" data-id=\"4870bdb3\" data-element_type=\"widget\" data-e-type=\"widget\" data-widget_type=\"heading.default\">\n\t\t\t\t<div class=\"elementor-widget-container\">\n\t\t\t\t\t<h2 class=\"elementor-heading-title elementor-size-default\">Bogenoffsetdruck mit der Koenig &amp; Bauer Rapida-Serie<\/h2>\t\t\t\t<\/div>\n\t\t\t\t<\/div>\n\t\t\t\t<div class=\"elementor-element elementor-element-56f59dc2 elementor-widget elementor-widget-text-editor\" data-id=\"56f59dc2\" data-element_type=\"widget\" data-e-type=\"widget\" data-widget_type=\"text-editor.default\">\n\t\t\t\t<div class=\"elementor-widget-container\">\n\t\t\t\t\t\t\t\t\t<p>Wir bieten unseren Kunden tonerbasierte Farb- und Monodrucksysteme an und unterst\u00fctzen die Integration von Workflows. Dabei begleiten wir den gesamten Prozess von der Vorstufe bis zur Weiterverarbeitung. Unsere L\u00f6sungen sind individuell auf die Anforderungen unserer Kunden abgestimmt. Zudem erm\u00f6glichen wir in unserem Steuber-Showroom Live-Druckvorf\u00fchrungen, um die Funktionen unserer Systeme zu demonstrieren.<\/p>\t\t\t\t\t\t\t\t<\/div>\n\t\t\t\t<\/div>\n\t\t\t\t<div class=\"elementor-element elementor-element-01b1625 elementor-widget elementor-widget-button\" data-id=\"01b1625\" data-element_type=\"widget\" data-e-type=\"widget\" data-widget_type=\"button.default\">\n\t\t\t\t<div class=\"elementor-widget-container\">\n\t\t\t\t\t\t\t\t\t<div class=\"elementor-button-wrapper\">\n\t\t\t\t\t<a class=\"elementor-button elementor-button-link elementor-size-sm\" href=\"https:\/\/steuber.net\/ansprechpartner\/#druck\">\n\t\t\t\t\t\t<span class=\"elementor-button-content-wrapper\">\n\t\t\t\t\t\t\t\t\t<span class=\"elementor-button-text\">Ihre Ansprechpartner im Bogenoffsetdruck<\/span>\n\t\t\t\t\t<\/span>\n\t\t\t\t\t<\/a>\n\t\t\t\t<\/div>\n\t\t\t\t\t\t\t\t<\/div>\n\t\t\t\t<\/div>\n\t\t\t\t<\/div>\n\t\t\t\t<\/div>\n\t\t<div class=\"elementor-element elementor-element-69e51830 e-con-full e-flex e-con e-parent\" data-id=\"69e51830\" data-element_type=\"container\" data-e-type=\"container\" data-settings=\"{&quot;background_background&quot;:&quot;classic&quot;}\">\n\t\t<div class=\"elementor-element elementor-element-3da7ba1f e-con-full e-flex e-con e-child\" data-id=\"3da7ba1f\" data-element_type=\"container\" data-e-type=\"container\" data-settings=\"{&quot;background_background&quot;:&quot;classic&quot;}\">\n\t\t\t\t<div class=\"elementor-element elementor-element-e17d8e7 elementor-widget elementor-widget-heading\" data-id=\"e17d8e7\" data-element_type=\"widget\" data-e-type=\"widget\" data-widget_type=\"heading.default\">\n\t\t\t\t<div class=\"elementor-widget-container\">\n\t\t\t\t\t<h2 class=\"elementor-heading-title elementor-size-default\">Seit \u00fcber 30 Jahren \u2013 Rollenoffsetdruck mit Steuber und manrolandgoss web systems\u200b<\/h2>\t\t\t\t<\/div>\n\t\t\t\t<\/div>\n\t\t\t\t<div class=\"elementor-element elementor-element-39474978 elementor-widget elementor-widget-text-editor\" data-id=\"39474978\" data-element_type=\"widget\" data-e-type=\"widget\" data-widget_type=\"text-editor.default\">\n\t\t\t\t<div class=\"elementor-widget-container\">\n\t\t\t\t\t\t\t\t\t<p>Dank langj\u00e4hriger Erfahrung und enger Zusammenarbeit mit\u00a0<strong>manrolandgoss web systems<\/strong>\u00a0ist Steuber in Nordrhein-Westfalen Marktf\u00fchrer mit einer Vielzahl an Installationen. Wir sind Teil der Branche und wissen, was unsere Kunden bewegt. Und wir k\u00f6nnen einordnen, was auch in Zukunft Bestand hat.<\/p><p>Seit 20 Jahren arbeiten wir erfolgreich als Vertretung der manrolandgoss web systems, dem weltweiten Marktf\u00fchrer im Bereich Rollenoffset. Gemeinsam bieten wir Kunden die wirtschaftlichste L\u00f6sung im Zeitungs- und Illustrationsrollenoffset. Das vielf\u00e4ltige Produkt- und Leistungsportfolio umfasst innovative Systeme f\u00fcr die industrielle Produktion von Zeitungen, Magazinen und Werbedrucksachen. Neben hochproduktiver Maschinentechnologie geh\u00f6ren neuartige Bedienverfahren, Trainings und zukunftssichere Anlagenkonzepte zum Angebot.<\/p>\t\t\t\t\t\t\t\t<\/div>\n\t\t\t\t<\/div>\n\t\t\t\t<div class=\"elementor-element elementor-element-2b20fc8 elementor-widget elementor-widget-button\" data-id=\"2b20fc8\" data-element_type=\"widget\" data-e-type=\"widget\" data-widget_type=\"button.default\">\n\t\t\t\t<div class=\"elementor-widget-container\">\n\t\t\t\t\t\t\t\t\t<div class=\"elementor-button-wrapper\">\n\t\t\t\t\t<a class=\"elementor-button elementor-button-link elementor-size-sm\" href=\"https:\/\/steuber.net\/ansprechpartner\/#druck\">\n\t\t\t\t\t\t<span class=\"elementor-button-content-wrapper\">\n\t\t\t\t\t\t\t\t\t<span class=\"elementor-button-text\">Ihre Ansprechpartner im Rollenoffsetdruck<\/span>\n\t\t\t\t\t<\/span>\n\t\t\t\t\t<\/a>\n\t\t\t\t<\/div>\n\t\t\t\t\t\t\t\t<\/div>\n\t\t\t\t<\/div>\n\t\t\t\t<\/div>\n\t\t<div class=\"elementor-element elementor-element-548d534f e-con-full e-flex e-con e-child\" data-id=\"548d534f\" data-element_type=\"container\" data-e-type=\"container\" data-settings=\"{&quot;background_background&quot;:&quot;classic&quot;}\">\n\t\t\t\t<div class=\"elementor-element elementor-element-6f757393 elementor-widget elementor-widget-image\" data-id=\"6f757393\" data-element_type=\"widget\" data-e-type=\"widget\" data-widget_type=\"image.default\">\n\t\t\t\t<div class=\"elementor-widget-container\">\n\t\t\t\t\t\t\t\t\t\t\t\t\t\t\t<img loading=\"lazy\" decoding=\"async\" width=\"1200\" height=\"484\" src=\"https:\/\/steuber.net\/wp-content\/uploads\/2022\/08\/steuber-manroland-rollenoffset.jpg\" class=\"attachment-full size-full wp-image-424\" alt=\"Steuber Rollenoffset manroland goss\" srcset=\"https:\/\/steuber.net\/wp-content\/uploads\/2022\/08\/steuber-manroland-rollenoffset.jpg 1200w, https:\/\/steuber.net\/wp-content\/uploads\/2022\/08\/steuber-manroland-rollenoffset-300x121.jpg 300w, https:\/\/steuber.net\/wp-content\/uploads\/2022\/08\/steuber-manroland-rollenoffset-1024x413.jpg 1024w, https:\/\/steuber.net\/wp-content\/uploads\/2022\/08\/steuber-manroland-rollenoffset-768x310.jpg 768w\" sizes=\"(max-width: 1200px) 100vw, 1200px\" \/>\t\t\t\t\t\t\t\t\t\t\t\t\t\t\t<\/div>\n\t\t\t\t<\/div>\n\t\t\t\t<\/div>\n\t\t\t\t<\/div>\n\t\t<div class=\"elementor-element elementor-element-793d0065 e-flex e-con-boxed e-con e-parent\" data-id=\"793d0065\" data-element_type=\"container\" data-e-type=\"container\">\n\t\t\t\t\t<div class=\"e-con-inner\">\n\t\t<div class=\"elementor-element elementor-element-500c8d51 e-con-full e-flex e-con e-child\" data-id=\"500c8d51\" data-element_type=\"container\" data-e-type=\"container\">\n\t\t\t\t<div class=\"elementor-element elementor-element-50eec095 elementor-button-align-stretch elementor-widget elementor-widget-form\" data-id=\"50eec095\" data-element_type=\"widget\" data-e-type=\"widget\" data-settings=\"{&quot;step_next_label&quot;:&quot;weiter&quot;,&quot;step_previous_label&quot;:&quot;zur\\u00fcvk&quot;,&quot;button_width&quot;:&quot;100&quot;,&quot;step_type&quot;:&quot;number_text&quot;,&quot;step_icon_shape&quot;:&quot;circle&quot;}\" data-widget_type=\"form.default\">\n\t\t\t\t<div class=\"elementor-widget-container\">\n\t\t\t\t\t\t\t<form class=\"elementor-form\" method=\"post\" name=\"Digitaldruck Anfrage\" aria-label=\"Digitaldruck Anfrage\">\n\t\t\t<input type=\"hidden\" name=\"post_id\" value=\"396\"\/>\n\t\t\t<input type=\"hidden\" name=\"form_id\" value=\"50eec095\"\/>\n\t\t\t<input type=\"hidden\" name=\"referer_title\" value=\"Druckmaschinen f\u00fcr Bogenoffset und Rollenoffset-Druck - Steuber GmbH &amp; Co. KG\" \/>\n\n\t\t\t\t\t\t\t<input type=\"hidden\" name=\"queried_id\" value=\"396\"\/>\n\t\t\t\n\t\t\t<div class=\"elementor-form-fields-wrapper elementor-labels-\">\n\t\t\t\t\t\t\t\t<div class=\"elementor-field-type-step elementor-field-group elementor-column elementor-field-group-field_509d32a elementor-col-100\">\n\t\t\t\t\t\t\t<div class=\"e-field-step elementor-hidden\" data-label=\"\" data-previousButton=\"\" data-nextButton=\"\" data-iconUrl=\"\" data-iconLibrary=\"fas fa-star\" data-icon=\"\" ><\/div>\n\n\t\t\t\t\t\t<\/div>\n\t\t\t\t\t\t\t\t<div class=\"elementor-field-type-text elementor-field-group elementor-column elementor-field-group-name elementor-col-100\">\n\t\t\t\t\t\t\t\t\t\t\t\t<label for=\"form-field-name\" class=\"elementor-field-label elementor-screen-only\">\n\t\t\t\t\t\t\t\tFirma\t\t\t\t\t\t\t<\/label>\n\t\t\t\t\t\t\t\t\t\t\t\t\t\t<input size=\"1\" type=\"text\" name=\"form_fields[name]\" id=\"form-field-name\" class=\"elementor-field elementor-size-lg  elementor-field-textual\" placeholder=\"Firma\">\n\t\t\t\t\t\t\t\t\t\t\t<\/div>\n\t\t\t\t\t\t\t\t<div class=\"elementor-field-type-text elementor-field-group elementor-column elementor-field-group-field_b08557d elementor-col-100\">\n\t\t\t\t\t\t\t\t\t\t\t\t<label for=\"form-field-field_b08557d\" class=\"elementor-field-label elementor-screen-only\">\n\t\t\t\t\t\t\t\tName\t\t\t\t\t\t\t<\/label>\n\t\t\t\t\t\t\t\t\t\t\t\t\t\t<input size=\"1\" type=\"text\" name=\"form_fields[field_b08557d]\" id=\"form-field-field_b08557d\" class=\"elementor-field elementor-size-lg  elementor-field-textual\" placeholder=\"Name\">\n\t\t\t\t\t\t\t\t\t\t\t<\/div>\n\t\t\t\t\t\t\t\t<div class=\"elementor-field-type-text elementor-field-group elementor-column elementor-field-group-field_17ae028 elementor-col-100\">\n\t\t\t\t\t\t\t\t\t\t\t\t<label for=\"form-field-field_17ae028\" class=\"elementor-field-label elementor-screen-only\">\n\t\t\t\t\t\t\t\tVorname\t\t\t\t\t\t\t<\/label>\n\t\t\t\t\t\t\t\t\t\t\t\t\t\t<input size=\"1\" type=\"text\" name=\"form_fields[field_17ae028]\" id=\"form-field-field_17ae028\" class=\"elementor-field elementor-size-lg  elementor-field-textual\" placeholder=\"Vorname\">\n\t\t\t\t\t\t\t\t\t\t\t<\/div>\n\t\t\t\t\t\t\t\t<div class=\"elementor-field-type-step elementor-field-group elementor-column elementor-field-group-field_4e1afb9 elementor-col-100\">\n\t\t\t\t\t\t\t<div class=\"e-field-step elementor-hidden\" data-label=\"\" data-previousButton=\"zur\u00fcck\" data-nextButton=\"weiter\" data-iconUrl=\"\" data-iconLibrary=\"fas fa-star\" data-icon=\"\" ><\/div>\n\n\t\t\t\t\t\t<\/div>\n\t\t\t\t\t\t\t\t<div class=\"elementor-field-type-email elementor-field-group elementor-column elementor-field-group-email elementor-col-100 elementor-field-required\">\n\t\t\t\t\t\t\t\t\t\t\t\t<label for=\"form-field-email\" class=\"elementor-field-label elementor-screen-only\">\n\t\t\t\t\t\t\t\tE-Mail\t\t\t\t\t\t\t<\/label>\n\t\t\t\t\t\t\t\t\t\t\t\t\t\t<input size=\"1\" type=\"email\" name=\"form_fields[email]\" id=\"form-field-email\" class=\"elementor-field elementor-size-lg  elementor-field-textual\" placeholder=\"E-Mail\" required=\"required\">\n\t\t\t\t\t\t\t\t\t\t\t<\/div>\n\t\t\t\t\t\t\t\t<div class=\"elementor-field-type-text elementor-field-group elementor-column elementor-field-group-field_e656e38 elementor-col-100\">\n\t\t\t\t\t\t\t\t\t\t\t\t<label for=\"form-field-field_e656e38\" class=\"elementor-field-label elementor-screen-only\">\n\t\t\t\t\t\t\t\tTelefon tags\u00fcber\t\t\t\t\t\t\t<\/label>\n\t\t\t\t\t\t\t\t\t\t\t\t\t\t<input size=\"1\" type=\"text\" name=\"form_fields[field_e656e38]\" id=\"form-field-field_e656e38\" class=\"elementor-field elementor-size-lg  elementor-field-textual\" placeholder=\"Telefon tags\u00fcber\">\n\t\t\t\t\t\t\t\t\t\t\t<\/div>\n\t\t\t\t\t\t\t\t<div class=\"elementor-field-type-text\">\n\t\t\t\t\t<input size=\"1\" type=\"text\" name=\"form_fields[field_cc312f1]\" id=\"form-field-field_cc312f1\" class=\"elementor-field elementor-size-lg \" style=\"display:none !important;\">\t\t\t\t<\/div>\n\t\t\t\t\t\t\t\t<div class=\"elementor-field-type-step elementor-field-group elementor-column elementor-field-group-field_8688273 elementor-col-100\">\n\t\t\t\t\t\t\t<div class=\"e-field-step elementor-hidden\" data-label=\"\" data-previousButton=\"zur\u00fcck\" data-nextButton=\"weiter\" data-iconUrl=\"\" data-iconLibrary=\"fas fa-star\" data-icon=\"\" ><\/div>\n\n\t\t\t\t\t\t<\/div>\n\t\t\t\t\t\t\t\t<div class=\"elementor-field-type-checkbox elementor-field-group elementor-column elementor-field-group-field_5452054 elementor-col-100\">\n\t\t\t\t\t\t\t\t\t\t\t\t<label for=\"form-field-field_5452054\" class=\"elementor-field-label elementor-screen-only\">\n\t\t\t\t\t\t\t\tGrund\t\t\t\t\t\t\t<\/label>\n\t\t\t\t\t\t<div class=\"elementor-field-subgroup  \"><span class=\"elementor-field-option\"><input type=\"checkbox\" value=\"Ich w\u00fcnsche einen R\u00fcckruf\" id=\"form-field-field_5452054-0\" name=\"form_fields[field_5452054][]\"> <label for=\"form-field-field_5452054-0\">Ich w\u00fcnsche einen R\u00fcckruf<\/label><\/span><span class=\"elementor-field-option\"><input type=\"checkbox\" value=\"Ich habe eine Produktfrage\" id=\"form-field-field_5452054-1\" name=\"form_fields[field_5452054][]\"> <label for=\"form-field-field_5452054-1\">Ich habe eine Produktfrage<\/label><\/span><span class=\"elementor-field-option\"><input type=\"checkbox\" value=\"Ich ben\u00f6tige Beratung \" id=\"form-field-field_5452054-2\" name=\"form_fields[field_5452054][]\"> <label for=\"form-field-field_5452054-2\">Ich ben\u00f6tige Beratung <\/label><\/span><\/div>\t\t\t\t<\/div>\n\t\t\t\t\t\t\t\t<div class=\"elementor-field-type-textarea elementor-field-group elementor-column elementor-field-group-message elementor-col-100\">\n\t\t\t\t\t\t\t\t\t\t\t\t<label for=\"form-field-message\" class=\"elementor-field-label elementor-screen-only\">\n\t\t\t\t\t\t\t\tNachricht\t\t\t\t\t\t\t<\/label>\n\t\t\t\t\t\t<textarea class=\"elementor-field-textual elementor-field  elementor-size-lg\" name=\"form_fields[message]\" id=\"form-field-message\" rows=\"4\" placeholder=\"Nachricht\"><\/textarea>\t\t\t\t<\/div>\n\t\t\t\t\t\t\t\t<div class=\"elementor-field-type-text\">\n\t\t\t\t\t<input size=\"1\" type=\"text\" name=\"form_fields[field_4d65c3a]\" id=\"form-field-field_4d65c3a\" class=\"elementor-field elementor-size-lg \" style=\"display:none !important;\">\t\t\t\t<\/div>\n\t\t\t\t\t\t\t\t<div class=\"elementor-field-type-acceptance elementor-field-group elementor-column elementor-field-group-field_e8d0c4d elementor-col-100\">\n\t\t\t\t\t\t\t<div class=\"elementor-field-subgroup\">\n\t\t\t<span class=\"elementor-field-option\">\n\t\t\t\t<input type=\"checkbox\" name=\"form_fields[field_e8d0c4d]\" id=\"form-field-field_e8d0c4d\" class=\"elementor-field elementor-size-lg  elementor-acceptance-field\">\n\t\t\t\t<label for=\"form-field-field_e8d0c4d\">Ich habe die Datenschutzerkl\u00e4rung zur Kenntnis genommen.<\/label>\t\t\t<\/span>\n\t\t<\/div>\n\t\t\t\t\t\t<\/div>\n\t\t\t\t\t\t\t\t<div class=\"elementor-field-group elementor-column elementor-field-type-submit elementor-col-100 e-form__buttons\">\n\t\t\t\t\t<button class=\"elementor-button elementor-size-sm\" type=\"submit\">\n\t\t\t\t\t\t<span class=\"elementor-button-content-wrapper\">\n\t\t\t\t\t\t\t\t\t\t\t\t\t\t\t\t\t\t\t\t\t\t<span class=\"elementor-button-text\">Senden<\/span>\n\t\t\t\t\t\t\t\t\t\t\t\t\t<\/span>\n\t\t\t\t\t<\/button>\n\t\t\t\t<\/div>\n\t\t\t<\/div>\n\t\t<\/form>\n\t\t\t\t\t\t<\/div>\n\t\t\t\t<\/div>\n\t\t\t\t<\/div>\n\t\t\t\t\t<\/div>\n\t\t\t\t<\/div>\n\t\t<div class=\"elementor-element elementor-element-34658813 e-con-full e-flex e-con e-parent\" data-id=\"34658813\" data-element_type=\"container\" data-e-type=\"container\">\n\t\t\t\t<\/div>\n\t\t\t\t<\/div>\n\t\t","protected":false},"excerpt":{"rendered":"<p>Druckmaschinen f\u00fcr Bogen- und Rollenoffsetdruck. Die Anforderungen an moderne Druckmaschinen sind extrem unterschiedlich. Daher bietet Steuber seinen Kunden ein breites Druckmaschinenportfolio \u2013 von Koenig &amp; Bauer im Bogenoffsetdruck und manrolandgoss im Bereich Rollenoffsetdruck. Lassen Sie sich beraten, welche Neuheiten Ihr Unternehmen voranbringen. Wir setzen auf eine Gesamtbetreuung mit individualisierten Konzepten, um f\u00fcr Sie die Wirtschaftlichkeit [&hellip;]<\/p>\n","protected":false},"author":1,"featured_media":0,"parent":0,"menu_order":0,"comment_status":"closed","ping_status":"closed","template":"","meta":{"footnotes":""},"class_list":["post-396","page","type-page","status-publish","hentry"],"_links":{"self":[{"href":"https:\/\/steuber.net\/en\/wp-json\/wp\/v2\/pages\/396","targetHints":{"allow":["GET"]}}],"collection":[{"href":"https:\/\/steuber.net\/en\/wp-json\/wp\/v2\/pages"}],"about":[{"href":"https:\/\/steuber.net\/en\/wp-json\/wp\/v2\/types\/page"}],"author":[{"embeddable":true,"href":"https:\/\/steuber.net\/en\/wp-json\/wp\/v2\/users\/1"}],"replies":[{"embeddable":true,"href":"https:\/\/steuber.net\/en\/wp-json\/wp\/v2\/comments?post=396"}],"version-history":[{"count":36,"href":"https:\/\/steuber.net\/en\/wp-json\/wp\/v2\/pages\/396\/revisions"}],"predecessor-version":[{"id":10612,"href":"https:\/\/steuber.net\/en\/wp-json\/wp\/v2\/pages\/396\/revisions\/10612"}],"wp:attachment":[{"href":"https:\/\/steuber.net\/en\/wp-json\/wp\/v2\/media?parent=396"}],"curies":[{"name":"wp","href":"https:\/\/api.w.org\/{rel}","templated":true}]}}