{"id":564,"date":"2022-08-30T11:51:40","date_gmt":"2022-08-30T11:51:40","guid":{"rendered":"http:\/\/steuber22.kroeger-grafikdesign.de\/?page_id=564"},"modified":"2024-08-08T14:07:14","modified_gmt":"2024-08-08T14:07:14","slug":"steuber-packaging","status":"publish","type":"page","link":"https:\/\/steuber.net\/en\/steuber-verpackung\/","title":{"rendered":"Steuber packaging"},"content":{"rendered":"\t\t<div data-elementor-type=\"wp-page\" data-elementor-id=\"564\" class=\"elementor elementor-564\" data-elementor-post-type=\"page\">\n\t\t\t\t<div class=\"elementor-element elementor-element-b412452 e-con-full e-flex e-con e-parent\" data-id=\"b412452\" data-element_type=\"container\" data-e-type=\"container\" data-settings=\"{&quot;background_background&quot;:&quot;classic&quot;}\">\n\t\t\t\t<div class=\"elementor-element elementor-element-3ecaff23 elementor-invisible elementor-widget elementor-widget-heading\" data-id=\"3ecaff23\" data-element_type=\"widget\" data-e-type=\"widget\" data-settings=\"{&quot;_animation&quot;:&quot;fadeIn&quot;}\" data-widget_type=\"heading.default\">\n\t\t\t\t<div class=\"elementor-widget-container\">\n\t\t\t\t\t<h1 class=\"elementor-heading-title elementor-size-default\">Vielf\u00e4ltige Verpackungsl\u00f6sungen f\u00fcr den letzten Schritt der Produktion<\/h1>\t\t\t\t<\/div>\n\t\t\t\t<\/div>\n\t\t<div class=\"elementor-element elementor-element-6232c4c9 e-con-full e-flex e-con e-child\" data-id=\"6232c4c9\" data-element_type=\"container\" data-e-type=\"container\">\n\t\t\t\t<div class=\"elementor-element elementor-element-1f67d836 elementor-invisible elementor-widget elementor-widget-text-editor\" data-id=\"1f67d836\" data-element_type=\"widget\" data-e-type=\"widget\" data-settings=\"{&quot;_animation&quot;:&quot;fadeIn&quot;,&quot;_animation_delay&quot;:500}\" data-widget_type=\"text-editor.default\">\n\t\t\t\t<div class=\"elementor-widget-container\">\n\t\t\t\t\t\t\t\t\t<p>Verpackung schafft Mehrwert. Sie sch\u00fctzt die Ware und spricht Kunden emotional an. Ob geb\u00fcndelt, banderoliert, umreift oder folienverpackt; f\u00fcr jede Anforderung haben wir bei Steuber innovative Maschinen und Materialien im Programm. Ma\u00dfgeschneiderte Sicherheit f\u00fcr Ihre Produkte.<\/p>\t\t\t\t\t\t\t\t<\/div>\n\t\t\t\t<\/div>\n\t\t\t\t<\/div>\n\t\t\t\t<\/div>\n\t\t<div class=\"elementor-element elementor-element-c5d8759 e-con-full e-flex e-con e-parent\" data-id=\"c5d8759\" data-element_type=\"container\" data-e-type=\"container\" data-settings=\"{&quot;background_background&quot;:&quot;classic&quot;}\">\n\t\t<div class=\"elementor-element elementor-element-b570d07 e-con-full e-flex e-con e-child\" data-id=\"b570d07\" data-element_type=\"container\" data-e-type=\"container\">\n\t\t\t\t<div class=\"elementor-element elementor-element-419e266 elementor-widget elementor-widget-heading\" data-id=\"419e266\" data-element_type=\"widget\" data-e-type=\"widget\" data-widget_type=\"heading.default\">\n\t\t\t\t<div class=\"elementor-widget-container\">\n\t\t\t\t\t<h2 class=\"elementor-heading-title elementor-size-default\">Flowpack- und Folien-Verpackung<\/h2>\t\t\t\t<\/div>\n\t\t\t\t<\/div>\n\t\t\t\t<\/div>\n\t\t<div class=\"elementor-element elementor-element-83beb0e e-con-full e-flex e-con e-child\" data-id=\"83beb0e\" data-element_type=\"container\" data-e-type=\"container\">\n\t\t\t\t<div class=\"elementor-element elementor-element-2c56c9d elementor-widget elementor-widget-text-editor\" data-id=\"2c56c9d\" data-element_type=\"widget\" data-e-type=\"widget\" data-widget_type=\"text-editor.default\">\n\t\t\t\t<div class=\"elementor-widget-container\">\n\t\t\t\t\t\t\t\t\t<p>Hugo Beck ist f\u00fchrender Hersteller von horizontalen Flowpack-, Folienverpackungs- und Druckweiterverarbeitungsmaschinen. Wir haben modulare L\u00f6sungen des Herstellers im Portfolio \u2013 von Schlauchbeutelmaschinen \u00fcber Schrumpftunnel bis hin zu F\u00f6rdersystemen. Kundenindividuell und leistungsstark.<\/p>\t\t\t\t\t\t\t\t<\/div>\n\t\t\t\t<\/div>\n\t\t\t\t<div class=\"elementor-element elementor-element-ddf87ab elementor-widget elementor-widget-button\" data-id=\"ddf87ab\" data-element_type=\"widget\" data-e-type=\"widget\" data-widget_type=\"button.default\">\n\t\t\t\t<div class=\"elementor-widget-container\">\n\t\t\t\t\t\t\t\t\t<div class=\"elementor-button-wrapper\">\n\t\t\t\t\t<a class=\"elementor-button elementor-button-link elementor-size-sm\" href=\"https:\/\/steuber.net\/ansprechpartner\/#verpackung\">\n\t\t\t\t\t\t<span class=\"elementor-button-content-wrapper\">\n\t\t\t\t\t\t\t\t\t<span class=\"elementor-button-text\">Ansprechpartner Flowpack und Folie<\/span>\n\t\t\t\t\t<\/span>\n\t\t\t\t\t<\/a>\n\t\t\t\t<\/div>\n\t\t\t\t\t\t\t\t<\/div>\n\t\t\t\t<\/div>\n\t\t\t\t<\/div>\n\t\t<div class=\"elementor-element elementor-element-82fe065 e-con-full e-flex e-con e-child\" data-id=\"82fe065\" data-element_type=\"container\" data-e-type=\"container\">\n\t\t\t\t<div class=\"elementor-element elementor-element-8f82f24 elementor-invisible elementor-widget elementor-widget-image\" data-id=\"8f82f24\" data-element_type=\"widget\" data-e-type=\"widget\" data-settings=\"{&quot;_animation&quot;:&quot;fadeInUp&quot;}\" data-widget_type=\"image.default\">\n\t\t\t\t<div class=\"elementor-widget-container\">\n\t\t\t\t\t\t\t\t\t\t\t\t\t\t\t<img fetchpriority=\"high\" decoding=\"async\" width=\"750\" height=\"271\" src=\"https:\/\/steuber.net\/wp-content\/uploads\/2022\/08\/steuber-flowpack-verpackung.jpg\" class=\"attachment-large size-large wp-image-571\" alt=\"Steuber Flowpack Verpackung\" srcset=\"https:\/\/steuber.net\/wp-content\/uploads\/2022\/08\/steuber-flowpack-verpackung.jpg 750w, https:\/\/steuber.net\/wp-content\/uploads\/2022\/08\/steuber-flowpack-verpackung-300x108.jpg 300w\" sizes=\"(max-width: 750px) 100vw, 750px\" \/>\t\t\t\t\t\t\t\t\t\t\t\t\t\t\t<\/div>\n\t\t\t\t<\/div>\n\t\t\t\t<\/div>\n\t\t\t\t<\/div>\n\t\t<div class=\"elementor-element elementor-element-7263e7c7 e-con-full e-flex e-con e-parent\" data-id=\"7263e7c7\" data-element_type=\"container\" data-e-type=\"container\" data-settings=\"{&quot;background_background&quot;:&quot;classic&quot;}\">\n\t\t<div class=\"elementor-element elementor-element-307dfa1f e-con-full e-flex e-con e-child\" data-id=\"307dfa1f\" data-element_type=\"container\" data-e-type=\"container\">\n\t\t\t\t<div class=\"elementor-element elementor-element-2bc8e7a7 elementor-widget elementor-widget-heading\" data-id=\"2bc8e7a7\" data-element_type=\"widget\" data-e-type=\"widget\" data-widget_type=\"heading.default\">\n\t\t\t\t<div class=\"elementor-widget-container\">\n\t\t\t\t\t<h2 class=\"elementor-heading-title elementor-size-default\">Umreifungsmaschinen von Mosca<\/h2>\t\t\t\t<\/div>\n\t\t\t\t<\/div>\n\t\t\t\t<div class=\"elementor-element elementor-element-4d2ee42c elementor-widget elementor-widget-text-editor\" data-id=\"4d2ee42c\" data-element_type=\"widget\" data-e-type=\"widget\" data-widget_type=\"text-editor.default\">\n\t\t\t\t<div class=\"elementor-widget-container\">\n\t\t\t\t\t\t\t\t\t<p>Mit Umreifungstechnik lassen sich G\u00fcter aller Art b\u00fcndeln, verschlie\u00dfen und sichern. Zu unseren L\u00f6sungen geh\u00f6ren effizient arbeitende Umreifungsmaschinen und hochwertige Umreifungsb\u00e4nder von Mosca. Sie machen die Qualit\u00e4t Ihrer Ware am Ende der Produktionslinie komplett. Wir bieten halb- sowie vollautomatische Umreifungsl\u00f6sungen an.<\/p>\t\t\t\t\t\t\t\t<\/div>\n\t\t\t\t<\/div>\n\t\t\t\t<div class=\"elementor-element elementor-element-ba0bdbb elementor-widget elementor-widget-button\" data-id=\"ba0bdbb\" data-element_type=\"widget\" data-e-type=\"widget\" data-widget_type=\"button.default\">\n\t\t\t\t<div class=\"elementor-widget-container\">\n\t\t\t\t\t\t\t\t\t<div class=\"elementor-button-wrapper\">\n\t\t\t\t\t<a class=\"elementor-button elementor-button-link elementor-size-sm\" href=\"https:\/\/steuber.net\/ansprechpartner\/#verpackung\">\n\t\t\t\t\t\t<span class=\"elementor-button-content-wrapper\">\n\t\t\t\t\t\t\t\t\t<span class=\"elementor-button-text\">Ansprechpartner Umreifung<\/span>\n\t\t\t\t\t<\/span>\n\t\t\t\t\t<\/a>\n\t\t\t\t<\/div>\n\t\t\t\t\t\t\t\t<\/div>\n\t\t\t\t<\/div>\n\t\t\t\t<\/div>\n\t\t<div class=\"elementor-element elementor-element-4a43d7d1 e-con-full e-flex e-con e-child\" data-id=\"4a43d7d1\" data-element_type=\"container\" data-e-type=\"container\">\n\t\t\t\t<div class=\"elementor-element elementor-element-a23ea55 elementor-invisible elementor-widget elementor-widget-image\" data-id=\"a23ea55\" data-element_type=\"widget\" data-e-type=\"widget\" data-settings=\"{&quot;_animation&quot;:&quot;fadeInRight&quot;}\" data-widget_type=\"image.default\">\n\t\t\t\t<div class=\"elementor-widget-container\">\n\t\t\t\t\t\t\t\t\t\t\t\t\t\t\t<img decoding=\"async\" width=\"376\" height=\"474\" src=\"https:\/\/steuber.net\/wp-content\/uploads\/2022\/08\/steuber-umreifung-verpackung.png\" class=\"attachment-medium_large size-medium_large wp-image-572\" alt=\"Steuber Umreifung Mosca\" srcset=\"https:\/\/steuber.net\/wp-content\/uploads\/2022\/08\/steuber-umreifung-verpackung.png 376w, https:\/\/steuber.net\/wp-content\/uploads\/2022\/08\/steuber-umreifung-verpackung-238x300.png 238w\" sizes=\"(max-width: 376px) 100vw, 376px\" \/>\t\t\t\t\t\t\t\t\t\t\t\t\t\t\t<\/div>\n\t\t\t\t<\/div>\n\t\t\t\t<\/div>\n\t\t\t\t<\/div>\n\t\t<div class=\"elementor-element elementor-element-1295d0b5 e-con-full e-flex e-con e-parent\" data-id=\"1295d0b5\" data-element_type=\"container\" data-e-type=\"container\" data-settings=\"{&quot;background_background&quot;:&quot;gradient&quot;}\">\n\t\t<div class=\"elementor-element elementor-element-2e680d79 e-con-full e-flex e-con e-child\" data-id=\"2e680d79\" data-element_type=\"container\" data-e-type=\"container\">\n\t\t\t\t<div class=\"elementor-element elementor-element-1c074b82 elementor-widget elementor-widget-heading\" data-id=\"1c074b82\" data-element_type=\"widget\" data-e-type=\"widget\" data-widget_type=\"heading.default\">\n\t\t\t\t<div class=\"elementor-widget-container\">\n\t\t\t\t\t<h2 class=\"elementor-heading-title elementor-size-default\">Verpacken mit Robopac<\/h2>\t\t\t\t<\/div>\n\t\t\t\t<\/div>\n\t\t\t\t<\/div>\n\t\t<div class=\"elementor-element elementor-element-7eb532e0 e-con-full e-flex e-con e-child\" data-id=\"7eb532e0\" data-element_type=\"container\" data-e-type=\"container\">\n\t\t\t\t<div class=\"elementor-element elementor-element-815f02d elementor-widget elementor-widget-text-editor\" data-id=\"815f02d\" data-element_type=\"widget\" data-e-type=\"widget\" data-widget_type=\"text-editor.default\">\n\t\t\t\t<div class=\"elementor-widget-container\">\n\t\t\t\t\t\t\t\t\t<p>Beim Verpacken mit Folie kommt es vor allem auf hohe Performance an. Drehteller, Bandwickelmaschinen, Winkelschwei\u00dfmaschinen und Kartonagenverschlie\u00dfer von Robopack stabilisieren Lasten schnell und zuverl\u00e4ssig. Auf Wunsch erledigen selbstfahrende Roboter unterschiedlichste Verpackungsaufgaben auch autonom.<\/p>\t\t\t\t\t\t\t\t<\/div>\n\t\t\t\t<\/div>\n\t\t\t\t<div class=\"elementor-element elementor-element-8fdb894 elementor-widget elementor-widget-button\" data-id=\"8fdb894\" data-element_type=\"widget\" data-e-type=\"widget\" data-widget_type=\"button.default\">\n\t\t\t\t<div class=\"elementor-widget-container\">\n\t\t\t\t\t\t\t\t\t<div class=\"elementor-button-wrapper\">\n\t\t\t\t\t<a class=\"elementor-button elementor-button-link elementor-size-sm\" href=\"https:\/\/steuber.net\/ansprechpartner\/#verpackung\">\n\t\t\t\t\t\t<span class=\"elementor-button-content-wrapper\">\n\t\t\t\t\t\t\t\t\t<span class=\"elementor-button-text\">Ansprechpartner Verpackung<\/span>\n\t\t\t\t\t<\/span>\n\t\t\t\t\t<\/a>\n\t\t\t\t<\/div>\n\t\t\t\t\t\t\t\t<\/div>\n\t\t\t\t<\/div>\n\t\t\t\t<\/div>\n\t\t<div class=\"elementor-element elementor-element-58be7896 e-con-full e-flex e-con e-child\" data-id=\"58be7896\" data-element_type=\"container\" data-e-type=\"container\">\n\t\t\t\t<div class=\"elementor-element elementor-element-40298ee4 elementor-invisible elementor-widget elementor-widget-image\" data-id=\"40298ee4\" data-element_type=\"widget\" data-e-type=\"widget\" data-settings=\"{&quot;_animation&quot;:&quot;fadeInUp&quot;}\" data-widget_type=\"image.default\">\n\t\t\t\t<div class=\"elementor-widget-container\">\n\t\t\t\t\t\t\t\t\t\t\t\t\t\t\t<img decoding=\"async\" width=\"688\" height=\"500\" src=\"https:\/\/steuber.net\/wp-content\/uploads\/2022\/08\/steuber-folienverpackung-robopac.png\" class=\"attachment-medium_large size-medium_large wp-image-582\" alt=\"Steuber Verpackung Folie Robopac\" srcset=\"https:\/\/steuber.net\/wp-content\/uploads\/2022\/08\/steuber-folienverpackung-robopac.png 688w, https:\/\/steuber.net\/wp-content\/uploads\/2022\/08\/steuber-folienverpackung-robopac-300x218.png 300w\" sizes=\"(max-width: 688px) 100vw, 688px\" \/>\t\t\t\t\t\t\t\t\t\t\t\t\t\t\t<\/div>\n\t\t\t\t<\/div>\n\t\t\t\t<\/div>\n\t\t\t\t<\/div>\n\t\t<div class=\"elementor-element elementor-element-9308a46 e-con-full e-flex e-con e-parent\" data-id=\"9308a46\" data-element_type=\"container\" data-e-type=\"container\" data-settings=\"{&quot;background_background&quot;:&quot;classic&quot;}\">\n\t\t<div class=\"elementor-element elementor-element-2f799d2 e-con-full e-flex e-con e-child\" data-id=\"2f799d2\" data-element_type=\"container\" data-e-type=\"container\">\n\t\t\t\t<div class=\"elementor-element elementor-element-dcea9cc elementor-widget elementor-widget-heading\" data-id=\"dcea9cc\" data-element_type=\"widget\" data-e-type=\"widget\" data-widget_type=\"heading.default\">\n\t\t\t\t<div class=\"elementor-widget-container\">\n\t\t\t\t\t<h3 class=\"elementor-heading-title elementor-size-default\">Ich w\u00fcnsche konkrete Beratung \u2013 bitte setzen Sie sich mit mir in Verbindung.<\/h3>\t\t\t\t<\/div>\n\t\t\t\t<\/div>\n\t\t\t\t<div class=\"elementor-element elementor-element-14c76dc elementor-button-align-stretch elementor-widget elementor-widget-global elementor-global-2287 elementor-widget-form\" data-id=\"14c76dc\" data-element_type=\"widget\" data-e-type=\"widget\" data-settings=\"{&quot;step_next_label&quot;:&quot;N\\u00e4chster&quot;,&quot;step_previous_label&quot;:&quot;Voriger&quot;,&quot;button_width&quot;:&quot;100&quot;,&quot;step_type&quot;:&quot;number_text&quot;,&quot;step_icon_shape&quot;:&quot;circle&quot;}\" data-widget_type=\"form.default\">\n\t\t\t\t<div class=\"elementor-widget-container\">\n\t\t\t\t\t\t\t<form class=\"elementor-form\" method=\"post\" name=\"Feedbackformular\" aria-label=\"Feedbackformular\">\n\t\t\t<input type=\"hidden\" name=\"post_id\" value=\"564\"\/>\n\t\t\t<input type=\"hidden\" name=\"form_id\" value=\"14c76dc\"\/>\n\t\t\t<input type=\"hidden\" name=\"referer_title\" value=\"\" \/>\n\n\t\t\t\n\t\t\t<div class=\"elementor-form-fields-wrapper elementor-labels-\">\n\t\t\t\t\t\t\t\t<div class=\"elementor-field-type-checkbox elementor-field-group elementor-column elementor-field-group-field_186fdce elementor-col-100\">\n\t\t\t\t\t\t\t\t\t\t\t\t<label for=\"form-field-field_186fdce\" class=\"elementor-field-label elementor-screen-only\">\n\t\t\t\t\t\t\t\tFachbereich\t\t\t\t\t\t\t<\/label>\n\t\t\t\t\t\t<div class=\"elementor-field-subgroup  \"><span class=\"elementor-field-option\"><input type=\"checkbox\" value=\"Druckvorstufe\" id=\"form-field-field_186fdce-0\" name=\"form_fields[field_186fdce][]\"> <label for=\"form-field-field_186fdce-0\">Druckvorstufe<\/label><\/span><span class=\"elementor-field-option\"><input type=\"checkbox\" value=\"Druck\" id=\"form-field-field_186fdce-1\" name=\"form_fields[field_186fdce][]\"> <label for=\"form-field-field_186fdce-1\">Druck<\/label><\/span><span class=\"elementor-field-option\"><input type=\"checkbox\" value=\"Digitaldruck\" id=\"form-field-field_186fdce-2\" name=\"form_fields[field_186fdce][]\"> <label for=\"form-field-field_186fdce-2\">Digitaldruck<\/label><\/span><span class=\"elementor-field-option\"><input type=\"checkbox\" value=\"Weiterverarbeitung\" id=\"form-field-field_186fdce-3\" name=\"form_fields[field_186fdce][]\"> <label for=\"form-field-field_186fdce-3\">Weiterverarbeitung<\/label><\/span><span class=\"elementor-field-option\"><input type=\"checkbox\" value=\"Verpackung\" id=\"form-field-field_186fdce-4\" name=\"form_fields[field_186fdce][]\"> <label for=\"form-field-field_186fdce-4\">Verpackung<\/label><\/span><span class=\"elementor-field-option\"><input type=\"checkbox\" value=\"Gebrauchtmaschinen\" id=\"form-field-field_186fdce-5\" name=\"form_fields[field_186fdce][]\"> <label for=\"form-field-field_186fdce-5\">Gebrauchtmaschinen<\/label><\/span><span class=\"elementor-field-option\"><input type=\"checkbox\" value=\"Automatisierung\" id=\"form-field-field_186fdce-6\" name=\"form_fields[field_186fdce][]\"> <label for=\"form-field-field_186fdce-6\">Automatisierung<\/label><\/span><span class=\"elementor-field-option\"><input type=\"checkbox\" value=\"Consulting\" id=\"form-field-field_186fdce-7\" name=\"form_fields[field_186fdce][]\"> <label for=\"form-field-field_186fdce-7\">Consulting<\/label><\/span><span class=\"elementor-field-option\"><input type=\"checkbox\" value=\"Service\" id=\"form-field-field_186fdce-8\" name=\"form_fields[field_186fdce][]\"> <label for=\"form-field-field_186fdce-8\">Service<\/label><\/span><span class=\"elementor-field-option\"><input type=\"checkbox\" value=\"Verbrauchsmaterialien\" id=\"form-field-field_186fdce-9\" name=\"form_fields[field_186fdce][]\"> <label for=\"form-field-field_186fdce-9\">Verbrauchsmaterialien<\/label><\/span><span class=\"elementor-field-option\"><input type=\"checkbox\" value=\"Ersatzteile\" id=\"form-field-field_186fdce-10\" name=\"form_fields[field_186fdce][]\"> <label for=\"form-field-field_186fdce-10\">Ersatzteile<\/label><\/span><\/div>\t\t\t\t<\/div>\n\t\t\t\t\t\t\t\t<div class=\"elementor-field-type-text elementor-field-group elementor-column elementor-field-group-name elementor-col-50\">\n\t\t\t\t\t\t\t\t\t\t\t\t<label for=\"form-field-name\" class=\"elementor-field-label elementor-screen-only\">\n\t\t\t\t\t\t\t\tName\t\t\t\t\t\t\t<\/label>\n\t\t\t\t\t\t\t\t\t\t\t\t\t\t<input size=\"1\" type=\"text\" name=\"form_fields[name]\" id=\"form-field-name\" class=\"elementor-field elementor-size-sm  elementor-field-textual\" placeholder=\"Name\">\n\t\t\t\t\t\t\t\t\t\t\t<\/div>\n\t\t\t\t\t\t\t\t<div class=\"elementor-field-type-text elementor-field-group elementor-column elementor-field-group-field_15cb633 elementor-col-50\">\n\t\t\t\t\t\t\t\t\t\t\t\t<label for=\"form-field-field_15cb633\" class=\"elementor-field-label elementor-screen-only\">\n\t\t\t\t\t\t\t\tFirma\t\t\t\t\t\t\t<\/label>\n\t\t\t\t\t\t\t\t\t\t\t\t\t\t<input size=\"1\" type=\"text\" name=\"form_fields[field_15cb633]\" id=\"form-field-field_15cb633\" class=\"elementor-field elementor-size-sm  elementor-field-textual\" placeholder=\"Firma\">\n\t\t\t\t\t\t\t\t\t\t\t<\/div>\n\t\t\t\t\t\t\t\t<div class=\"elementor-field-type-email elementor-field-group elementor-column elementor-field-group-email elementor-col-50 elementor-field-required\">\n\t\t\t\t\t\t\t\t\t\t\t\t<label for=\"form-field-email\" class=\"elementor-field-label elementor-screen-only\">\n\t\t\t\t\t\t\t\tE-Mail\t\t\t\t\t\t\t<\/label>\n\t\t\t\t\t\t\t\t\t\t\t\t\t\t<input size=\"1\" type=\"email\" name=\"form_fields[email]\" id=\"form-field-email\" class=\"elementor-field elementor-size-sm  elementor-field-textual\" placeholder=\"E-Mail\" required=\"required\">\n\t\t\t\t\t\t\t\t\t\t\t<\/div>\n\t\t\t\t\t\t\t\t<div class=\"elementor-field-type-tel elementor-field-group elementor-column elementor-field-group-field_f599f16 elementor-col-50 elementor-field-required\">\n\t\t\t\t\t\t\t\t\t\t\t\t<label for=\"form-field-field_f599f16\" class=\"elementor-field-label elementor-screen-only\">\n\t\t\t\t\t\t\t\tTelefon tags\u00fcber\t\t\t\t\t\t\t<\/label>\n\t\t\t\t\t\t\t\t<input size=\"1\" type=\"tel\" name=\"form_fields[field_f599f16]\" id=\"form-field-field_f599f16\" class=\"elementor-field elementor-size-sm  elementor-field-textual\" placeholder=\"Telefon tags\u00fcber\" required=\"required\" pattern=\"[0-9()#&amp;+*-=.]+\" title=\"Only numbers and phone characters (#, -, *, etc) are accepted.\">\n\n\t\t\t\t\t\t<\/div>\n\t\t\t\t\t\t\t\t<div class=\"elementor-field-type-textarea elementor-field-group elementor-column elementor-field-group-message elementor-col-100\">\n\t\t\t\t\t\t\t\t\t\t\t\t<label for=\"form-field-message\" class=\"elementor-field-label elementor-screen-only\">\n\t\t\t\t\t\t\t\tNachricht\t\t\t\t\t\t\t<\/label>\n\t\t\t\t\t\t<textarea class=\"elementor-field-textual elementor-field  elementor-size-sm\" name=\"form_fields[message]\" id=\"form-field-message\" rows=\"4\" placeholder=\"Nachricht\"><\/textarea>\t\t\t\t<\/div>\n\t\t\t\t\t\t\t\t<div class=\"elementor-field-type-recaptcha elementor-field-group elementor-column elementor-field-group-field_2a7feb5 elementor-col-100\">\n\t\t\t\t\t<div class=\"elementor-field\" id=\"form-field-field_2a7feb5\"><div class=\"elementor-g-recaptcha\" data-sitekey=\"6LftK9siAAAAAL_1UNG55IWCm75np-ECH_SfgA4k\" data-type=\"v2_checkbox\" data-theme=\"light\" data-size=\"normal\"><\/div><\/div>\t\t\t\t<\/div>\n\t\t\t\t\t\t\t\t<div class=\"elementor-field-type-acceptance elementor-field-group elementor-column elementor-field-group-field_2258420 elementor-col-100 elementor-field-required\">\n\t\t\t\t\t\t\t\t\t\t\t\t<label for=\"form-field-field_2258420\" class=\"elementor-field-label elementor-screen-only\">\n\t\t\t\t\t\t\t\tAkzeptiere\t\t\t\t\t\t\t<\/label>\n\t\t\t\t\t\t\t\t<div class=\"elementor-field-subgroup\">\n\t\t\t<span class=\"elementor-field-option\">\n\t\t\t\t<input type=\"checkbox\" name=\"form_fields[field_2258420]\" id=\"form-field-field_2258420\" class=\"elementor-field elementor-size-sm  elementor-acceptance-field\" required=\"required\">\n\t\t\t\t<label for=\"form-field-field_2258420\">Ich stimme der Verarbeitung meiner Informationen zu.<\/label>\t\t\t<\/span>\n\t\t<\/div>\n\t\t\t\t\t\t<\/div>\n\t\t\t\t\t\t\t\t<div class=\"elementor-field-type-acceptance elementor-field-group elementor-column elementor-field-group-field_c7b139d elementor-col-100\">\n\t\t\t\t\t\t\t\t\t\t\t\t<label for=\"form-field-field_c7b139d\" class=\"elementor-field-label elementor-screen-only\">\n\t\t\t\t\t\t\t\tNewsletter\t\t\t\t\t\t\t<\/label>\n\t\t\t\t\t\t\t\t<div class=\"elementor-field-subgroup\">\n\t\t\t<span class=\"elementor-field-option\">\n\t\t\t\t<input type=\"checkbox\" name=\"form_fields[field_c7b139d]\" id=\"form-field-field_c7b139d\" class=\"elementor-field elementor-size-sm  elementor-acceptance-field\">\n\t\t\t\t<label for=\"form-field-field_c7b139d\">Ich m\u00f6chte den Steuber Newsletter erhalten<\/label>\t\t\t<\/span>\n\t\t<\/div>\n\t\t\t\t\t\t<\/div>\n\t\t\t\t\t\t\t\t<div class=\"elementor-field-group elementor-column elementor-field-type-submit elementor-col-100 e-form__buttons\">\n\t\t\t\t\t<button class=\"elementor-button elementor-size-sm\" type=\"submit\">\n\t\t\t\t\t\t<span class=\"elementor-button-content-wrapper\">\n\t\t\t\t\t\t\t\t\t\t\t\t\t\t\t\t\t\t\t\t\t\t<span class=\"elementor-button-text\">Senden<\/span>\n\t\t\t\t\t\t\t\t\t\t\t\t\t<\/span>\n\t\t\t\t\t<\/button>\n\t\t\t\t<\/div>\n\t\t\t<\/div>\n\t\t<\/form>\n\t\t\t\t\t\t<\/div>\n\t\t\t\t<\/div>\n\t\t\t\t<\/div>\n\t\t\t\t<\/div>\n\t\t\t\t<\/div>\n\t\t","protected":false},"excerpt":{"rendered":"<p>Vielf\u00e4ltige Verpackungsl\u00f6sungen f\u00fcr den letzten Schritt der Produktion Verpackung schafft Mehrwert. Sie sch\u00fctzt die Ware und spricht Kunden emotional an. Ob geb\u00fcndelt, banderoliert, umreift oder folienverpackt; f\u00fcr jede Anforderung haben wir bei Steuber innovative Maschinen und Materialien im Programm. Ma\u00dfgeschneiderte Sicherheit f\u00fcr Ihre Produkte. Flowpack- und Folien-Verpackung Hugo Beck ist f\u00fchrender Hersteller von horizontalen Flowpack-, [&hellip;]<\/p>\n","protected":false},"author":1,"featured_media":0,"parent":0,"menu_order":0,"comment_status":"closed","ping_status":"closed","template":"","meta":{"footnotes":""},"class_list":["post-564","page","type-page","status-publish","hentry"],"_links":{"self":[{"href":"https:\/\/steuber.net\/en\/wp-json\/wp\/v2\/pages\/564","targetHints":{"allow":["GET"]}}],"collection":[{"href":"https:\/\/steuber.net\/en\/wp-json\/wp\/v2\/pages"}],"about":[{"href":"https:\/\/steuber.net\/en\/wp-json\/wp\/v2\/types\/page"}],"author":[{"embeddable":true,"href":"https:\/\/steuber.net\/en\/wp-json\/wp\/v2\/users\/1"}],"replies":[{"embeddable":true,"href":"https:\/\/steuber.net\/en\/wp-json\/wp\/v2\/comments?post=564"}],"version-history":[{"count":0,"href":"https:\/\/steuber.net\/en\/wp-json\/wp\/v2\/pages\/564\/revisions"}],"wp:attachment":[{"href":"https:\/\/steuber.net\/en\/wp-json\/wp\/v2\/media?parent=564"}],"curies":[{"name":"wp","href":"https:\/\/api.w.org\/{rel}","templated":true}]}}