{"id":8036,"date":"2024-07-10T08:52:13","date_gmt":"2024-07-10T08:52:13","guid":{"rendered":"https:\/\/steuber.net\/?page_id=8036"},"modified":"2025-09-29T08:35:39","modified_gmt":"2025-09-29T08:35:39","slug":"press","status":"publish","type":"page","link":"https:\/\/steuber.net\/en\/presse\/","title":{"rendered":"Press"},"content":{"rendered":"<div data-elementor-type=\"wp-page\" data-elementor-id=\"8036\" class=\"elementor elementor-8036\" data-elementor-post-type=\"page\">\n\t\t\t\t<div class=\"elementor-element elementor-element-8510eb2 e-flex e-con-boxed e-con e-parent\" data-id=\"8510eb2\" data-element_type=\"container\" data-e-type=\"container\">\n\t\t\t\t\t<div class=\"e-con-inner\">\n\t\t<div class=\"elementor-element elementor-element-612d819 e-con-full e-flex e-con e-child\" data-id=\"612d819\" data-element_type=\"container\" data-e-type=\"container\">\n\t\t\t\t<div class=\"elementor-element elementor-element-09954f0 elementor-widget elementor-widget-heading\" data-id=\"09954f0\" data-element_type=\"widget\" data-e-type=\"widget\" data-widget_type=\"heading.default\">\n\t\t\t\t<div class=\"elementor-widget-container\">\n\t\t\t\t\t<h1 class=\"elementor-heading-title elementor-size-default\">Press area<\/h1>\t\t\t\t<\/div>\n\t\t\t\t<\/div>\n\t\t\t\t<div class=\"elementor-element elementor-element-9dc85be elementor-widget elementor-widget-text-editor\" data-id=\"9dc85be\" data-element_type=\"widget\" data-e-type=\"widget\" data-widget_type=\"text-editor.default\">\n\t\t\t\t<div class=\"elementor-widget-container\">\n\t\t\t\t\t\t\t\t\t<h2><span class=\"ui-provider a b c d e f g h i j k l m n o p q r s t u v w x y z ab ac ae af ag ah ai aj ak\" dir=\"ltr\">Here you will find all the news about Systemhaus Steuber.<\/span><\/h2>\t\t\t\t\t\t\t\t<\/div>\n\t\t\t\t<\/div>\n\t\t\t\t<\/div>\n\t\t<div class=\"elementor-element elementor-element-0038670 e-con-full e-flex e-con e-child\" data-id=\"0038670\" data-element_type=\"container\" data-e-type=\"container\">\n\t\t\t\t<div class=\"elementor-element elementor-element-b5c5267 elementor-widget elementor-widget-n-accordion\" data-id=\"b5c5267\" data-element_type=\"widget\" data-e-type=\"widget\" data-settings=\"{&quot;default_state&quot;:&quot;expanded&quot;,&quot;max_items_expended&quot;:&quot;one&quot;,&quot;n_accordion_animation_duration&quot;:{&quot;unit&quot;:&quot;ms&quot;,&quot;size&quot;:400,&quot;sizes&quot;:[]}}\" data-widget_type=\"nested-accordion.default\">\n\t\t\t\t<div class=\"elementor-widget-container\">\n\t\t\t\t\t\t\t<div class=\"e-n-accordion\" aria-label=\"Accordion. Open links with Enter or Space, close with Escape, and navigate with Arrow Keys\">\n\t\t\t\t\t\t<details id=\"e-n-accordion-item-1900\" class=\"e-n-accordion-item\" open>\n\t\t\t\t<summary class=\"e-n-accordion-item-title\" data-accordion-index=\"1\" tabindex=\"0\" aria-expanded=\"true\" aria-controls=\"e-n-accordion-item-1900\" >\n\t\t\t\t\t<span class='e-n-accordion-item-title-header'><div class=\"e-n-accordion-item-title-text\"> Editorial contributions from the trade press <\/div><\/span>\n\t\t\t\t\t\t\t<span class='e-n-accordion-item-title-icon'>\n\t\t\t<span class='e-opened' ><i aria-hidden=\"true\" class=\"fas fa-minus\"><\/i><\/span>\n\t\t\t<span class='e-closed'><i aria-hidden=\"true\" class=\"fas fa-plus\"><\/i><\/span>\n\t\t<\/span>\n\n\t\t\t\t\t\t<\/summary>\n\t\t\t\t<div role=\"region\" aria-labelledby=\"e-n-accordion-item-1900\" class=\"elementor-element elementor-element-6aa4ff6 e-con-full e-flex e-con e-child\" data-id=\"6aa4ff6\" data-element_type=\"container\" data-e-type=\"container\">\n\t\t\t\t<div class=\"elementor-element elementor-element-6cb455d elementor-widget elementor-widget-text-editor\" data-id=\"6cb455d\" data-element_type=\"widget\" data-e-type=\"widget\" data-widget_type=\"text-editor.default\">\n\t\t\t\t<div class=\"elementor-widget-container\">\n\t\t\t\t\t\t\t\t\t<p><strong>2025<\/strong><\/p><ul><li><a href=\"https:\/\/www.print.de\/allgemein\/be-beyond-und-steuber-buendeln-kraefte-fuer-integrierte-web-to-print-loesungen\/?omhide=true&amp;utm_source=ddv_daily_nl&amp;utm_campaign=Be.Beyond_und_Steuber_b%c3%bcndeln_Kr%c3%a4fte_f%c3%bcr_integrierte_Web-to-Print-L%c3%b6sungen_25092025&amp;utm_medium=email\" target=\"_blank\" rel=\"noopener\">Partnership between software developer and system house: Be.Beyond and Steuber join forces for integrated web-to-print solutions<\/a><\/li><li><a href=\"https:\/\/www.print.de\/e-dossiers\/neu-bei-steuber-fluid-compact-circle\/\" target=\"_blank\" rel=\"noopener\">Steuber expands its expertise in printing inks: New at Steuber: Fluid Compact Circle<\/a><\/li><li><a href=\"https:\/\/www.print.de\/e-dossiers\/crispy-mountain-und-steuber-starten-strategische-partnerschaft-2\/\" target=\"_blank\" rel=\"noopener\">Crispy Mountain and Steuber launch strategic partnership<\/a><\/li><li><a href=\"https:\/\/www.print.de\/e-dossiers\/fujifilm-revoria-press-pc1120-von-steuber-bewaehrt-sich-bei-le-roux-in-erbach\/\" target=\"_blank\" rel=\"noopener\">Inline finishing included: Fujifilm Revoria Press PC1120 from Steuber proves its worth at Le Roux in Erbach<\/a><\/li><li><a href=\"https:\/\/steuber.net\/wp-content\/uploads\/2025\/02\/PM_Crispy-Mountain-und-Steuber-starten-strategische-Partnerschaft_022025.pdf\">Forward-looking cooperation for the print and media industry: Crispy Mountain and Steuber launch strategic partnership<\/a><\/li><li><a href=\"https:\/\/steuber.net\/wp-content\/uploads\/2025\/01\/Bindereport_1-2025_Titelstory_PrintWire.pdf\">Expertise with wire comb: bindereport interview with Anne Thul, Marketing Manager at Steuber GmbH &amp; Co. KG<\/a><\/li><li><a href=\"https:\/\/steuber.net\/wp-content\/uploads\/2025\/01\/GP_1-25_Success-Story_Steuber_Nuschdruck.pdf\">Nuschdruck (Gummersbach) relies on Steuber as a partner for new investment: Folding efficiency further increased with an MBO T50<\/a><\/li><li><a href=\"https:\/\/steuber.net\/wp-content\/uploads\/2025\/01\/GP_1-25_Success-Story_Steuber_Le-Roux.pdf\">Fujifilm Revoria Press PC1120 from Steuber proves its worth at Le Roux in Erbach: Inline finishing included<\/a><\/li><li><a href=\"https:\/\/steuber.net\/wp-content\/uploads\/2025\/01\/GP_1-25_Veranstaltungen_Steuber_Business-Fruehstueck.pdf\">Steuber's 4th Business Breakfast: New event concept met with great interest<\/a><\/li><\/ul><p><strong>2024<\/strong><\/p><ul><li><a href=\"https:\/\/www.worldofprint.de\/2024\/11\/26\/horizon-und-steuber-gehen-strategische-partnerschaft-ein\/\" target=\"_blank\" rel=\"noopener\">Horizon and Steuber enter into strategic partnership<\/a><\/li><li><a href=\"https:\/\/www.druckspiegel.de\/Home\/News\/33499\" target=\"_blank\" rel=\"noopener\">Horizon and Steuber enter into strategic partnership<\/a><\/li><li><a href=\"https:\/\/www.print.de\/allgemein\/horizon-erweitert-mit-steuber-das-vertriebsnetz\/?omhide=true&amp;utm_source=ddv_daily_nl&amp;utm_campaign=Horizon_erweitert_mit_Steuber_das_Vertriebsnetz_26112024&amp;utm_medium=email\" target=\"_blank\" rel=\"noopener\">Machine sales in the short and very short run sector: Horizon expands its sales network with Steuber<\/a><\/li><li><a href=\"https:\/\/steuber.net\/wp-content\/uploads\/2024\/07\/SW07_Steuber_VT_ben_nK_AT_low.pdf\" target=\"_blank\" rel=\"noopener\">Steuber expands its sales organisation: Claudia Neuhoff has been appointed Regional Sales Manager for digital printing throughout Germany<\/a><\/li><li><a href=\"https:\/\/steuber.net\/wp-content\/uploads\/2024\/07\/064_Steuber_mr_low.pdf\" target=\"_blank\" rel=\"noopener\">Steuber's recipes for success: System house Steuber presents new brand image at drupa<\/a><\/li><li><a href=\"https:\/\/steuber.net\/wp-content\/uploads\/2024\/07\/074_Steuber_Weiss_mr_low.pdf\">Sustainable production in sheetfed offset with Sun Chemical: Weiss-Druck relies on SunLit ink series and Steuber's expertise<\/a><\/li><li><a href=\"https:\/\/steuber.net\/wp-content\/uploads\/2024\/07\/102_Steuber_Scholz_ms_low.pdf\" target=\"_blank\" rel=\"noopener\">MBO T50 - used like new: Scholz-Druck accepts surprising offer from Steuber within 24 hours<\/a><\/li><li><a href=\"https:\/\/steuber.net\/wp-content\/uploads\/2024\/07\/NRW01_Terbeck_Steuber_v2_low.pdf\" target=\"_blank\" rel=\"noopener\">Surprisingly versatile: Terbeck takes a \"big step forward\" with the Morgana Autocreaser 50<\/a><\/li><li><a href=\"https:\/\/steuber.net\/wp-content\/uploads\/2024\/07\/SW08_Steuber_SunChemical_nKorrUG_low.pdf\" target=\"_blank\" rel=\"noopener\">Steuber with top service for packaging printers: Cooperation with Sun Chemical to be intensified<\/a><\/li><li><a href=\"https:\/\/steuber.net\/wp-content\/uploads\/2024\/07\/037_Steuber_mr_low.pdf\" target=\"_blank\" rel=\"noopener\">Steuber also scores with expertise in used machines: International marketing of complete machine fleets<\/a><\/li><li><a href=\"https:\/\/steuber.net\/wp-content\/uploads\/2024\/07\/146-147_Steuber_Business-Fruehstueck_ms_low.pdf\" target=\"_blank\" rel=\"noopener\">\"A good figure for your print products\": Review of the 3rd business breakfast at Steuber in M\u00f6nchengladbach<\/a><\/li><li><a href=\"https:\/\/steuber.net\/wp-content\/uploads\/2024\/07\/NRW01-02_Meier_Steuber_v2_low.pdf\" target=\"_blank\" rel=\"noopener\">Requirement understood: Heinrich Steuber installs cutting system at Druck Union in Rees<\/a><\/li><\/ul><p><strong>\u00a0<\/strong><\/p><p><strong>2023<\/strong><\/p><ul><li><a href=\"https:\/\/steuber.net\/wp-content\/uploads\/2024\/07\/048-049_Steuber_Frielingsdorf_ms_low.pdf\" target=\"_blank\" rel=\"noopener\">Modern technology for XXL commercial printing: Steuber sells Canon Arizona 1380 GT to Frielingsdorf (Wuppertal)<\/a><\/li><li><a href=\"https:\/\/steuber.net\/wp-content\/uploads\/2024\/07\/NRW04-05_Steuber_Frank_ben_low-1.pdf\" target=\"_blank\" rel=\"noopener\">iEcho solves the die-cutting problem: Frank Druck + Medien in Aachen: Creative by tradition<\/a><\/li><li><a href=\"https:\/\/steuber.net\/wp-content\/uploads\/2024\/07\/084-085__Steuber_mr_low-1.pdf\" target=\"_blank\" rel=\"noopener\">Networking for breakfast: 2nd business breakfast at Steuber<\/a><\/li><li><a href=\"https:\/\/steuber.net\/wp-content\/uploads\/2024\/07\/082-083_Steuber_Sun-Chemical_mr_low-1.pdf\" target=\"_blank\" rel=\"noopener\">Continuing to grow together: Steuber and Sun Chemical expand their collaboration<\/a><\/li><li><a href=\"https:\/\/steuber.net\/wp-content\/uploads\/2024\/07\/136-137_Steuber_Zimmermann_at_v3_low-1.pdf\" target=\"_blank\" rel=\"noopener\">More speed in folding: Druckerei Zimmermann folds fully automatically with an MBO K8RS including Cobo stack<\/a><\/li><\/ul><p><strong>\u00a0<\/strong><\/p><p><strong>2022<\/strong><\/p><ul><li><a href=\"https:\/\/steuber.net\/wp-content\/uploads\/2024\/07\/040-041_Koellen_Steuber_at_v5_low.pdf\" target=\"_blank\" rel=\"noopener\">Sheets in, brochures out: K\u00f6llen Druck + Verlag orders Konica Minolta AccurioPress 7100 from Heinrich Steuber<\/a><\/li><li><a href=\"https:\/\/steuber.net\/wp-content\/uploads\/2024\/07\/064-065_Steuber-Fest_mr_low.pdf\" target=\"_blank\" rel=\"noopener\">100 years of Steuber: Anniversary celebrations in M\u00f6nchengladbach<\/a><\/li><li><a href=\"https:\/\/steuber.net\/wp-content\/uploads\/2024\/07\/020-021_Steuber_Tessitura_mr_v2_low.pdf\" target=\"_blank\" rel=\"noopener\">Building bridges for the future: Steuber offers state-of-the-art software solutions with start-up Tessitura GmbH<\/a><\/li><li><a href=\"https:\/\/steuber.net\/wp-content\/uploads\/2024\/07\/118-119_Steuber_Silber-Druck_nie_ms_low-1.pdf\" target=\"_blank\" rel=\"noopener\">Two combi folding machines and three cobots: Silber Druck (Kassel) relies on teamwork with Heinrich Steuber and MBO<\/a><\/li><li><a href=\"https:\/\/steuber.net\/wp-content\/uploads\/2024\/07\/088-089_Steuber_ms_low.pdf\" target=\"_blank\" rel=\"noopener\">Partner to the printing and media industry since 1922: Systemhaus Steuber, M\u00f6nchengladbach<\/a><\/li><li><a href=\"https:\/\/steuber.net\/wp-content\/uploads\/2024\/07\/148_149_Steuber_-Bubi-Terbeck_ms_low-1.pdf\" target=\"_blank\" rel=\"noopener\">An optimised package: Steuber implements three machine projects at Terbeck in Coesfeld in 2021<\/a><\/li><li><a href=\"https:\/\/steuber.net\/wp-content\/uploads\/2024\/07\/060-061_Steuber_Beutler_mr_low.pdf\" target=\"_blank\" rel=\"noopener\">Beutler Verpackungen invests in networked production technology: major investment package realised by specialist retailer Steuber<\/a><\/li><\/ul><p><strong>\u00a0<\/strong><\/p><p><strong>2021<\/strong><\/p><ul><li><a href=\"https:\/\/steuber.net\/wp-content\/uploads\/2024\/07\/106-109_Steuber_Gizeh_ms_druck.pdf\" target=\"_blank\" rel=\"noopener\">A skilful quantum leap: Gizeh (Gummersbach): Expansion of the print shop into a folding carton plant with Steuber<\/a><\/li><li><a href=\"https:\/\/steuber.net\/wp-content\/uploads\/2024\/07\/NRW_02_03_DL_Steuber.pdf\" target=\"_blank\" rel=\"noopener\">Robot technology takes over the backbone job: RD+L uses MBO CoBo-Stack robots from Steuber behind folding machines<\/a><\/li><\/ul><p><strong>\u00a0<\/strong><\/p><p><strong>2020<\/strong><\/p><ul><li><a href=\"https:\/\/steuber.net\/wp-content\/uploads\/2024\/07\/114_115_Steuber_TheisenBonitz_Blmeke_ms-1.pdf\" target=\"_blank\" rel=\"noopener\">Top - with pile delivery and brochure production: Bl\u00f6meke in Herne invests in Theisen &amp; Bonitz system from Steuber<\/a><\/li><li><a href=\"https:\/\/steuber.net\/wp-content\/uploads\/2024\/07\/003_Drei-Fragen-an_ms.pdf\" target=\"_blank\" rel=\"noopener\">Three questions for Managing Director Stephan Steuber<\/a><\/li><li><a href=\"https:\/\/steuber.net\/wp-content\/uploads\/2024\/07\/104_105_Steuber_TheisenBonitz_Hossinger_ms.pdf\" target=\"_blank\" rel=\"noopener\">Increasing demand for saddle stitching covered: Steuber brings overhauled Theisen &amp; Bonitz system to Hossinger in Leverkusen<\/a><\/li><li><a href=\"https:\/\/steuber.net\/wp-content\/uploads\/2024\/07\/062_064_Marbo_Werbung_Steuber_Elbe_Leasing.pdf\" target=\"_blank\" rel=\"noopener\">Launched just in time for the production season: RKoenig &amp; Bauer Rapida 105 Pro from Steuber goes into operation at Marbo Werbung<\/a><\/li><\/ul>\t\t\t\t\t\t\t\t<\/div>\n\t\t\t\t<\/div>\n\t\t\t\t<\/div>\n\t\t\t\t\t<\/details>\n\t\t\t\t\t<\/div>\n\t\t\t\t\t\t<\/div>\n\t\t\t\t<\/div>\n\t\t\t\t<div class=\"elementor-element elementor-element-bf8ec13 elementor-widget elementor-widget-n-accordion\" data-id=\"bf8ec13\" data-element_type=\"widget\" data-e-type=\"widget\" data-settings=\"{&quot;default_state&quot;:&quot;expanded&quot;,&quot;max_items_expended&quot;:&quot;one&quot;,&quot;n_accordion_animation_duration&quot;:{&quot;unit&quot;:&quot;ms&quot;,&quot;size&quot;:400,&quot;sizes&quot;:[]}}\" data-widget_type=\"nested-accordion.default\">\n\t\t\t\t<div class=\"elementor-widget-container\">\n\t\t\t\t\t\t\t<div class=\"e-n-accordion\" aria-label=\"Accordion. Open links with Enter or Space, close with Escape, and navigate with Arrow Keys\">\n\t\t\t\t\t\t<details id=\"e-n-accordion-item-2000\" class=\"e-n-accordion-item\" open>\n\t\t\t\t<summary class=\"e-n-accordion-item-title\" data-accordion-index=\"1\" tabindex=\"0\" aria-expanded=\"true\" aria-controls=\"e-n-accordion-item-2000\" >\n\t\t\t\t\t<span class='e-n-accordion-item-title-header'><div class=\"e-n-accordion-item-title-text\"> Articles in online specialised media <\/div><\/span>\n\t\t\t\t\t\t\t<span class='e-n-accordion-item-title-icon'>\n\t\t\t<span class='e-opened' ><i aria-hidden=\"true\" class=\"fas fa-minus\"><\/i><\/span>\n\t\t\t<span class='e-closed'><i aria-hidden=\"true\" class=\"fas fa-plus\"><\/i><\/span>\n\t\t<\/span>\n\n\t\t\t\t\t\t<\/summary>\n\t\t\t\t<div role=\"region\" aria-labelledby=\"e-n-accordion-item-2000\" class=\"elementor-element elementor-element-fa5e0bd e-con-full e-flex e-con e-child\" data-id=\"fa5e0bd\" data-element_type=\"container\" data-e-type=\"container\">\n\t\t\t\t<div class=\"elementor-element elementor-element-83fcdcf elementor-widget elementor-widget-text-editor\" data-id=\"83fcdcf\" data-element_type=\"widget\" data-e-type=\"widget\" data-widget_type=\"text-editor.default\">\n\t\t\t\t<div class=\"elementor-widget-container\">\n\t\t\t\t\t\t\t\t\t<p><strong>2025<\/strong><\/p><ul><li><a href=\"https:\/\/www.print.de\/e-dossiers\/5-business-fruehstueck-bei-steuber-wo-ideen-technik-und-menschen-zusammenkommen\/\" target=\"_blank\" rel=\"noopener\">Inspiration, innovation and networking: 5th business breakfast at Steuber: where ideas, technology and people come together<\/a><\/li><\/ul><p>\u00a0<\/p><p><strong>2024<\/strong><\/p><ul><li><a href=\"https:\/\/www.print.de\/e-dossiers\/systemhaus-steuber-praesentiert-neuen-markenauftritt-zur-drupa\/\" target=\"_blank\" rel=\"noopener\">System house Steuber presents new brand image at drupa: Steuber's recipes for success<\/a><\/li><li><a href=\"https:\/\/www.print.de\/e-dossiers\/weiss-druck-setzt-auf-sunlit-farbserie-und-die-kompetenz-von-steuber\/\" target=\"_blank\" rel=\"noopener\">Weiss-Druck relies on SunLit ink series and Steuber's expertise: Sustainable production in sheetfed offset with Sun Chemical<\/a><\/li><li><a href=\"https:\/\/www.print.de\/e-dossiers\/scholz-druck-nimmt-ueberraschendes-angebot-von-steuber-innerhalb-24-stunden-an\/\" target=\"_blank\" rel=\"noopener\">Scholz-Druck accepts surprising offer from Steuber within 24 hours: MBO T50 - used like new!<\/a><\/li><li><a href=\"https:\/\/www.print.de\/e-dossiers\/heinrich-steuber-installiert-schneideanlage-bei-der-druck-union-in-rees\/\" target=\"_blank\" rel=\"noopener\">Heinrich Steuber installs cutting system at Druck Union in Rees: Requirements understood<\/a><\/li><\/ul><p>\u00a0<\/p><p><strong>2023<\/strong><\/p><ul><li><a href=\"https:\/\/www.print.de\/e-dossiers\/steuber-vermittelt-canon-arizona-1380-gt-an-frielingsdorf-wuppertal\/\" target=\"_blank\" rel=\"noopener\">Steuber places Canon Arizona 1380 GT with Frielingsdorf (Wuppertal): Modern technology for XXL commercial printing <\/a><\/li><li><a href=\"https:\/\/www.print.de\/e-dossiers\/frank-druck-medien-in-aachen-kreativ-aus-tradition\/\" target=\"_blank\" rel=\"noopener\">Frank Druck + Medien in Aachen: Creative by tradition: iEcho solves the die-cutting problem<\/a><\/li><li><a href=\"https:\/\/www.print.de\/events\/steuber-und-tessitura-bei-der-print-digital-convention-2023\/\" target=\"_blank\" rel=\"noopener\">Steuber and Tessitura at the Print &amp; Digital Convention 2023: Digitise your traditions<\/a><\/li><li><a href=\"https:\/\/www.print.de\/e-dossiers\/steuber-und-sun-chemical-bauen-ihre-zusammenarbeit-aus\/\" target=\"_blank\" rel=\"noopener\">Steuber and Sun Chemical expand their collaboration: Further growth together<\/a><\/li><li><a href=\"https:\/\/www.print.de\/e-dossiers\/druckerei-zimmermann-falzt-vollautomatisch-mit-einer-mbo-k8rs-samt-cobo-stack\/\" target=\"_blank\" rel=\"noopener\">Druckerei Zimmermann folds fully automatically with an MBO K8RS including Cobo stack: More speed in folding <\/a><\/li><li><a style=\"font-size: 17.6px; text-align: var(--text-align);\" href=\"https:\/\/www.print.de\/e-dossiers\/alliance-days-bei-hohner-in-tuttlingen-viele-maschinen-neuheiten-zum-jahresende-2022\/\" target=\"_blank\" rel=\"noopener\">Alliance Days at Hohner in Tuttlingen: When the Postpress Alliance calls...<\/a><\/li><\/ul><p>\u00a0<\/p><p><strong>2022<\/strong><\/p><ul><li><a href=\"https:\/\/www.print.de\/e-dossiers\/silber-druck-kassel-setzt-auf-das-teamwork-mit-heinrich-steuber-und-mbo\/\" target=\"_blank\" rel=\"noopener\">Silber Druck (Kassel) relies on teamwork with Heinrich Steuber and MBO: two combi folding machines and three cobots <\/a><\/li><li><a href=\"https:\/\/www.print.de\/e-dossiers\/steuber-bietet-mit-start-up-tessitura-gmbh-modernste-software-loesungen\/\" target=\"_blank\" rel=\"noopener\">Steuber offers state-of-the-art software solutions with start-up Tessitura GmbH: Building bridges for the future<\/a><\/li><li><a href=\"https:\/\/www.print.de\/events\/steuber-bei-der-print-digital-convention-2022\/\" target=\"_blank\" rel=\"noopener\">Steuber \/ Tessitura at the Print &amp; Digital Convention 2022: We present<\/a><\/li><li><a href=\"https:\/\/www.print.de\/e-dossiers\/steuber-setzt-im-jahr-2021-bei-terbeck-in-coesfeld-drei-maschinen-projekte-um\/\" target=\"_blank\" rel=\"noopener\">Steuber is realising three machine projects at Terbeck in Coesfeld in 2021: An optimal package put together<\/a><\/li><\/ul><p>\u00a0<\/p><p><strong>2021<\/strong><\/p><ul><li><a href=\"https:\/\/www.print.de\/allgemein\/beutler-verpackungen-investiert-in-vernetzte-produktionstechnik\/\" target=\"_blank\" rel=\"noopener\">Beutler Verpackungen invests in networked production technology: major investment package realised by specialist retailer Steuber<\/a><\/li><li><a href=\"https:\/\/www.print.de\/e-dossiers\/elbe-leasing-finanziert-bograma-bsr-550-fuer-die-mailing-papierverarbeitung-gmbh\/\" target=\"_blank\" rel=\"noopener\">Elbe-Leasing finances Bograma BSR-550 for Mailing Papierverarbeitung GmbH: All-In Papiermanufaktur: with synergies into the future <\/a><\/li><li><a href=\"https:\/\/www.print.de\/dm-native-advert\/neues-auftrags-und-bestellmanagement-setzt-ressourcen-frei\/\" target=\"_blank\" rel=\"noopener\">New order and order management system frees up resources: Zaikio speeds up internal processes at Bastian Druck <\/a><\/li><li><a href=\"https:\/\/www.print.de\/e-dossiers\/ein-gekonnter-quantensprung\/\" target=\"_blank\" rel=\"noopener\">A skilful quantum leap: Gizeh (Gummersbach): Expansion of the print shop into a folding carton plant with Steuber<\/a><\/li><li><a href=\"https:\/\/www.print.de\/allgemein\/bonifatius-druckerei-investiert-in-den-bogenoffset\/\" target=\"_blank\" rel=\"noopener\">Print shop invests in sheetfed offset: Koenig &amp; Bauer Rapida 106X replaces two old presses<\/a><\/li><li><a href=\"https:\/\/www.print.de\/e-dossiers\/drei-projekte-drei-mal-erfolgreich\/\" target=\"_blank\" rel=\"noopener\">Three projects, three times successful: Elbe-Leasing - reliable financial partner of Stibo Papierverarbeitung (H\u00fcrth)<\/a><\/li><li><a href=\"https:\/\/www.print.de\/news-de\/steuber-personalie\/\" target=\"_blank\" rel=\"noopener\">Britta Dannenberg takes over sales management for digital printing at Steuber: System house for print and media<\/a><\/li><\/ul><p>\u00a0<\/p><p><strong>2020<\/strong><\/p><ul><li><a href=\"https:\/\/www.print.de\/news-de\/gbh-kooperiert-mit-heinrich-steuber\/\" target=\"_blank\" rel=\"noopener\">GBH cooperates with Heinrich Steuber: Insurance package for printing press purchases<\/a><\/li><li><a href=\"https:\/\/www.print.de\/allgemein\/bonifatius-druckerei-investiert-in-rapida-106-x\/\" target=\"_blank\" rel=\"noopener\">Bonifatius Druckerei invests in Rapida 106 X: Magazine printer in Paderborn places order with Koenig &amp; Bauer<\/a><\/li><li><a href=\"https:\/\/www.print.de\/allgemein\/drei-fragen-an-stephan-steuber\/\" target=\"_blank\" rel=\"noopener\">Series: Three questions for... Stephan Steuber<\/a><\/li><\/ul><p>\u00a0<\/p><p><strong>2019<\/strong><\/p><ul><li><a href=\"https:\/\/www.print.de\/news-de\/steuber-erweitert-portfolio-um-verpackungsmaschinen\/\" target=\"_blank\" rel=\"noopener\">Steuber expands its portfolio with packaging machines: Technical solutions for load securing<\/a><\/li><\/ul><p>\u00a0<\/p><p><strong>2018<\/strong><\/p><ul><li><a href=\"https:\/\/www.print.de\/allgemein\/rehms-druck-investiert-in-rapida-106-mit-doppellack\/\" target=\"_blank\" rel=\"noopener\">Rehms Druck invests in Rapida 106 with double coating: Sheetfed offset printing\/folding carton production<\/a><\/li><li><a href=\"https:\/\/www.print.de\/news-de\/steuber-schaffrath-medien-investiert-in-neue-technik\/\" target=\"_blank\" rel=\"noopener\">Schaffrath Medien invests in new technology: Two new machines for printing and media company in Geldern to mark its 275th anniversary<\/a><\/li><\/ul>\t\t\t\t\t\t\t\t<\/div>\n\t\t\t\t<\/div>\n\t\t\t\t<\/div>\n\t\t\t\t\t<\/details>\n\t\t\t\t\t<\/div>\n\t\t\t\t\t\t<\/div>\n\t\t\t\t<\/div>\n\t\t\t\t<\/div>\n\t\t<div class=\"elementor-element elementor-element-6ad94dc e-con-full e-flex e-con e-child\" data-id=\"6ad94dc\" data-element_type=\"container\" data-e-type=\"container\">\n\t\t\t\t<\/div>\n\t\t\t\t\t<\/div>\n\t\t\t\t<\/div>\n\t\t\t\t<\/div>","protected":false},"excerpt":{"rendered":"<p>Pressebereich Hier finden Sie alle News rund um das Systemhaus Steuber. Redaktionelle Beitr\u00e4ge aus der Fachpresse 2025 Partnerschaft von Softwareentwickler und Systemhaus: Be.Beyond und Steuber b\u00fcndeln Kr\u00e4fte f\u00fcr integrierte Web-to-Print-L\u00f6sungen Steuber weitet Expertise bei Druckfarben aus: Neu bei Steuber: Fluid Compact Circle Crispy Mountain und Steuber starten strategische Partnerschaft Inline-Finishing inklusive: Fujifilm Revoria Press PC1120 [&hellip;]<\/p>\n","protected":false},"author":1,"featured_media":0,"parent":0,"menu_order":0,"comment_status":"closed","ping_status":"closed","template":"","meta":{"_angie_page":false,"footnotes":""},"class_list":["post-8036","page","type-page","status-publish","hentry"],"_links":{"self":[{"href":"https:\/\/steuber.net\/en\/wp-json\/wp\/v2\/pages\/8036","targetHints":{"allow":["GET"]}}],"collection":[{"href":"https:\/\/steuber.net\/en\/wp-json\/wp\/v2\/pages"}],"about":[{"href":"https:\/\/steuber.net\/en\/wp-json\/wp\/v2\/types\/page"}],"author":[{"embeddable":true,"href":"https:\/\/steuber.net\/en\/wp-json\/wp\/v2\/users\/1"}],"replies":[{"embeddable":true,"href":"https:\/\/steuber.net\/en\/wp-json\/wp\/v2\/comments?post=8036"}],"version-history":[{"count":69,"href":"https:\/\/steuber.net\/en\/wp-json\/wp\/v2\/pages\/8036\/revisions"}],"predecessor-version":[{"id":10960,"href":"https:\/\/steuber.net\/en\/wp-json\/wp\/v2\/pages\/8036\/revisions\/10960"}],"wp:attachment":[{"href":"https:\/\/steuber.net\/en\/wp-json\/wp\/v2\/media?parent=8036"}],"curies":[{"name":"wp","href":"https:\/\/api.w.org\/{rel}","templated":true}]}}