{"id":212,"date":"2022-08-29T15:32:04","date_gmt":"2022-08-29T15:32:04","guid":{"rendered":"http:\/\/steuber22.kroeger-grafikdesign.de\/?page_id=212"},"modified":"2026-03-19T14:50:25","modified_gmt":"2026-03-19T14:50:25","slug":"druckplattenbelichter-und-hardware-fuer-die-druckvorstufe","status":"publish","type":"page","link":"https:\/\/steuber.net\/es\/druckplattenbelichter-und-hardware-fuer-die-druckvorstufe\/","title":{"rendered":"Druckplattenbelichter und Hardware f\u00fcr die Druckvorstufe"},"content":{"rendered":"<div data-elementor-type=\"wp-page\" data-elementor-id=\"212\" class=\"elementor elementor-212\" data-elementor-post-type=\"page\">\n\t\t\t\t<div class=\"elementor-element elementor-element-00c64d2 e-con-full e-flex e-con e-parent\" data-id=\"00c64d2\" data-element_type=\"container\" data-e-type=\"container\" data-settings=\"{&quot;background_background&quot;:&quot;classic&quot;}\">\n\t\t<div class=\"elementor-element elementor-element-bfe2e19 e-con-full e-flex e-con e-child\" data-id=\"bfe2e19\" data-element_type=\"container\" data-e-type=\"container\">\n\t\t\t\t<div class=\"elementor-element elementor-element-41c436c0 elementor-invisible elementor-widget elementor-widget-heading\" data-id=\"41c436c0\" data-element_type=\"widget\" data-e-type=\"widget\" data-settings=\"{&quot;_animation&quot;:&quot;fadeIn&quot;}\" data-widget_type=\"heading.default\">\n\t\t\t\t<div class=\"elementor-widget-container\">\n\t\t\t\t\t<h1 class=\"elementor-heading-title elementor-size-default\">Hard- und Software f\u00fcr die Druckvorstufe<\/h1>\t\t\t\t<\/div>\n\t\t\t\t<\/div>\n\t\t\t\t<div class=\"elementor-element elementor-element-cc1c461 elementor-grid-1 elementor-grid-tablet-1 elementor-grid-mobile-1 elementor-posts--thumbnail-top elementor-widget elementor-widget-posts\" data-id=\"cc1c461\" data-element_type=\"widget\" data-e-type=\"widget\" data-settings=\"{&quot;classic_columns&quot;:&quot;1&quot;,&quot;classic_columns_tablet&quot;:&quot;1&quot;,&quot;classic_columns_mobile&quot;:&quot;1&quot;,&quot;classic_row_gap&quot;:{&quot;unit&quot;:&quot;px&quot;,&quot;size&quot;:35,&quot;sizes&quot;:[]},&quot;classic_row_gap_tablet&quot;:{&quot;unit&quot;:&quot;px&quot;,&quot;size&quot;:&quot;&quot;,&quot;sizes&quot;:[]},&quot;classic_row_gap_mobile&quot;:{&quot;unit&quot;:&quot;px&quot;,&quot;size&quot;:&quot;&quot;,&quot;sizes&quot;:[]}}\" data-widget_type=\"posts.classic\">\n\t\t\t\t<div class=\"elementor-widget-container\">\n\t\t\t\t\t\t\t<div class=\"elementor-posts-container elementor-posts elementor-posts--skin-classic elementor-grid\" role=\"list\">\n\t\t\t\t<article class=\"elementor-post elementor-grid-item post-11190 page type-page status-publish has-post-thumbnail hentry\" role=\"listitem\">\n\t\t\t\t<a class=\"elementor-post__thumbnail__link\" href=\"https:\/\/steuber.net\/es\/screen\/\" tabindex=\"-1\" >\n\t\t\t<div class=\"elementor-post__thumbnail\"><img fetchpriority=\"high\" decoding=\"async\" width=\"300\" height=\"300\" src=\"https:\/\/steuber.net\/wp-content\/uploads\/2022\/09\/Screen-Grafiken-fuer-den-Newsletter2-300x300.png\" class=\"attachment-medium size-medium wp-image-11168\" alt=\"\" srcset=\"https:\/\/steuber.net\/wp-content\/uploads\/2022\/09\/Screen-Grafiken-fuer-den-Newsletter2-300x300.png 300w, https:\/\/steuber.net\/wp-content\/uploads\/2022\/09\/Screen-Grafiken-fuer-den-Newsletter2-1024x1024.png 1024w, https:\/\/steuber.net\/wp-content\/uploads\/2022\/09\/Screen-Grafiken-fuer-den-Newsletter2-150x150.png 150w, https:\/\/steuber.net\/wp-content\/uploads\/2022\/09\/Screen-Grafiken-fuer-den-Newsletter2-768x768.png 768w, https:\/\/steuber.net\/wp-content\/uploads\/2022\/09\/Screen-Grafiken-fuer-den-Newsletter2-12x12.png 12w, https:\/\/steuber.net\/wp-content\/uploads\/2022\/09\/Screen-Grafiken-fuer-den-Newsletter2.png 1500w\" sizes=\"(max-width: 300px) 100vw, 300px\" \/><\/div>\n\t\t<\/a>\n\t\t\t\t<div class=\"elementor-post__text\">\n\t\t\t\t<div class=\"elementor-post__excerpt\">\n\t\t\t<p>NEU: Ab sofort: Bundesweiter Vertrieb und Service f\u00fcr Screen CTP-Belichter<\/p>\n\t\t<\/div>\n\t\t\n\t\t<a class=\"elementor-post__read-more\" href=\"https:\/\/steuber.net\/es\/screen\/\" aria-label=\"Read more about Screen\" tabindex=\"-1\" >\n\t\t\tsaber m\u00e1s\t\t<\/a>\n\n\t\t\t\t<\/div>\n\t\t\t\t<\/article>\n\t\t\t\t<\/div>\n\t\t\n\t\t\t\t\t\t<\/div>\n\t\t\t\t<\/div>\n\t\t\t\t<\/div>\n\t\t<div class=\"elementor-element elementor-element-13d80f5 e-con-full e-flex e-con e-child\" data-id=\"13d80f5\" data-element_type=\"container\" data-e-type=\"container\" data-settings=\"{&quot;background_background&quot;:&quot;classic&quot;}\">\n\t\t\t\t<\/div>\n\t\t\t\t<\/div>\n\t\t<div class=\"elementor-element elementor-element-bd19391 e-con-full e-flex e-con e-parent\" data-id=\"bd19391\" data-element_type=\"container\" data-e-type=\"container\">\n\t\t\t\t<div class=\"elementor-element elementor-element-020989e elementor-invisible elementor-widget elementor-widget-text-editor\" data-id=\"020989e\" data-element_type=\"widget\" data-e-type=\"widget\" data-settings=\"{&quot;_animation&quot;:&quot;fadeIn&quot;,&quot;_animation_delay&quot;:500}\" data-widget_type=\"text-editor.default\">\n\t\t\t\t<div class=\"elementor-widget-container\">\n\t\t\t\t\t\t\t\t\t<p>Von der Dateneingabe \u00fcber das Workflowmanagement bis zur Druckplattenbelichtung sorgen Komponenten aus dem Steuber-Programm schon am Prozessanfang f\u00fcr Ihre Produktivit\u00e4t. Hardware wie Plotter, Belichter und Server geh\u00f6ren ebenso zu unserem Portfolio wie Messtechnik und Kommunikationsl\u00f6sungen. Software f\u00fcr die Automatisierung von Produktions- und Administrationsabl\u00e4ufen und ein umfangreicher Service machen unser Sortiment komplett.<\/p>\t\t\t\t\t\t\t\t<\/div>\n\t\t\t\t<\/div>\n\t\t\t\t<\/div>\n\t\t<div class=\"elementor-element elementor-element-9511678 e-con-full e-flex e-con e-parent\" data-id=\"9511678\" data-element_type=\"container\" data-e-type=\"container\">\n\t\t<div class=\"elementor-element elementor-element-6376dc6 e-con-full e-flex e-con e-child\" data-id=\"6376dc6\" data-element_type=\"container\" data-e-type=\"container\">\n\t\t\t\t<div class=\"elementor-element elementor-element-2a36292 elementor-widget elementor-widget-heading\" data-id=\"2a36292\" data-element_type=\"widget\" data-e-type=\"widget\" data-widget_type=\"heading.default\">\n\t\t\t\t<div class=\"elementor-widget-container\">\n\t\t\t\t\t<h3 class=\"elementor-heading-title elementor-size-default\">Proofing\/PSO-Vorbereitung<\/h3>\t\t\t\t<\/div>\n\t\t\t\t<\/div>\n\t\t\t\t<\/div>\n\t\t<div class=\"elementor-element elementor-element-3f19299 e-con-full e-flex e-con e-child\" data-id=\"3f19299\" data-element_type=\"container\" data-e-type=\"container\">\n\t\t\t\t<div class=\"elementor-element elementor-element-ba261b8 elementor-widget elementor-widget-text-editor\" data-id=\"ba261b8\" data-element_type=\"widget\" data-e-type=\"widget\" data-widget_type=\"text-editor.default\">\n\t\t\t\t<div class=\"elementor-widget-container\">\n\t\t\t\t\t\t\t\t\t<p>Wenn farbgenaue Proofs und eine maschinen\u00fcbergreifende Farbstandardisierung in Ihrem Drucksaal unabdingbar sind, dann sind Sie bei uns richtig aufgehoben. Wir fertigen f\u00fcr Sie Konzepte zur Erstellung von kosteng\u00fcnstigen Farb- und Standproofs mit Ger\u00e4ten von EPSON und Canon und individuellen Softwarel\u00f6sungen inkl. der Messtechnik von Techkon und X-Rite. Bei der Implementierung des Medienstandard Druck finden wir f\u00fcr Sie den optimalen Weg.<\/p>\t\t\t\t\t\t\t\t<\/div>\n\t\t\t\t<\/div>\n\t\t\t\t<\/div>\n\t\t\t\t<\/div>\n\t\t<div class=\"elementor-element elementor-element-5642697 e-con-full e-flex e-con e-parent\" data-id=\"5642697\" data-element_type=\"container\" data-e-type=\"container\">\n\t\t<div class=\"elementor-element elementor-element-9612d32 e-con-full e-flex e-con e-child\" data-id=\"9612d32\" data-element_type=\"container\" data-e-type=\"container\">\n\t\t\t\t<div class=\"elementor-element elementor-element-20846bc elementor-widget elementor-widget-heading\" data-id=\"20846bc\" data-element_type=\"widget\" data-e-type=\"widget\" data-widget_type=\"heading.default\">\n\t\t\t\t<div class=\"elementor-widget-container\">\n\t\t\t\t\t<h3 class=\"elementor-heading-title elementor-size-default\">Netzwerktechnik und Netzwerksicherheit<\/h3>\t\t\t\t<\/div>\n\t\t\t\t<\/div>\n\t\t\t\t<\/div>\n\t\t<div class=\"elementor-element elementor-element-22ec492 e-con-full e-flex e-con e-child\" data-id=\"22ec492\" data-element_type=\"container\" data-e-type=\"container\">\n\t\t\t\t<div class=\"elementor-element elementor-element-492cc49 elementor-widget elementor-widget-text-editor\" data-id=\"492cc49\" data-element_type=\"widget\" data-e-type=\"widget\" data-widget_type=\"text-editor.default\">\n\t\t\t\t<div class=\"elementor-widget-container\">\n\t\t\t\t\t\t\t\t\t<p>Datensicherheit spielt eine immer gr\u00f6\u00dfere Rollen in Unternehmen. Wir unterst\u00fctzen Sie bei der Umsetzung eines ganzheitlichen Sicherheitskonzeptes. Die Sicherheit Ihrer Systeme gegen\u00fcber Angriffen aus dem Internet erh\u00f6hen Sie durch eine professionelle Firewall von Kerio. Ihre Server und Arbeitspl\u00e4tze werden in heterogenen Umgebungen dank L\u00f6sungen von Esel gegen Viren gesch\u00fctzt. Eine Backup-L\u00f6sung von Retrospect stellt sicher, dass Sie auch versehentlich gel\u00f6schte Daten jederzeit wieder herstellen k\u00f6nnen.<\/p>\t\t\t\t\t\t\t\t<\/div>\n\t\t\t\t<\/div>\n\t\t\t\t<\/div>\n\t\t\t\t<\/div>\n\t\t<div class=\"elementor-element elementor-element-3efbfe3 e-con-full e-flex e-con e-parent\" data-id=\"3efbfe3\" data-element_type=\"container\" data-e-type=\"container\">\n\t\t<div class=\"elementor-element elementor-element-881de1b e-con-full e-flex e-con e-child\" data-id=\"881de1b\" data-element_type=\"container\" data-e-type=\"container\">\n\t\t\t\t<div class=\"elementor-element elementor-element-c16f52e elementor-widget elementor-widget-heading\" data-id=\"c16f52e\" data-element_type=\"widget\" data-e-type=\"widget\" data-widget_type=\"heading.default\">\n\t\t\t\t<div class=\"elementor-widget-container\">\n\t\t\t\t\t<h3 class=\"elementor-heading-title elementor-size-default\">Server und Workstations <\/h3>\t\t\t\t<\/div>\n\t\t\t\t<\/div>\n\t\t\t\t<\/div>\n\t\t<div class=\"elementor-element elementor-element-965ad7b e-con-full e-flex e-con e-child\" data-id=\"965ad7b\" data-element_type=\"container\" data-e-type=\"container\">\n\t\t\t\t<div class=\"elementor-element elementor-element-b0f719c elementor-widget elementor-widget-text-editor\" data-id=\"b0f719c\" data-element_type=\"widget\" data-e-type=\"widget\" data-widget_type=\"text-editor.default\">\n\t\t\t\t<div class=\"elementor-widget-container\">\n\t\t\t\t\t\t\t\t\t<p>Die st\u00e4ndige Erreichbarkeit der IT-Infrastuktur ist heutzutage lebenswichtig. Wir setzen im Server-Umfeld auf die Hersteller Dell und HP mit ihren redundanten Serversystemen. Um die Rechenleistung dieser Server optimal auszunutzen, werden verschiedene Applikationen auf einem System virtualisiert. Das bringt nicht nur Sicherheit, sondert erspart auch Kosten. In ihrer Vorstufe kommen Apple oder Dell Workstations zum Einsatz? Damit hier mit optimaler Geschwindigkeit gearbeitet werden kann, ist eine passende Netzwerkinfrastrustur mit Gigabit oder 10 Gigabit Switches notwendig.<\/p>\t\t\t\t\t\t\t\t<\/div>\n\t\t\t\t<\/div>\n\t\t\t\t<\/div>\n\t\t\t\t<\/div>\n\t\t<div class=\"elementor-element elementor-element-cc6aaf0 e-con-full e-flex e-con e-parent\" data-id=\"cc6aaf0\" data-element_type=\"container\" data-e-type=\"container\">\n\t\t<div class=\"elementor-element elementor-element-0d429c7 e-con-full e-flex e-con e-child\" data-id=\"0d429c7\" data-element_type=\"container\" data-e-type=\"container\">\n\t\t\t\t<div class=\"elementor-element elementor-element-8fe4409 elementor-widget elementor-widget-heading\" data-id=\"8fe4409\" data-element_type=\"widget\" data-e-type=\"widget\" data-widget_type=\"heading.default\">\n\t\t\t\t<div class=\"elementor-widget-container\">\n\t\t\t\t\t<h3 class=\"elementor-heading-title elementor-size-default\">Desktop-Software <\/h3>\t\t\t\t<\/div>\n\t\t\t\t<\/div>\n\t\t\t\t<\/div>\n\t\t<div class=\"elementor-element elementor-element-73c883e e-con-full e-flex e-con e-child\" data-id=\"73c883e\" data-element_type=\"container\" data-e-type=\"container\">\n\t\t\t\t<div class=\"elementor-element elementor-element-4150fd7 elementor-widget elementor-widget-text-editor\" data-id=\"4150fd7\" data-element_type=\"widget\" data-e-type=\"widget\" data-widget_type=\"text-editor.default\">\n\t\t\t\t<div class=\"elementor-widget-container\">\n\t\t\t\t\t\t\t\t\t<p>Wir bieten die passende Software(-L\u00f6sung) f\u00fcr Ihre Anforderungen.<br \/>Wir liefern und installieren jegliche Software, die im grafischen Bereich und in der Druckvorstufe zur Anwendung kommt \u2013\u00a0wir sind z. B. Adobe-certified Reseller.<\/p>\t\t\t\t\t\t\t\t<\/div>\n\t\t\t\t<\/div>\n\t\t\t\t<\/div>\n\t\t\t\t<\/div>\n\t\t<div class=\"elementor-element elementor-element-e3635e2 e-con-full e-flex e-con e-parent\" data-id=\"e3635e2\" data-element_type=\"container\" data-e-type=\"container\">\n\t\t<div class=\"elementor-element elementor-element-c5ab8d2 e-con-full e-flex e-con e-child\" data-id=\"c5ab8d2\" data-element_type=\"container\" data-e-type=\"container\">\n\t\t\t\t<div class=\"elementor-element elementor-element-62b390e elementor-widget elementor-widget-heading\" data-id=\"62b390e\" data-element_type=\"widget\" data-e-type=\"widget\" data-widget_type=\"heading.default\">\n\t\t\t\t<div class=\"elementor-widget-container\">\n\t\t\t\t\t<h3 class=\"elementor-heading-title elementor-size-default\">Workflows<\/h3>\t\t\t\t<\/div>\n\t\t\t\t<\/div>\n\t\t\t\t<\/div>\n\t\t<div class=\"elementor-element elementor-element-c43e67c e-con-full e-flex e-con e-child\" data-id=\"c43e67c\" data-element_type=\"container\" data-e-type=\"container\">\n\t\t\t\t<div class=\"elementor-element elementor-element-4d5cffd elementor-widget elementor-widget-text-editor\" data-id=\"4d5cffd\" data-element_type=\"widget\" data-e-type=\"widget\" data-widget_type=\"text-editor.default\">\n\t\t\t\t<div class=\"elementor-widget-container\">\n\t\t\t\t\t\t\t\t\t<p>Die besten Industriestandard-Workflowl\u00f6sungen von Agfa, Kodak, EFI und Enfocus sind die Basis, auf der wir Ihre individuellen Spezialanforderungen umsetzen \u2013 bis zur Individualprogrammierung. Sie suchen nach einer eleganten M\u00f6glichkeit der Daten\u00fcbertragung, Datenpr\u00fcfung oder remote Datenfreigabe? Sie m\u00f6chten einen Webshop mit Ihrer Produktion vernetzen? Workflow-Insell\u00f6sungen verbauen Ihnen eine automatisationsf\u00e4hige Struktur? Wir sind Ihr zuverl\u00e4ssiger Partner bei Neuinstallationen, Updates oder Trade-Ins. \u2013 inkl. der kompletten Hardware-Infrastruktur.<\/p>\t\t\t\t\t\t\t\t<\/div>\n\t\t\t\t<\/div>\n\t\t\t\t<\/div>\n\t\t\t\t<\/div>\n\t\t<div class=\"elementor-element elementor-element-44249d3 e-con-full e-flex e-con e-parent\" data-id=\"44249d3\" data-element_type=\"container\" data-e-type=\"container\">\n\t\t<div class=\"elementor-element elementor-element-0b4a47b e-con-full e-flex e-con e-child\" data-id=\"0b4a47b\" data-element_type=\"container\" data-e-type=\"container\">\n\t\t\t\t<div class=\"elementor-element elementor-element-e837074 elementor-widget elementor-widget-heading\" data-id=\"e837074\" data-element_type=\"widget\" data-e-type=\"widget\" data-widget_type=\"heading.default\">\n\t\t\t\t<div class=\"elementor-widget-container\">\n\t\t\t\t\t<h3 class=\"elementor-heading-title elementor-size-default\">Schulungen<\/h3>\t\t\t\t<\/div>\n\t\t\t\t<\/div>\n\t\t\t\t<\/div>\n\t\t<div class=\"elementor-element elementor-element-d7c27a6 e-con-full e-flex e-con e-child\" data-id=\"d7c27a6\" data-element_type=\"container\" data-e-type=\"container\">\n\t\t\t\t<div class=\"elementor-element elementor-element-4996e6e elementor-widget elementor-widget-text-editor\" data-id=\"4996e6e\" data-element_type=\"widget\" data-e-type=\"widget\" data-widget_type=\"text-editor.default\">\n\t\t\t\t<div class=\"elementor-widget-container\">\n\t\t\t\t\t\t\t\t\t<p class=\"p1\">Dar\u00fcber hinaus bieten wir Ihnen verschiedene, individualisierbare Schulungen an:<\/p><ul><li class=\"p1\">Schulungen neuer Software- oder Workflowl\u00f6sungen<\/li><li class=\"p1\">Produktschulungen inhouse oder bei uns vor Ort<\/li><li class=\"p1\">Individualschulungen je nach Bedarf und Anforderungen<\/li><\/ul>\t\t\t\t\t\t\t\t<\/div>\n\t\t\t\t<\/div>\n\t\t\t\t<\/div>\n\t\t\t\t<\/div>\n\t\t<div class=\"elementor-element elementor-element-70547271 e-con-full e-flex e-con e-parent\" data-id=\"70547271\" data-element_type=\"container\" data-e-type=\"container\" data-settings=\"{&quot;background_background&quot;:&quot;classic&quot;}\">\n\t\t<div class=\"elementor-element elementor-element-747aa1af e-con-full e-flex e-con e-child\" data-id=\"747aa1af\" data-element_type=\"container\" data-e-type=\"container\">\n\t\t\t\t<div class=\"elementor-element elementor-element-11173de0 elementor-widget elementor-widget-heading\" data-id=\"11173de0\" data-element_type=\"widget\" data-e-type=\"widget\" data-widget_type=\"heading.default\">\n\t\t\t\t<div class=\"elementor-widget-container\">\n\t\t\t\t\t<h3 class=\"elementor-heading-title elementor-size-default\">Jetzt Kontakt zum Druckvorstufe-Team aufnehmen<\/h3>\t\t\t\t<\/div>\n\t\t\t\t<\/div>\n\t\t\t\t<div class=\"elementor-element elementor-element-7d8258e elementor-widget elementor-widget-text-editor\" data-id=\"7d8258e\" data-element_type=\"widget\" data-e-type=\"widget\" data-widget_type=\"text-editor.default\">\n\t\t\t\t<div class=\"elementor-widget-container\">\n\t\t\t\t\t\t\t\t\t<p>Sie w\u00fcnschen weitere Beratung? Unsere Ansprechpartner sind bereit.<\/p>\t\t\t\t\t\t\t\t<\/div>\n\t\t\t\t<\/div>\n\t\t\t\t<div class=\"elementor-element elementor-element-4673a32 elementor-widget elementor-widget-button\" data-id=\"4673a32\" data-element_type=\"widget\" data-e-type=\"widget\" data-widget_type=\"button.default\">\n\t\t\t\t<div class=\"elementor-widget-container\">\n\t\t\t\t\t\t\t\t\t<div class=\"elementor-button-wrapper\">\n\t\t\t\t\t<a class=\"elementor-button elementor-button-link elementor-size-sm\" href=\"https:\/\/steuber.net\/es\/ansprechpartner\/#druckvorstufe\">\n\t\t\t\t\t\t<span class=\"elementor-button-content-wrapper\">\n\t\t\t\t\t\t\t\t\t<span class=\"elementor-button-text\">Ansprechpartner Pre-Press<\/span>\n\t\t\t\t\t<\/span>\n\t\t\t\t\t<\/a>\n\t\t\t\t<\/div>\n\t\t\t\t\t\t\t\t<\/div>\n\t\t\t\t<\/div>\n\t\t\t\t<\/div>\n\t\t<div class=\"elementor-element elementor-element-6cf813b e-con-full e-flex e-con e-child\" data-id=\"6cf813b\" data-element_type=\"container\" data-e-type=\"container\">\n\t\t\t\t<div class=\"elementor-element elementor-element-549b8b7 elementor-widget elementor-widget-heading\" data-id=\"549b8b7\" data-element_type=\"widget\" data-e-type=\"widget\" data-widget_type=\"heading.default\">\n\t\t\t\t<div class=\"elementor-widget-container\">\n\t\t\t\t\t<h4 class=\"elementor-heading-title elementor-size-default\">Jetzt Teamviewer f\u00fcr Ihren Remote Support installieren.<\/h4>\t\t\t\t<\/div>\n\t\t\t\t<\/div>\n\t\t\t\t<div class=\"elementor-element elementor-element-a4c867b elementor-widget elementor-widget-text-editor\" data-id=\"a4c867b\" data-element_type=\"widget\" data-e-type=\"widget\" data-widget_type=\"text-editor.default\">\n\t\t\t\t<div class=\"elementor-widget-container\">\n\t\t\t\t\t\t\t\t\t<p>Mit der kostenlosen Teamviewer Software erm\u00f6glichen Sie es unserem Serviceteam, per Fernwartung auf Ihr System zuzugreifen. So vermeiden wir Technikereins\u00e4tze vor Ort und vermindern Ihre Ausfallzeiten.<\/p>\t\t\t\t\t\t\t\t<\/div>\n\t\t\t\t<\/div>\n\t\t\t\t<div class=\"elementor-element elementor-element-a6a5264 elementor-mobile-align-left elementor-widget elementor-widget-button\" data-id=\"a6a5264\" data-element_type=\"widget\" data-e-type=\"widget\" data-widget_type=\"button.default\">\n\t\t\t\t<div class=\"elementor-widget-container\">\n\t\t\t\t\t\t\t\t\t<div class=\"elementor-button-wrapper\">\n\t\t\t\t\t<a class=\"elementor-button elementor-button-link elementor-size-sm\" href=\"https:\/\/www.teamviewer.com\/de\/download\" target=\"_blank\" rel=\"noopener\">\n\t\t\t\t\t\t<span class=\"elementor-button-content-wrapper\">\n\t\t\t\t\t\t\t\t\t<span class=\"elementor-button-text\">Teamviewer downloaden und installieren<\/span>\n\t\t\t\t\t<\/span>\n\t\t\t\t\t<\/a>\n\t\t\t\t<\/div>\n\t\t\t\t\t\t\t\t<\/div>\n\t\t\t\t<\/div>\n\t\t\t\t<\/div>\n\t\t\t\t<\/div>\n\t\t\t\t<\/div>","protected":false},"excerpt":{"rendered":"<p>Hard- und Software f\u00fcr die Druckvorstufe Von der Dateneingabe \u00fcber das Workflowmanagement bis zur Druckplattenbelichtung sorgen Komponenten aus dem Steuber-Programm schon am Prozessanfang f\u00fcr Ihre Produktivit\u00e4t. Hardware wie Plotter, Belichter und Server geh\u00f6ren ebenso zu unserem Portfolio wie Messtechnik und Kommunikationsl\u00f6sungen. Software f\u00fcr die Automatisierung von Produktions- und Administrationsabl\u00e4ufen und ein umfangreicher Service machen unser [&hellip;]<\/p>\n","protected":false},"author":1,"featured_media":0,"parent":0,"menu_order":0,"comment_status":"closed","ping_status":"closed","template":"","meta":{"_angie_page":false,"footnotes":""},"class_list":["post-212","page","type-page","status-publish","hentry"],"_links":{"self":[{"href":"https:\/\/steuber.net\/es\/wp-json\/wp\/v2\/pages\/212","targetHints":{"allow":["GET"]}}],"collection":[{"href":"https:\/\/steuber.net\/es\/wp-json\/wp\/v2\/pages"}],"about":[{"href":"https:\/\/steuber.net\/es\/wp-json\/wp\/v2\/types\/page"}],"author":[{"embeddable":true,"href":"https:\/\/steuber.net\/es\/wp-json\/wp\/v2\/users\/1"}],"replies":[{"embeddable":true,"href":"https:\/\/steuber.net\/es\/wp-json\/wp\/v2\/comments?post=212"}],"version-history":[{"count":15,"href":"https:\/\/steuber.net\/es\/wp-json\/wp\/v2\/pages\/212\/revisions"}],"predecessor-version":[{"id":11366,"href":"https:\/\/steuber.net\/es\/wp-json\/wp\/v2\/pages\/212\/revisions\/11366"}],"wp:attachment":[{"href":"https:\/\/steuber.net\/es\/wp-json\/wp\/v2\/media?parent=212"}],"curies":[{"name":"wp","href":"https:\/\/api.w.org\/{rel}","templated":true}]}}