{"id":1769,"date":"2022-09-22T00:24:02","date_gmt":"2022-09-22T00:24:02","guid":{"rendered":"http:\/\/steuber22.kroeger-grafikdesign.de\/?page_id=1769"},"modified":"2023-10-04T13:21:51","modified_gmt":"2023-10-04T13:21:51","slug":"mysteuber","status":"publish","type":"page","link":"https:\/\/steuber.net\/fr\/mysteuber\/","title":{"rendered":"Boutiques en ligne Steuber"},"content":{"rendered":"<div data-elementor-type=\"wp-page\" data-elementor-id=\"1769\" class=\"elementor elementor-1769\" data-elementor-post-type=\"page\">\n\t\t\t\t<div class=\"elementor-element elementor-element-5bc9f8b e-con-full e-flex e-con e-parent\" data-id=\"5bc9f8b\" data-element_type=\"container\" data-e-type=\"container\" data-settings=\"{&quot;background_background&quot;:&quot;classic&quot;}\">\n\t\t<div class=\"elementor-element elementor-element-5a48038 e-con-full e-flex e-con e-child\" data-id=\"5a48038\" data-element_type=\"container\" data-e-type=\"container\">\n\t\t\t\t<div class=\"elementor-element elementor-element-1c0fee3 elementor-widget elementor-widget-heading\" data-id=\"1c0fee3\" data-element_type=\"widget\" data-e-type=\"widget\" data-widget_type=\"heading.default\">\n\t\t\t\t<div class=\"elementor-widget-container\">\n\t\t\t\t\t<h2 class=\"elementor-heading-title elementor-size-default\">Disponible 24h\/24 et 7j\/7 - les boutiques en ligne de Steuber<\/h2>\t\t\t\t<\/div>\n\t\t\t\t<\/div>\n\t\t\t\t<\/div>\n\t\t<div class=\"elementor-element elementor-element-dbb1073 e-con-full e-flex e-con e-child\" data-id=\"dbb1073\" data-element_type=\"container\" data-e-type=\"container\">\n\t\t<div class=\"elementor-element elementor-element-d29dcc2 e-con-full e-flex e-con e-child\" data-id=\"d29dcc2\" data-element_type=\"container\" data-e-type=\"container\">\n\t\t\t\t<div class=\"elementor-element elementor-element-cbfb558 elementor-invisible elementor-widget elementor-widget-image\" data-id=\"cbfb558\" data-element_type=\"widget\" data-e-type=\"widget\" data-settings=\"{&quot;_animation&quot;:&quot;fadeIn&quot;}\" data-widget_type=\"image.default\">\n\t\t\t\t<div class=\"elementor-widget-container\">\n\t\t\t\t\t\t\t\t\t\t\t\t\t\t\t<img fetchpriority=\"high\" decoding=\"async\" width=\"800\" height=\"780\" src=\"https:\/\/steuber.net\/wp-content\/uploads\/2023\/02\/wbshop-material.png\" class=\"attachment-large size-large wp-image-5771\" alt=\"\" srcset=\"https:\/\/steuber.net\/wp-content\/uploads\/2023\/02\/wbshop-material.png 900w, https:\/\/steuber.net\/wp-content\/uploads\/2023\/02\/wbshop-material-300x292.png 300w, https:\/\/steuber.net\/wp-content\/uploads\/2023\/02\/wbshop-material-768x748.png 768w\" sizes=\"(max-width: 800px) 100vw, 800px\" \/>\t\t\t\t\t\t\t\t\t\t\t\t\t\t\t<\/div>\n\t\t\t\t<\/div>\n\t\t\t\t<div class=\"elementor-element elementor-element-6740a8f elementor-widget elementor-widget-image\" data-id=\"6740a8f\" data-element_type=\"widget\" data-e-type=\"widget\" data-widget_type=\"image.default\">\n\t\t\t\t<div class=\"elementor-widget-container\">\n\t\t\t\t\t\t\t\t\t\t\t\t\t\t\t<img decoding=\"async\" width=\"131\" height=\"131\" src=\"https:\/\/steuber.net\/wp-content\/uploads\/2022\/08\/icon-steuber-verbrauchsmaterial.png\" class=\"attachment-thumbnail size-thumbnail wp-image-371\" alt=\"\" \/>\t\t\t\t\t\t\t\t\t\t\t\t\t\t\t<\/div>\n\t\t\t\t<\/div>\n\t\t\t\t<div class=\"elementor-element elementor-element-f339d6b elementor-widget elementor-widget-heading\" data-id=\"f339d6b\" data-element_type=\"widget\" data-e-type=\"widget\" data-widget_type=\"heading.default\">\n\t\t\t\t<div class=\"elementor-widget-container\">\n\t\t\t\t\t<h3 class=\"elementor-heading-title elementor-size-default\">mysteuber.net\nApprovisionnement continu - la boutique de consommables Steuber<\/h3>\t\t\t\t<\/div>\n\t\t\t\t<\/div>\n\t\t\t\t<div class=\"elementor-element elementor-element-95e45e0 elementor-widget elementor-widget-text-editor\" data-id=\"95e45e0\" data-element_type=\"widget\" data-e-type=\"widget\" data-widget_type=\"text-editor.default\">\n\t\t\t\t<div class=\"elementor-widget-container\">\n\t\t\t\t\t\t\t\t\t<p>Plus de 5.000 produits disponibles en permanence pour votre processus d'impression.<\/p>\t\t\t\t\t\t\t\t<\/div>\n\t\t\t\t<\/div>\n\t\t\t\t<div class=\"elementor-element elementor-element-6f191a1 elementor-widget elementor-widget-button\" data-id=\"6f191a1\" data-element_type=\"widget\" data-e-type=\"widget\" data-widget_type=\"button.default\">\n\t\t\t\t<div class=\"elementor-widget-container\">\n\t\t\t\t\t\t\t\t\t<div class=\"elementor-button-wrapper\">\n\t\t\t\t\t<a class=\"elementor-button elementor-button-link elementor-size-sm\" href=\"https:\/\/mysteuber.net\" target=\"_blank\">\n\t\t\t\t\t\t<span class=\"elementor-button-content-wrapper\">\n\t\t\t\t\t\t\t\t\t<span class=\"elementor-button-text\">Vers les consommables<\/span>\n\t\t\t\t\t<\/span>\n\t\t\t\t\t<\/a>\n\t\t\t\t<\/div>\n\t\t\t\t\t\t\t\t<\/div>\n\t\t\t\t<\/div>\n\t\t\t\t<\/div>\n\t\t<div class=\"elementor-element elementor-element-8e068ce e-con-full e-flex e-con e-child\" data-id=\"8e068ce\" data-element_type=\"container\" data-e-type=\"container\">\n\t\t\t\t<div class=\"elementor-element elementor-element-f914363 elementor-invisible elementor-widget elementor-widget-image\" data-id=\"f914363\" data-element_type=\"widget\" data-e-type=\"widget\" data-settings=\"{&quot;_animation&quot;:&quot;fadeIn&quot;}\" data-widget_type=\"image.default\">\n\t\t\t\t<div class=\"elementor-widget-container\">\n\t\t\t\t\t\t\t\t\t\t\t\t\t\t\t<img decoding=\"async\" width=\"800\" height=\"358\" src=\"https:\/\/steuber.net\/wp-content\/uploads\/2022\/09\/steuber-ersatzteile-manroland-druckmaschine.png\" class=\"attachment-large size-large wp-image-952\" alt=\"Steuber pi\u00e8ces de rechange machine \u00e0 imprimer Manroland\" srcset=\"https:\/\/steuber.net\/wp-content\/uploads\/2022\/09\/steuber-ersatzteile-manroland-druckmaschine.png 1000w, https:\/\/steuber.net\/wp-content\/uploads\/2022\/09\/steuber-ersatzteile-manroland-druckmaschine-300x134.png 300w, https:\/\/steuber.net\/wp-content\/uploads\/2022\/09\/steuber-ersatzteile-manroland-druckmaschine-768x344.png 768w\" sizes=\"(max-width: 800px) 100vw, 800px\" \/>\t\t\t\t\t\t\t\t\t\t\t\t\t\t\t<\/div>\n\t\t\t\t<\/div>\n\t\t\t\t<div class=\"elementor-element elementor-element-82cdf9e elementor-widget elementor-widget-image\" data-id=\"82cdf9e\" data-element_type=\"widget\" data-e-type=\"widget\" data-widget_type=\"image.default\">\n\t\t\t\t<div class=\"elementor-widget-container\">\n\t\t\t\t\t\t\t\t\t\t\t\t\t\t\t<img decoding=\"async\" width=\"131\" height=\"131\" src=\"https:\/\/steuber.net\/wp-content\/uploads\/2022\/08\/icon-steuber-verbrauchsmaterial.png\" class=\"attachment-thumbnail size-thumbnail wp-image-371\" alt=\"\" \/>\t\t\t\t\t\t\t\t\t\t\t\t\t\t\t<\/div>\n\t\t\t\t<\/div>\n\t\t\t\t<div class=\"elementor-element elementor-element-6357603 elementor-widget elementor-widget-heading\" data-id=\"6357603\" data-element_type=\"widget\" data-e-type=\"widget\" data-widget_type=\"heading.default\">\n\t\t\t\t<div class=\"elementor-widget-container\">\n\t\t\t\t\t<h3 class=\"elementor-heading-title elementor-size-default\">La plus grande offre de pi\u00e8ces de rechange pour votre presse offset \u00e0 feuilles manroland<\/h3>\t\t\t\t<\/div>\n\t\t\t\t<\/div>\n\t\t\t\t<div class=\"elementor-element elementor-element-d489ec6 elementor-widget elementor-widget-text-editor\" data-id=\"d489ec6\" data-element_type=\"widget\" data-e-type=\"widget\" data-widget_type=\"text-editor.default\">\n\t\t\t\t<div class=\"elementor-widget-container\">\n\t\t\t\t\t\t\t\t\t<p>Nous avons plus de 2500 articles diff\u00e9rents en stock et plus de 50 000 pi\u00e8ces pour votre machine manroland.<\/p>\t\t\t\t\t\t\t\t<\/div>\n\t\t\t\t<\/div>\n\t\t\t\t<div class=\"elementor-element elementor-element-3e7a1d1 elementor-widget elementor-widget-button\" data-id=\"3e7a1d1\" data-element_type=\"widget\" data-e-type=\"widget\" data-widget_type=\"button.default\">\n\t\t\t\t<div class=\"elementor-widget-container\">\n\t\t\t\t\t\t\t\t\t<div class=\"elementor-button-wrapper\">\n\t\t\t\t\t<a class=\"elementor-button elementor-button-link elementor-size-sm\" href=\"https:\/\/prospareparts.net\/de\" target=\"_blank\" rel=\"noopener\">\n\t\t\t\t\t\t<span class=\"elementor-button-content-wrapper\">\n\t\t\t\t\t\t\t\t\t<span class=\"elementor-button-text\">Trouver des pi\u00e8ces de rechange maintenant<\/span>\n\t\t\t\t\t<\/span>\n\t\t\t\t\t<\/a>\n\t\t\t\t<\/div>\n\t\t\t\t\t\t\t\t<\/div>\n\t\t\t\t<\/div>\n\t\t\t\t<\/div>\n\t\t\t\t<\/div>\n\t\t\t\t<\/div>\n\t\t\t\t<\/div>","protected":false},"excerpt":{"rendered":"<p>24\/7 verf\u00fcgbar \u2013 die Steuber Onlineshops mysteuber.net Kontinuierlicher Nachschub \u2013 der Steuber Verbrauchsmaterial-Shop \u00dcber 5.000 Produkte f\u00fcr Ihren Druckprozess st\u00e4ndig verf\u00fcgbar. Zu den Verbrauchsmaterialien Das gr\u00f6\u00dfte Angebot an Ersatzteilen f\u00fcr Ihre manroland-Bogenoffset-Druckmaschine Wir f\u00fchren weit mehr als 2.500 verschiedene Artikel und bevorraten insgesamt mehr als 50.000 Teile f\u00fcr Ihre manroland-Maschine. Jetzt Ersatzteile finden<\/p>","protected":false},"author":1,"featured_media":0,"parent":0,"menu_order":0,"comment_status":"closed","ping_status":"closed","template":"","meta":{"_angie_page":false,"footnotes":""},"class_list":["post-1769","page","type-page","status-publish","hentry"],"_links":{"self":[{"href":"https:\/\/steuber.net\/fr\/wp-json\/wp\/v2\/pages\/1769","targetHints":{"allow":["GET"]}}],"collection":[{"href":"https:\/\/steuber.net\/fr\/wp-json\/wp\/v2\/pages"}],"about":[{"href":"https:\/\/steuber.net\/fr\/wp-json\/wp\/v2\/types\/page"}],"author":[{"embeddable":true,"href":"https:\/\/steuber.net\/fr\/wp-json\/wp\/v2\/users\/1"}],"replies":[{"embeddable":true,"href":"https:\/\/steuber.net\/fr\/wp-json\/wp\/v2\/comments?post=1769"}],"version-history":[{"count":0,"href":"https:\/\/steuber.net\/fr\/wp-json\/wp\/v2\/pages\/1769\/revisions"}],"wp:attachment":[{"href":"https:\/\/steuber.net\/fr\/wp-json\/wp\/v2\/media?parent=1769"}],"curies":[{"name":"wp","href":"https:\/\/api.w.org\/{rel}","templated":true}]}}