{"id":10087,"date":"2025-01-23T11:40:30","date_gmt":"2025-01-23T11:40:30","guid":{"rendered":"https:\/\/steuber.net\/?page_id=10087"},"modified":"2025-09-22T09:59:14","modified_gmt":"2025-09-22T09:59:14","slug":"automatisierung-ihrer-druckerei","status":"publish","type":"page","link":"https:\/\/steuber.net\/nl\/automatisierung-ihrer-druckerei\/","title":{"rendered":"Automatisierung Ihrer Druckerei"},"content":{"rendered":"<div data-elementor-type=\"wp-page\" data-elementor-id=\"10087\" class=\"elementor elementor-10087\" data-elementor-post-type=\"page\">\n\t\t\t\t<div class=\"elementor-element elementor-element-6fe01519 e-con-full e-flex e-con e-parent\" data-id=\"6fe01519\" data-element_type=\"container\" data-e-type=\"container\" data-settings=\"{&quot;background_background&quot;:&quot;classic&quot;}\">\n\t\t<div class=\"elementor-element elementor-element-79852d54 e-con-full e-flex e-con e-child\" data-id=\"79852d54\" data-element_type=\"container\" data-e-type=\"container\">\n\t\t\t\t<div class=\"elementor-element elementor-element-2018490d elementor-widget elementor-widget-heading\" data-id=\"2018490d\" data-element_type=\"widget\" data-e-type=\"widget\" data-widget_type=\"heading.default\">\n\t\t\t\t<div class=\"elementor-widget-container\">\n\t\t\t\t\t<h1 class=\"elementor-heading-title elementor-size-default\">Optimieren Sie Ihre Druckprozesse mit Workflow-Automatisierung<\/h1>\t\t\t\t<\/div>\n\t\t\t\t<\/div>\n\t\t\t\t<\/div>\n\t\t<div class=\"elementor-element elementor-element-1844ea2b e-con-full e-flex e-con e-child\" data-id=\"1844ea2b\" data-element_type=\"container\" data-e-type=\"container\">\n\t\t\t\t<div class=\"elementor-element elementor-element-572caafc elementor-invisible elementor-widget elementor-widget-text-editor\" data-id=\"572caafc\" data-element_type=\"widget\" data-e-type=\"widget\" data-settings=\"{&quot;_animation&quot;:&quot;fadeIn&quot;,&quot;_animation_delay&quot;:500}\" data-widget_type=\"text-editor.default\">\n\t\t\t\t<div class=\"elementor-widget-container\">\n\t\t\t\t\t\t\t\t\t<h2>Steuber steht Ihnen zur Seite, um die Zukunft Ihrer Druckerei effizienter zu gestalten. Mit unseren Automatisierungsl\u00f6sungen revolutionieren Sie Ihre Prozesse und positionieren sich als Vorreiter in der Druckindustrie.<\/h2>\t\t\t\t\t\t\t\t<\/div>\n\t\t\t\t<\/div>\n\t\t\t\t<\/div>\n\t\t<div class=\"elementor-element elementor-element-1adab60d e-con-full e-flex e-con e-child\" data-id=\"1adab60d\" data-element_type=\"container\" data-e-type=\"container\">\n\t\t\t\t<div class=\"elementor-element elementor-element-129dbf64 elementor-invisible elementor-widget elementor-widget-image\" data-id=\"129dbf64\" data-element_type=\"widget\" data-e-type=\"widget\" data-settings=\"{&quot;_animation&quot;:&quot;fadeInUp&quot;}\" data-widget_type=\"image.default\">\n\t\t\t\t<div class=\"elementor-widget-container\">\n\t\t\t\t\t\t\t\t\t\t\t\t\t\t\t<img fetchpriority=\"high\" decoding=\"async\" width=\"1000\" height=\"562\" src=\"https:\/\/steuber.net\/wp-content\/uploads\/2025\/02\/steuber_automatisierung.jpg\" class=\"attachment-full size-full wp-image-10225\" alt=\"\" srcset=\"https:\/\/steuber.net\/wp-content\/uploads\/2025\/02\/steuber_automatisierung.jpg 1000w, https:\/\/steuber.net\/wp-content\/uploads\/2025\/02\/steuber_automatisierung-300x169.jpg 300w, https:\/\/steuber.net\/wp-content\/uploads\/2025\/02\/steuber_automatisierung-768x432.jpg 768w, https:\/\/steuber.net\/wp-content\/uploads\/2025\/02\/steuber_automatisierung-18x10.jpg 18w\" sizes=\"(max-width: 1000px) 100vw, 1000px\" \/>\t\t\t\t\t\t\t\t\t\t\t\t\t\t\t<\/div>\n\t\t\t\t<\/div>\n\t\t\t\t<\/div>\n\t\t\t\t<\/div>\n\t\t<div class=\"elementor-element elementor-element-1ed8a5d e-con-full e-flex e-con e-parent\" data-id=\"1ed8a5d\" data-element_type=\"container\" data-e-type=\"container\" data-settings=\"{&quot;background_background&quot;:&quot;classic&quot;}\">\n\t\t<div class=\"elementor-element elementor-element-033268e e-con-full e-flex e-con e-child\" data-id=\"033268e\" data-element_type=\"container\" data-e-type=\"container\" data-settings=\"{&quot;background_background&quot;:&quot;classic&quot;}\">\n\t\t\t\t<div class=\"elementor-element elementor-element-d576639 elementor-invisible elementor-widget elementor-widget-image\" data-id=\"d576639\" data-element_type=\"widget\" data-e-type=\"widget\" data-settings=\"{&quot;_animation&quot;:&quot;fadeInLeft&quot;}\" data-widget_type=\"image.default\">\n\t\t\t\t<div class=\"elementor-widget-container\">\n\t\t\t\t\t\t\t\t\t\t\t\t\t\t\t<img decoding=\"async\" width=\"1000\" height=\"700\" src=\"https:\/\/steuber.net\/wp-content\/uploads\/2025\/09\/beprint-referenz.jpg\" class=\"attachment-full size-full wp-image-10940\" alt=\"\" srcset=\"https:\/\/steuber.net\/wp-content\/uploads\/2025\/09\/beprint-referenz.jpg 1000w, https:\/\/steuber.net\/wp-content\/uploads\/2025\/09\/beprint-referenz-300x210.jpg 300w, https:\/\/steuber.net\/wp-content\/uploads\/2025\/09\/beprint-referenz-768x538.jpg 768w, https:\/\/steuber.net\/wp-content\/uploads\/2025\/09\/beprint-referenz-18x12.jpg 18w\" sizes=\"(max-width: 1000px) 100vw, 1000px\" \/>\t\t\t\t\t\t\t\t\t\t\t\t\t\t\t<\/div>\n\t\t\t\t<\/div>\n\t\t\t\t<\/div>\n\t\t<div class=\"elementor-element elementor-element-0b611bb e-con-full e-flex e-con e-child\" data-id=\"0b611bb\" data-element_type=\"container\" data-e-type=\"container\" data-settings=\"{&quot;background_background&quot;:&quot;classic&quot;}\">\n\t\t\t\t<div class=\"elementor-element elementor-element-76c4a75 elementor-widget elementor-widget-image\" data-id=\"76c4a75\" data-element_type=\"widget\" data-e-type=\"widget\" data-widget_type=\"image.default\">\n\t\t\t\t<div class=\"elementor-widget-container\">\n\t\t\t\t\t\t\t\t\t\t\t\t\t\t\t<img decoding=\"async\" width=\"566\" height=\"335\" src=\"https:\/\/steuber.net\/wp-content\/uploads\/2025\/09\/beprint_engineered_by_lead-printlogo_dark.png\" class=\"attachment-large size-large wp-image-10952\" alt=\"\" srcset=\"https:\/\/steuber.net\/wp-content\/uploads\/2025\/09\/beprint_engineered_by_lead-printlogo_dark.png 566w, https:\/\/steuber.net\/wp-content\/uploads\/2025\/09\/beprint_engineered_by_lead-printlogo_dark-300x178.png 300w, https:\/\/steuber.net\/wp-content\/uploads\/2025\/09\/beprint_engineered_by_lead-printlogo_dark-18x12.png 18w\" sizes=\"(max-width: 566px) 100vw, 566px\" \/>\t\t\t\t\t\t\t\t\t\t\t\t\t\t\t<\/div>\n\t\t\t\t<\/div>\n\t\t\t\t<div class=\"elementor-element elementor-element-5be9944 elementor-widget elementor-widget-heading\" data-id=\"5be9944\" data-element_type=\"widget\" data-e-type=\"widget\" data-widget_type=\"heading.default\">\n\t\t\t\t<div class=\"elementor-widget-container\">\n\t\t\t\t\t<h2 class=\"elementor-heading-title elementor-size-default\">Zukunft gestalten, Prozesse vereinfachen: geb\u00fcndelte Kr\u00e4fte f\u00fcr die neue Generation Web-to-Print.\n<\/h2>\t\t\t\t<\/div>\n\t\t\t\t<\/div>\n\t\t\t\t<div class=\"elementor-element elementor-element-0072d65 elementor-widget elementor-widget-text-editor\" data-id=\"0072d65\" data-element_type=\"widget\" data-e-type=\"widget\" data-widget_type=\"text-editor.default\">\n\t\t\t\t<div class=\"elementor-widget-container\">\n\t\t\t\t\t\t\t\t\t<p><strong>Be.print ist die f\u00fchrende Web-to-Print-L\u00f6sung f\u00fcr digitale Workflows in Druckereien.<\/strong><\/p>\t\t\t\t\t\t\t\t<\/div>\n\t\t\t\t<\/div>\n\t\t\t\t<div class=\"elementor-element elementor-element-7592665 elementor-widget elementor-widget-button\" data-id=\"7592665\" data-element_type=\"widget\" data-e-type=\"widget\" data-widget_type=\"button.default\">\n\t\t\t\t<div class=\"elementor-widget-container\">\n\t\t\t\t\t\t\t\t\t<div class=\"elementor-button-wrapper\">\n\t\t\t\t\t<a class=\"elementor-button elementor-button-link elementor-size-sm\" href=\"https:\/\/steuber.net\/nl\/beprint\/\">\n\t\t\t\t\t\t<span class=\"elementor-button-content-wrapper\">\n\t\t\t\t\t\t\t\t\t<span class=\"elementor-button-text\">be.print entdecken<\/span>\n\t\t\t\t\t<\/span>\n\t\t\t\t\t<\/a>\n\t\t\t\t<\/div>\n\t\t\t\t\t\t\t\t<\/div>\n\t\t\t\t<\/div>\n\t\t\t\t<\/div>\n\t\t\t\t<\/div>\n\t\t<div class=\"elementor-element elementor-element-47153b52 e-con-full e-flex e-con e-parent\" data-id=\"47153b52\" data-element_type=\"container\" data-e-type=\"container\" data-settings=\"{&quot;background_background&quot;:&quot;classic&quot;}\">\n\t\t<div class=\"elementor-element elementor-element-398ab709 e-con-full e-flex e-con e-child\" data-id=\"398ab709\" data-element_type=\"container\" data-e-type=\"container\" data-settings=\"{&quot;background_background&quot;:&quot;classic&quot;}\">\n\t\t\t\t<div class=\"elementor-element elementor-element-c6a357b elementor-widget elementor-widget-image\" data-id=\"c6a357b\" data-element_type=\"widget\" data-e-type=\"widget\" data-widget_type=\"image.default\">\n\t\t\t\t<div class=\"elementor-widget-container\">\n\t\t\t\t\t\t\t\t\t\t\t\t\t\t\t<img loading=\"lazy\" decoding=\"async\" width=\"800\" height=\"226\" src=\"https:\/\/steuber.net\/wp-content\/uploads\/2025\/01\/Keyline-Logo-Full.svg\" class=\"attachment-large size-large wp-image-10064\" alt=\"Keyline Logo\" \/>\t\t\t\t\t\t\t\t\t\t\t\t\t\t\t<\/div>\n\t\t\t\t<\/div>\n\t\t\t\t<div class=\"elementor-element elementor-element-76b21e07 elementor-widget elementor-widget-heading\" data-id=\"76b21e07\" data-element_type=\"widget\" data-e-type=\"widget\" data-widget_type=\"heading.default\">\n\t\t\t\t<div class=\"elementor-widget-container\">\n\t\t\t\t\t<h2 class=\"elementor-heading-title elementor-size-default\">Keyline ist das Betriebssystem f\u00fcr die moderne Druckerei der Zukunft<\/h2>\t\t\t\t<\/div>\n\t\t\t\t<\/div>\n\t\t\t\t<div class=\"elementor-element elementor-element-438ce895 elementor-widget elementor-widget-text-editor\" data-id=\"438ce895\" data-element_type=\"widget\" data-e-type=\"widget\" data-widget_type=\"text-editor.default\">\n\t\t\t\t<div class=\"elementor-widget-container\">\n\t\t\t\t\t\t\t\t\t<p>Keyline ist das\u00a0<strong>moderne Betriebssystem f\u00fcr Druckereien<\/strong>, das s\u00e4mtliche Gesch\u00e4ftsprozesse intelligent verbindet. Von der Angebotskalkulation \u00fcber die Produktionssteuerung bis hin zur automatisierten Vorstufe \u2013\u00a0<strong>Keyline digitalisiert und optimiert Ihre gesamte Wertsch\u00f6pfungskette<\/strong>.<\/p>\t\t\t\t\t\t\t\t<\/div>\n\t\t\t\t<\/div>\n\t\t\t\t<div class=\"elementor-element elementor-element-2dd47b62 elementor-widget elementor-widget-button\" data-id=\"2dd47b62\" data-element_type=\"widget\" data-e-type=\"widget\" data-widget_type=\"button.default\">\n\t\t\t\t<div class=\"elementor-widget-container\">\n\t\t\t\t\t\t\t\t\t<div class=\"elementor-button-wrapper\">\n\t\t\t\t\t<a class=\"elementor-button elementor-button-link elementor-size-sm\" href=\"https:\/\/steuber.net\/nl\/keyline\/\">\n\t\t\t\t\t\t<span class=\"elementor-button-content-wrapper\">\n\t\t\t\t\t\t\t\t\t<span class=\"elementor-button-text\">Mehr \u00fcber Keyline erfahren<\/span>\n\t\t\t\t\t<\/span>\n\t\t\t\t\t<\/a>\n\t\t\t\t<\/div>\n\t\t\t\t\t\t\t\t<\/div>\n\t\t\t\t<\/div>\n\t\t\t\t<\/div>\n\t\t<div class=\"elementor-element elementor-element-1e130f08 e-con-full e-flex e-con e-child\" data-id=\"1e130f08\" data-element_type=\"container\" data-e-type=\"container\" data-settings=\"{&quot;background_background&quot;:&quot;classic&quot;}\">\n\t\t\t\t<div class=\"elementor-element elementor-element-2bd6947f elementor-widget elementor-widget-image\" data-id=\"2bd6947f\" data-element_type=\"widget\" data-e-type=\"widget\" data-widget_type=\"image.default\">\n\t\t\t\t<div class=\"elementor-widget-container\">\n\t\t\t\t\t\t\t\t\t\t\t\t\t\t\t<img decoding=\"async\" src=\"https:\/\/steuber.net\/wp-content\/uploads\/2025\/01\/AdobeStock_1065953005_Preview.jpeg\" title=\"\" alt=\"\" loading=\"lazy\" \/>\t\t\t\t\t\t\t\t\t\t\t\t\t\t\t<\/div>\n\t\t\t\t<\/div>\n\t\t\t\t<div class=\"elementor-element elementor-element-fa3df91 elementor-invisible elementor-widget elementor-widget-image\" data-id=\"fa3df91\" data-element_type=\"widget\" data-e-type=\"widget\" data-settings=\"{&quot;_animation&quot;:&quot;fadeInUp&quot;}\" data-widget_type=\"image.default\">\n\t\t\t\t<div class=\"elementor-widget-container\">\n\t\t\t\t\t\t\t\t\t\t\t\t\t\t\t<img loading=\"lazy\" decoding=\"async\" width=\"1000\" height=\"667\" src=\"https:\/\/steuber.net\/wp-content\/uploads\/2025\/02\/steuber-keyline-mis-bildschirm-1.jpg\" class=\"attachment-full size-full wp-image-10168\" alt=\"\" srcset=\"https:\/\/steuber.net\/wp-content\/uploads\/2025\/02\/steuber-keyline-mis-bildschirm-1.jpg 1000w, https:\/\/steuber.net\/wp-content\/uploads\/2025\/02\/steuber-keyline-mis-bildschirm-1-300x200.jpg 300w, https:\/\/steuber.net\/wp-content\/uploads\/2025\/02\/steuber-keyline-mis-bildschirm-1-768x512.jpg 768w, https:\/\/steuber.net\/wp-content\/uploads\/2025\/02\/steuber-keyline-mis-bildschirm-1-18x12.jpg 18w\" sizes=\"(max-width: 1000px) 100vw, 1000px\" \/>\t\t\t\t\t\t\t\t\t\t\t\t\t\t\t<\/div>\n\t\t\t\t<\/div>\n\t\t\t\t<\/div>\n\t\t\t\t<\/div>\n\t\t<div class=\"elementor-element elementor-element-6c86fdc0 e-con-full e-flex e-con e-parent\" data-id=\"6c86fdc0\" data-element_type=\"container\" data-e-type=\"container\" data-settings=\"{&quot;background_background&quot;:&quot;classic&quot;}\">\n\t\t<div class=\"elementor-element elementor-element-7cac342c e-con-full e-flex e-con e-child\" data-id=\"7cac342c\" data-element_type=\"container\" data-e-type=\"container\" data-settings=\"{&quot;background_background&quot;:&quot;classic&quot;}\">\n\t\t\t\t<div class=\"elementor-element elementor-element-1797f891 elementor-invisible elementor-widget elementor-widget-image\" data-id=\"1797f891\" data-element_type=\"widget\" data-e-type=\"widget\" data-settings=\"{&quot;_animation&quot;:&quot;fadeInLeft&quot;}\" data-widget_type=\"image.default\">\n\t\t\t\t<div class=\"elementor-widget-container\">\n\t\t\t\t\t\t\t\t\t\t\t\t\t\t\t<img loading=\"lazy\" decoding=\"async\" width=\"907\" height=\"780\" src=\"https:\/\/steuber.net\/wp-content\/uploads\/2025\/01\/Odeon-grafik.png\" class=\"attachment-full size-full wp-image-10090\" alt=\"\" srcset=\"https:\/\/steuber.net\/wp-content\/uploads\/2025\/01\/Odeon-grafik.png 907w, https:\/\/steuber.net\/wp-content\/uploads\/2025\/01\/Odeon-grafik-300x258.png 300w, https:\/\/steuber.net\/wp-content\/uploads\/2025\/01\/Odeon-grafik-768x660.png 768w, https:\/\/steuber.net\/wp-content\/uploads\/2025\/01\/Odeon-grafik-14x12.png 14w\" sizes=\"(max-width: 907px) 100vw, 907px\" \/>\t\t\t\t\t\t\t\t\t\t\t\t\t\t\t<\/div>\n\t\t\t\t<\/div>\n\t\t\t\t<\/div>\n\t\t<div class=\"elementor-element elementor-element-1509b414 e-con-full e-flex e-con e-child\" data-id=\"1509b414\" data-element_type=\"container\" data-e-type=\"container\" data-settings=\"{&quot;background_background&quot;:&quot;classic&quot;}\">\n\t\t\t\t<div class=\"elementor-element elementor-element-c696fab elementor-widget elementor-widget-image\" data-id=\"c696fab\" data-element_type=\"widget\" data-e-type=\"widget\" data-widget_type=\"image.default\">\n\t\t\t\t<div class=\"elementor-widget-container\">\n\t\t\t\t\t\t\t\t\t\t\t\t\t\t\t<img loading=\"lazy\" decoding=\"async\" width=\"800\" height=\"400\" src=\"https:\/\/steuber.net\/wp-content\/uploads\/2024\/08\/Tessitura_Logo_web-1024x512.png\" class=\"attachment-large size-large wp-image-8411\" alt=\"\" srcset=\"https:\/\/steuber.net\/wp-content\/uploads\/2024\/08\/Tessitura_Logo_web-1024x512.png 1024w, https:\/\/steuber.net\/wp-content\/uploads\/2024\/08\/Tessitura_Logo_web-300x150.png 300w, https:\/\/steuber.net\/wp-content\/uploads\/2024\/08\/Tessitura_Logo_web-768x384.png 768w, https:\/\/steuber.net\/wp-content\/uploads\/2024\/08\/Tessitura_Logo_web-1536x768.png 1536w, https:\/\/steuber.net\/wp-content\/uploads\/2024\/08\/Tessitura_Logo_web.png 2048w, https:\/\/steuber.net\/wp-content\/uploads\/2024\/08\/Tessitura_Logo_web-18x9.png 18w\" sizes=\"(max-width: 800px) 100vw, 800px\" \/>\t\t\t\t\t\t\t\t\t\t\t\t\t\t\t<\/div>\n\t\t\t\t<\/div>\n\t\t\t\t<div class=\"elementor-element elementor-element-4125c1ee elementor-widget elementor-widget-heading\" data-id=\"4125c1ee\" data-element_type=\"widget\" data-e-type=\"widget\" data-widget_type=\"heading.default\">\n\t\t\t\t<div class=\"elementor-widget-container\">\n\t\t\t\t\t<h2 class=\"elementor-heading-title elementor-size-default\">Tessitura l\u00f6st das Problem Ihrer heterogenen Produktionsumgebung<\/h2>\t\t\t\t<\/div>\n\t\t\t\t<\/div>\n\t\t\t\t<div class=\"elementor-element elementor-element-46a4301f elementor-widget elementor-widget-text-editor\" data-id=\"46a4301f\" data-element_type=\"widget\" data-e-type=\"widget\" data-widget_type=\"text-editor.default\">\n\t\t\t\t<div class=\"elementor-widget-container\">\n\t\t\t\t\t\t\t\t\t<p class=\"p1\">Unsere Plattform Odeon vernetzt standort\u00fcbergreifend und herstellerunabh\u00e4ngig alle Druck- und Weiterverarbeitungsmaschinen sowie ERP-Systeme deines Unternehmens. Dabei f\u00fcgt sich jede Komponente wie ein Puzzleteil in einen ganzheitlich \u00fcbergreifenden Produktionsprozess ein.<\/p>\t\t\t\t\t\t\t\t<\/div>\n\t\t\t\t<\/div>\n\t\t\t\t<div class=\"elementor-element elementor-element-49c98c3d elementor-widget elementor-widget-button\" data-id=\"49c98c3d\" data-element_type=\"widget\" data-e-type=\"widget\" data-widget_type=\"button.default\">\n\t\t\t\t<div class=\"elementor-widget-container\">\n\t\t\t\t\t\t\t\t\t<div class=\"elementor-button-wrapper\">\n\t\t\t\t\t<a class=\"elementor-button elementor-button-link elementor-size-sm\" href=\"https:\/\/tessitura.io\/\" target=\"_blank\" rel=\"noopener\">\n\t\t\t\t\t\t<span class=\"elementor-button-content-wrapper\">\n\t\t\t\t\t\t\t\t\t<span class=\"elementor-button-text\">Odeon entdecken<\/span>\n\t\t\t\t\t<\/span>\n\t\t\t\t\t<\/a>\n\t\t\t\t<\/div>\n\t\t\t\t\t\t\t\t<\/div>\n\t\t\t\t<\/div>\n\t\t\t\t<\/div>\n\t\t\t\t<\/div>\n\t\t\t\t<\/div>","protected":false},"excerpt":{"rendered":"<p>Optimieren Sie Ihre Druckprozesse mit Workflow-Automatisierung Steuber steht Ihnen zur Seite, um die Zukunft Ihrer Druckerei effizienter zu gestalten. Mit unseren Automatisierungsl\u00f6sungen revolutionieren Sie Ihre Prozesse und positionieren sich als Vorreiter in der Druckindustrie. Zukunft gestalten, Prozesse vereinfachen: geb\u00fcndelte Kr\u00e4fte f\u00fcr die neue Generation Web-to-Print. Be.print ist die f\u00fchrende Web-to-Print-L\u00f6sung f\u00fcr digitale Workflows in Druckereien. [&hellip;]<\/p>\n","protected":false},"author":1,"featured_media":0,"parent":0,"menu_order":0,"comment_status":"closed","ping_status":"closed","template":"","meta":{"_angie_page":false,"footnotes":""},"class_list":["post-10087","page","type-page","status-publish","hentry"],"_links":{"self":[{"href":"https:\/\/steuber.net\/nl\/wp-json\/wp\/v2\/pages\/10087","targetHints":{"allow":["GET"]}}],"collection":[{"href":"https:\/\/steuber.net\/nl\/wp-json\/wp\/v2\/pages"}],"about":[{"href":"https:\/\/steuber.net\/nl\/wp-json\/wp\/v2\/types\/page"}],"author":[{"embeddable":true,"href":"https:\/\/steuber.net\/nl\/wp-json\/wp\/v2\/users\/1"}],"replies":[{"embeddable":true,"href":"https:\/\/steuber.net\/nl\/wp-json\/wp\/v2\/comments?post=10087"}],"version-history":[{"count":40,"href":"https:\/\/steuber.net\/nl\/wp-json\/wp\/v2\/pages\/10087\/revisions"}],"predecessor-version":[{"id":10955,"href":"https:\/\/steuber.net\/nl\/wp-json\/wp\/v2\/pages\/10087\/revisions\/10955"}],"wp:attachment":[{"href":"https:\/\/steuber.net\/nl\/wp-json\/wp\/v2\/media?parent=10087"}],"curies":[{"name":"wp","href":"https:\/\/api.w.org\/{rel}","templated":true}]}}