{"id":8036,"date":"2024-07-10T08:52:13","date_gmt":"2024-07-10T08:52:13","guid":{"rendered":"https:\/\/steuber.net\/?page_id=8036"},"modified":"2025-09-29T08:35:39","modified_gmt":"2025-09-29T08:35:39","slug":"druk-op","status":"publish","type":"page","link":"https:\/\/steuber.net\/nl\/presse\/","title":{"rendered":"Druk op"},"content":{"rendered":"<div data-elementor-type=\"wp-page\" data-elementor-id=\"8036\" class=\"elementor elementor-8036\" data-elementor-post-type=\"page\">\n\t\t\t\t<div class=\"elementor-element elementor-element-8510eb2 e-flex e-con-boxed e-con e-parent\" data-id=\"8510eb2\" data-element_type=\"container\" data-e-type=\"container\">\n\t\t\t\t\t<div class=\"e-con-inner\">\n\t\t<div class=\"elementor-element elementor-element-612d819 e-con-full e-flex e-con e-child\" data-id=\"612d819\" data-element_type=\"container\" data-e-type=\"container\">\n\t\t\t\t<div class=\"elementor-element elementor-element-09954f0 elementor-widget elementor-widget-heading\" data-id=\"09954f0\" data-element_type=\"widget\" data-e-type=\"widget\" data-widget_type=\"heading.default\">\n\t\t\t\t<div class=\"elementor-widget-container\">\n\t\t\t\t\t<h1 class=\"elementor-heading-title elementor-size-default\">Persruimte<\/h1>\t\t\t\t<\/div>\n\t\t\t\t<\/div>\n\t\t\t\t<div class=\"elementor-element elementor-element-9dc85be elementor-widget elementor-widget-text-editor\" data-id=\"9dc85be\" data-element_type=\"widget\" data-e-type=\"widget\" data-widget_type=\"text-editor.default\">\n\t\t\t\t<div class=\"elementor-widget-container\">\n\t\t\t\t\t\t\t\t\t<h2><span class=\"ui-provider a b c d e f g h i j k l m n o p q r s t u v w x y z ab ac ae af ag ah ai aj ak\" dir=\"ltr\">Hier vind je al het nieuws over Systemhaus Steuber.<\/span><\/h2>\t\t\t\t\t\t\t\t<\/div>\n\t\t\t\t<\/div>\n\t\t\t\t<\/div>\n\t\t<div class=\"elementor-element elementor-element-0038670 e-con-full e-flex e-con e-child\" data-id=\"0038670\" data-element_type=\"container\" data-e-type=\"container\">\n\t\t\t\t<div class=\"elementor-element elementor-element-b5c5267 elementor-widget elementor-widget-n-accordion\" data-id=\"b5c5267\" data-element_type=\"widget\" data-e-type=\"widget\" data-settings=\"{&quot;default_state&quot;:&quot;expanded&quot;,&quot;max_items_expended&quot;:&quot;one&quot;,&quot;n_accordion_animation_duration&quot;:{&quot;unit&quot;:&quot;ms&quot;,&quot;size&quot;:400,&quot;sizes&quot;:[]}}\" data-widget_type=\"nested-accordion.default\">\n\t\t\t\t<div class=\"elementor-widget-container\">\n\t\t\t\t\t\t\t<div class=\"e-n-accordion\" aria-label=\"Accordeon. Links openen met Enter of Spatie, sluiten met Escape en navigeren met Pijltjestoetsen\">\n\t\t\t\t\t\t<details id=\"e-n-accordion-item-1900\" class=\"e-n-accordion-item\" open>\n\t\t\t\t<summary class=\"e-n-accordion-item-title\" data-accordion-index=\"1\" tabindex=\"0\" aria-expanded=\"true\" aria-controls=\"e-n-accordion-item-1900\" >\n\t\t\t\t\t<span class='e-n-accordion-item-title-header'><div class=\"e-n-accordion-item-title-text\"> Redactionele bijdragen van de vakpers <\/div><\/span>\n\t\t\t\t\t\t\t<span class='e-n-accordion-item-title-icon'>\n\t\t\t<span class='e-opened' ><i aria-hidden=\"true\" class=\"fas fa-minus\"><\/i><\/span>\n\t\t\t<span class='e-closed'><i aria-hidden=\"true\" class=\"fas fa-plus\"><\/i><\/span>\n\t\t<\/span>\n\n\t\t\t\t\t\t<\/summary>\n\t\t\t\t<div role=\"region\" aria-labelledby=\"e-n-accordion-item-1900\" class=\"elementor-element elementor-element-6aa4ff6 e-con-full e-flex e-con e-child\" data-id=\"6aa4ff6\" data-element_type=\"container\" data-e-type=\"container\">\n\t\t\t\t<div class=\"elementor-element elementor-element-6cb455d elementor-widget elementor-widget-text-editor\" data-id=\"6cb455d\" data-element_type=\"widget\" data-e-type=\"widget\" data-widget_type=\"text-editor.default\">\n\t\t\t\t<div class=\"elementor-widget-container\">\n\t\t\t\t\t\t\t\t\t<p><strong>2025<\/strong><\/p><ul><li><a href=\"https:\/\/www.print.de\/allgemein\/be-beyond-und-steuber-buendeln-kraefte-fuer-integrierte-web-to-print-loesungen\/?omhide=true&amp;utm_source=ddv_daily_nl&amp;utm_campaign=Be.Beyond_und_Steuber_b%c3%bcndeln_Kr%c3%a4fte_f%c3%bcr_integrierte_Web-to-Print-L%c3%b6sungen_25092025&amp;utm_medium=email\" target=\"_blank\" rel=\"noopener\">Samenwerking tussen softwareontwikkelaar en systeemhuis: Be.Beyond en Steuber bundelen krachten voor ge\u00efntegreerde web-to-print oplossingen<\/a><\/li><li><a href=\"https:\/\/www.print.de\/e-dossiers\/neu-bei-steuber-fluid-compact-circle\/\" target=\"_blank\" rel=\"noopener\">Steuber breidt zijn expertise in drukinkten uit: Nieuw bij Steuber: Fluid Compact Circle<\/a><\/li><li><a href=\"https:\/\/www.print.de\/e-dossiers\/crispy-mountain-und-steuber-starten-strategische-partnerschaft-2\/\" target=\"_blank\" rel=\"noopener\">Crispy Mountain en Steuber lanceren strategisch partnerschap<\/a><\/li><li><a href=\"https:\/\/www.print.de\/e-dossiers\/fujifilm-revoria-press-pc1120-von-steuber-bewaehrt-sich-bei-le-roux-in-erbach\/\" target=\"_blank\" rel=\"noopener\">Inline nabewerking inbegrepen: Fujifilm Revoria Press PC1120 van Steuber bewijst zijn waarde bij Le Roux in Erbach<\/a><\/li><li><a href=\"https:\/\/steuber.net\/wp-content\/uploads\/2025\/02\/PM_Crispy-Mountain-und-Steuber-starten-strategische-Partnerschaft_022025.pdf\">Vooruitstrevende samenwerking voor de print- en media-industrie: Crispy Mountain en Steuber lanceren strategisch partnerschap<\/a><\/li><li><a href=\"https:\/\/steuber.net\/wp-content\/uploads\/2025\/01\/Bindereport_1-2025_Titelstory_PrintWire.pdf\">Expertise met draadkam: bindereport interview met Anne Thul, Marketing Manager bij Steuber GmbH &amp; Co. KG<\/a><\/li><li><a href=\"https:\/\/steuber.net\/wp-content\/uploads\/2025\/01\/GP_1-25_Success-Story_Steuber_Nuschdruck.pdf\">Nuschdruck (Gummersbach) vertrouwt op Steuber als partner voor nieuwe investering: Vouweffici\u00ebntie verder verhoogd met een MBO T50<\/a><\/li><li><a href=\"https:\/\/steuber.net\/wp-content\/uploads\/2025\/01\/GP_1-25_Success-Story_Steuber_Le-Roux.pdf\">Fujifilm Revoria Press PC1120 van Steuber bewijst zijn waarde bij Le Roux in Erbach: Inline afwerking inbegrepen<\/a><\/li><li><a href=\"https:\/\/steuber.net\/wp-content\/uploads\/2025\/01\/GP_1-25_Veranstaltungen_Steuber_Business-Fruehstueck.pdf\">Steuber's 4e Business Breakfast: nieuw evenementconcept met grote belangstelling<\/a><\/li><\/ul><p><strong>2024<\/strong><\/p><ul><li><a href=\"https:\/\/www.worldofprint.de\/2024\/11\/26\/horizon-und-steuber-gehen-strategische-partnerschaft-ein\/\" target=\"_blank\" rel=\"noopener\">Horizon en Steuber gaan strategisch partnerschap aan<\/a><\/li><li><a href=\"https:\/\/www.druckspiegel.de\/Home\/News\/33499\" target=\"_blank\" rel=\"noopener\">Horizon en Steuber gaan strategisch partnerschap aan<\/a><\/li><li><a href=\"https:\/\/www.print.de\/allgemein\/horizon-erweitert-mit-steuber-das-vertriebsnetz\/?omhide=true&amp;utm_source=ddv_daily_nl&amp;utm_campaign=Horizon_erweitert_mit_Steuber_das_Vertriebsnetz_26112024&amp;utm_medium=email\" target=\"_blank\" rel=\"noopener\">Machineverkoop in de sector voor korte en zeer korte runs: Horizon breidt zijn verkoopnetwerk uit met Steuber<\/a><\/li><li><a href=\"https:\/\/steuber.net\/wp-content\/uploads\/2024\/07\/SW07_Steuber_VT_ben_nK_AT_low.pdf\" target=\"_blank\" rel=\"noopener\">Steuber breidt zijn verkooporganisatie uit: Claudia Neuhoff is benoemd tot Regional Sales Manager voor digitaal printen in heel Duitsland.<\/a><\/li><li><a href=\"https:\/\/steuber.net\/wp-content\/uploads\/2024\/07\/064_Steuber_mr_low.pdf\" target=\"_blank\" rel=\"noopener\">Steubers recepten voor succes: Systeemhuis Steuber presenteert nieuw merkimago op drupa<\/a><\/li><li><a href=\"https:\/\/steuber.net\/wp-content\/uploads\/2024\/07\/074_Steuber_Weiss_mr_low.pdf\">Duurzame productie in vellenoffset met Sun Chemical: Weiss-Druck vertrouwt op de SunLit inktserie en de expertise van Steuber<\/a><\/li><li><a href=\"https:\/\/steuber.net\/wp-content\/uploads\/2024\/07\/102_Steuber_Scholz_ms_low.pdf\" target=\"_blank\" rel=\"noopener\">MBO T50 - gebruikt als nieuw: Scholz-Druck accepteert verrassend bod van Steuber binnen 24 uur<\/a><\/li><li><a href=\"https:\/\/steuber.net\/wp-content\/uploads\/2024\/07\/NRW01_Terbeck_Steuber_v2_low.pdf\" target=\"_blank\" rel=\"noopener\">Verrassend veelzijdig: Terbeck zet een \u201egrote stap voorwaarts\u201c met de Morgana Autocreaser 50\u201c<\/a><\/li><li><a href=\"https:\/\/steuber.net\/wp-content\/uploads\/2024\/07\/SW08_Steuber_SunChemical_nKorrUG_low.pdf\" target=\"_blank\" rel=\"noopener\">Steuber met topservice voor verpakkingsdrukkers: samenwerking met Sun Chemical wordt ge\u00efntensiveerd<\/a><\/li><li><a href=\"https:\/\/steuber.net\/wp-content\/uploads\/2024\/07\/037_Steuber_mr_low.pdf\" target=\"_blank\" rel=\"noopener\">Steuber scoort ook met expertise in gebruikte machines: Internationale marketing van complete machineparken<\/a><\/li><li><a href=\"https:\/\/steuber.net\/wp-content\/uploads\/2024\/07\/146-147_Steuber_Business-Fruehstueck_ms_low.pdf\" target=\"_blank\" rel=\"noopener\">\u201eEen goed figuur voor uw drukwerk\u201c: terugblik op het 3e zakenontbijt bij Steuber in M\u00f6nchengladbach<\/a><\/li><li><a href=\"https:\/\/steuber.net\/wp-content\/uploads\/2024\/07\/NRW01-02_Meier_Steuber_v2_low.pdf\" target=\"_blank\" rel=\"noopener\">Behoefte begrepen: Heinrich Steuber installeert snijsysteem bij Druck Union in Rees<\/a><\/li><\/ul><p><strong>\u00a0<\/strong><\/p><p><strong>2023<\/strong><\/p><ul><li><a href=\"https:\/\/steuber.net\/wp-content\/uploads\/2024\/07\/048-049_Steuber_Frielingsdorf_ms_low.pdf\" target=\"_blank\" rel=\"noopener\">Moderne technologie voor XXL-commercieel drukwerk: Steuber verkoopt Canon Arizona 1380 GT aan Frielingsdorf (Wuppertal)<\/a><\/li><li><a href=\"https:\/\/steuber.net\/wp-content\/uploads\/2024\/07\/NRW04-05_Steuber_Frank_ben_low-1.pdf\" target=\"_blank\" rel=\"noopener\">iEcho lost het stansprobleem op: Frank Druck + Medien in Aken: Creatief door traditie<\/a><\/li><li><a href=\"https:\/\/steuber.net\/wp-content\/uploads\/2024\/07\/084-085__Steuber_mr_low-1.pdf\" target=\"_blank\" rel=\"noopener\">Netwerken bij het ontbijt: 2e zakenontbijt bij Steuber<\/a><\/li><li><a href=\"https:\/\/steuber.net\/wp-content\/uploads\/2024\/07\/082-083_Steuber_Sun-Chemical_mr_low-1.pdf\" target=\"_blank\" rel=\"noopener\">Samen verder groeien: Steuber en Sun Chemical breiden hun samenwerking uit<\/a><\/li><li><a href=\"https:\/\/steuber.net\/wp-content\/uploads\/2024\/07\/136-137_Steuber_Zimmermann_at_v3_low-1.pdf\" target=\"_blank\" rel=\"noopener\">Meer snelheid in vouwen: Druckerei Zimmermann vouwt volledig automatisch met een MBO K8RS inclusief Cobo stapel<\/a><\/li><\/ul><p><strong>\u00a0<\/strong><\/p><p><strong>2022<\/strong><\/p><ul><li><a href=\"https:\/\/steuber.net\/wp-content\/uploads\/2024\/07\/040-041_Koellen_Steuber_at_v5_low.pdf\" target=\"_blank\" rel=\"noopener\">Vellen in, brochures uit: K\u00f6llen Druck + Verlag bestelt Konica Minolta AccurioPress 7100 bij Heinrich Steuber<\/a><\/li><li><a href=\"https:\/\/steuber.net\/wp-content\/uploads\/2024\/07\/064-065_Steuber-Fest_mr_low.pdf\" target=\"_blank\" rel=\"noopener\">100 jaar Steuber: Verjaardagsfeest in M\u00f6nchengladbach<\/a><\/li><li><a href=\"https:\/\/steuber.net\/wp-content\/uploads\/2024\/07\/020-021_Steuber_Tessitura_mr_v2_low.pdf\" target=\"_blank\" rel=\"noopener\">Bruggen bouwen voor de toekomst: Steuber biedt state-of-the-art softwareoplossingen met start-up Tessitura GmbH<\/a><\/li><li><a href=\"https:\/\/steuber.net\/wp-content\/uploads\/2024\/07\/118-119_Steuber_Silber-Druck_nie_ms_low-1.pdf\" target=\"_blank\" rel=\"noopener\">Twee combi-vouwmachines en drie cobots: Silber Druck (Kassel) vertrouwt op samenwerking met Heinrich Steuber en MBO<\/a><\/li><li><a href=\"https:\/\/steuber.net\/wp-content\/uploads\/2024\/07\/088-089_Steuber_ms_low.pdf\" target=\"_blank\" rel=\"noopener\">Partner van de druk- en media-industrie sinds 1922: Systemhaus Steuber, M\u00f6nchengladbach<\/a><\/li><li><a href=\"https:\/\/steuber.net\/wp-content\/uploads\/2024\/07\/148_149_Steuber_-Bubi-Terbeck_ms_low-1.pdf\" target=\"_blank\" rel=\"noopener\">Een geoptimaliseerd pakket: Steuber implementeert in 2021 drie machineprojecten bij Terbeck in Coesfeld<\/a><\/li><li><a href=\"https:\/\/steuber.net\/wp-content\/uploads\/2024\/07\/060-061_Steuber_Beutler_mr_low.pdf\" target=\"_blank\" rel=\"noopener\">Beutler Verpackungen investeert in netwerkproductietechnologie: groot investeringspakket gerealiseerd door speciaalzaak Steuber<\/a><\/li><\/ul><p><strong>\u00a0<\/strong><\/p><p><strong>2021<\/strong><\/p><ul><li><a href=\"https:\/\/steuber.net\/wp-content\/uploads\/2024\/07\/106-109_Steuber_Gizeh_ms_druck.pdf\" target=\"_blank\" rel=\"noopener\">Een behendige kwantumsprong: Gizeh (Gummersbach): Uitbreiding van de drukkerij tot vouwkartonfabriek met Steuber<\/a><\/li><li><a href=\"https:\/\/steuber.net\/wp-content\/uploads\/2024\/07\/NRW_02_03_DL_Steuber.pdf\" target=\"_blank\" rel=\"noopener\">Robottechnologie neemt de ruggengraattaak over: RD+L gebruikt MBO CoBo-Stack-robots van Steuber achter vouwmachines<\/a><\/li><\/ul><p><strong>\u00a0<\/strong><\/p><p><strong>2020<\/strong><\/p><ul><li><a href=\"https:\/\/steuber.net\/wp-content\/uploads\/2024\/07\/114_115_Steuber_TheisenBonitz_Blmeke_ms-1.pdf\" target=\"_blank\" rel=\"noopener\">Top - met paallevering en brochureproductie: Bl\u00f6meke in Herne investeert in Theisen &amp; Bonitz systeem van Steuber<\/a><\/li><li><a href=\"https:\/\/steuber.net\/wp-content\/uploads\/2024\/07\/003_Drei-Fragen-an_ms.pdf\" target=\"_blank\" rel=\"noopener\">Drie vragen aan Managing Director Stephan Steuber<\/a><\/li><li><a href=\"https:\/\/steuber.net\/wp-content\/uploads\/2024\/07\/104_105_Steuber_TheisenBonitz_Hossinger_ms.pdf\" target=\"_blank\" rel=\"noopener\">Toenemende vraag naar bedekt zadelstikken: Steuber brengt gereviseerd Theisen &amp; Bonitz systeem naar Hossinger in Leverkusen<\/a><\/li><li><a href=\"https:\/\/steuber.net\/wp-content\/uploads\/2024\/07\/062_064_Marbo_Werbung_Steuber_Elbe_Leasing.pdf\" target=\"_blank\" rel=\"noopener\">Net op tijd gelanceerd voor het productieseizoen: RKoenig &amp; Bauer Rapida 105 Pro van Steuber gaat in bedrijf bij Marbo Werbung<\/a><\/li><\/ul>\t\t\t\t\t\t\t\t<\/div>\n\t\t\t\t<\/div>\n\t\t\t\t<\/div>\n\t\t\t\t\t<\/details>\n\t\t\t\t\t<\/div>\n\t\t\t\t\t\t<\/div>\n\t\t\t\t<\/div>\n\t\t\t\t<div class=\"elementor-element elementor-element-bf8ec13 elementor-widget elementor-widget-n-accordion\" data-id=\"bf8ec13\" data-element_type=\"widget\" data-e-type=\"widget\" data-settings=\"{&quot;default_state&quot;:&quot;expanded&quot;,&quot;max_items_expended&quot;:&quot;one&quot;,&quot;n_accordion_animation_duration&quot;:{&quot;unit&quot;:&quot;ms&quot;,&quot;size&quot;:400,&quot;sizes&quot;:[]}}\" data-widget_type=\"nested-accordion.default\">\n\t\t\t\t<div class=\"elementor-widget-container\">\n\t\t\t\t\t\t\t<div class=\"e-n-accordion\" aria-label=\"Accordeon. Links openen met Enter of Spatie, sluiten met Escape en navigeren met Pijltjestoetsen\">\n\t\t\t\t\t\t<details id=\"e-n-accordion-item-2000\" class=\"e-n-accordion-item\" open>\n\t\t\t\t<summary class=\"e-n-accordion-item-title\" data-accordion-index=\"1\" tabindex=\"0\" aria-expanded=\"true\" aria-controls=\"e-n-accordion-item-2000\" >\n\t\t\t\t\t<span class='e-n-accordion-item-title-header'><div class=\"e-n-accordion-item-title-text\"> Artikelen in online gespecialiseerde media <\/div><\/span>\n\t\t\t\t\t\t\t<span class='e-n-accordion-item-title-icon'>\n\t\t\t<span class='e-opened' ><i aria-hidden=\"true\" class=\"fas fa-minus\"><\/i><\/span>\n\t\t\t<span class='e-closed'><i aria-hidden=\"true\" class=\"fas fa-plus\"><\/i><\/span>\n\t\t<\/span>\n\n\t\t\t\t\t\t<\/summary>\n\t\t\t\t<div role=\"region\" aria-labelledby=\"e-n-accordion-item-2000\" class=\"elementor-element elementor-element-fa5e0bd e-con-full e-flex e-con e-child\" data-id=\"fa5e0bd\" data-element_type=\"container\" data-e-type=\"container\">\n\t\t\t\t<div class=\"elementor-element elementor-element-83fcdcf elementor-widget elementor-widget-text-editor\" data-id=\"83fcdcf\" data-element_type=\"widget\" data-e-type=\"widget\" data-widget_type=\"text-editor.default\">\n\t\t\t\t<div class=\"elementor-widget-container\">\n\t\t\t\t\t\t\t\t\t<p><strong>2025<\/strong><\/p><ul><li><a href=\"https:\/\/www.print.de\/e-dossiers\/5-business-fruehstueck-bei-steuber-wo-ideen-technik-und-menschen-zusammenkommen\/\" target=\"_blank\" rel=\"noopener\">Inspiratie, innovatie en netwerken: 5e zakenontbijt bij Steuber: waar idee\u00ebn, technologie en mensen samenkomen<\/a><\/li><\/ul><p>\u00a0<\/p><p><strong>2024<\/strong><\/p><ul><li><a href=\"https:\/\/www.print.de\/e-dossiers\/systemhaus-steuber-praesentiert-neuen-markenauftritt-zur-drupa\/\" target=\"_blank\" rel=\"noopener\">Systeemhuis Steuber presenteert nieuw merkimago op drupa: Steuber's recepten voor succes<\/a><\/li><li><a href=\"https:\/\/www.print.de\/e-dossiers\/weiss-druck-setzt-auf-sunlit-farbserie-und-die-kompetenz-von-steuber\/\" target=\"_blank\" rel=\"noopener\">Weiss-Druck vertrouwt op de SunLit inktserie en de expertise van Steuber: Duurzame productie in vellenoffset met Sun Chemical<\/a><\/li><li><a href=\"https:\/\/www.print.de\/e-dossiers\/scholz-druck-nimmt-ueberraschendes-angebot-von-steuber-innerhalb-24-stunden-an\/\" target=\"_blank\" rel=\"noopener\">Scholz-Druck accepteert verrassend aanbod van Steuber binnen 24 uur: MBO T50 - gebruikt als nieuw!<\/a><\/li><li><a href=\"https:\/\/www.print.de\/e-dossiers\/heinrich-steuber-installiert-schneideanlage-bei-der-druck-union-in-rees\/\" target=\"_blank\" rel=\"noopener\">Heinrich Steuber installeert snijsysteem bij Druck Union in Rees: Eisen begrepen<\/a><\/li><\/ul><p>\u00a0<\/p><p><strong>2023<\/strong><\/p><ul><li><a href=\"https:\/\/www.print.de\/e-dossiers\/steuber-vermittelt-canon-arizona-1380-gt-an-frielingsdorf-wuppertal\/\" target=\"_blank\" rel=\"noopener\">Steuber plaatst Canon Arizona 1380 GT in Frielingsdorf (Wuppertal): Moderne technologie voor XXL commercieel drukwerk <\/a><\/li><li><a href=\"https:\/\/www.print.de\/e-dossiers\/frank-druck-medien-in-aachen-kreativ-aus-tradition\/\" target=\"_blank\" rel=\"noopener\">Frank Druck + Medien in Aken: Traditioneel creatief: iEcho lost het stansprobleem op<\/a><\/li><li><a href=\"https:\/\/www.print.de\/events\/steuber-und-tessitura-bei-der-print-digital-convention-2023\/\" target=\"_blank\" rel=\"noopener\">Steuber en Tessitura op de Print &amp; Digital Convention 2023: Digitaliseer uw tradities<\/a><\/li><li><a href=\"https:\/\/www.print.de\/e-dossiers\/steuber-und-sun-chemical-bauen-ihre-zusammenarbeit-aus\/\" target=\"_blank\" rel=\"noopener\">Steuber en Sun Chemical breiden samenwerking uit: Samen verder groeien<\/a><\/li><li><a href=\"https:\/\/www.print.de\/e-dossiers\/druckerei-zimmermann-falzt-vollautomatisch-mit-einer-mbo-k8rs-samt-cobo-stack\/\" target=\"_blank\" rel=\"noopener\">Druckerei Zimmermann vouwt volledig automatisch met een MBO K8RS inclusief Cobo stapel: Meer snelheid in vouwen <\/a><\/li><li><a style=\"font-size: 17.6px; text-align: var(--text-align);\" href=\"https:\/\/www.print.de\/e-dossiers\/alliance-days-bei-hohner-in-tuttlingen-viele-maschinen-neuheiten-zum-jahresende-2022\/\" target=\"_blank\" rel=\"noopener\">Alliantiedagen bij Hohner in Tuttlingen: Wanneer de Postpress Alliance...<\/a><\/li><\/ul><p>\u00a0<\/p><p><strong>2022<\/strong><\/p><ul><li><a href=\"https:\/\/www.print.de\/e-dossiers\/silber-druck-kassel-setzt-auf-das-teamwork-mit-heinrich-steuber-und-mbo\/\" target=\"_blank\" rel=\"noopener\">Silber Druck (Kassel) vertrouwt op samenwerking met Heinrich Steuber en MBO: twee combivouwmachines en drie cobots <\/a><\/li><li><a href=\"https:\/\/www.print.de\/e-dossiers\/steuber-bietet-mit-start-up-tessitura-gmbh-modernste-software-loesungen\/\" target=\"_blank\" rel=\"noopener\">Steuber biedt state-of-the-art softwareoplossingen met start-up Tessitura GmbH: Bruggen bouwen voor de toekomst<\/a><\/li><li><a href=\"https:\/\/www.print.de\/events\/steuber-bei-der-print-digital-convention-2022\/\" target=\"_blank\" rel=\"noopener\">Steuber \/ Tessitura op de Print &amp; Digital Convention 2022: Wij presenteren<\/a><\/li><li><a href=\"https:\/\/www.print.de\/e-dossiers\/steuber-setzt-im-jahr-2021-bei-terbeck-in-coesfeld-drei-maschinen-projekte-um\/\" target=\"_blank\" rel=\"noopener\">Steuber realiseert in 2021 drie machineprojecten bij Terbeck in Coesfeld: Een optimaal pakket samengesteld<\/a><\/li><\/ul><p>\u00a0<\/p><p><strong>2021<\/strong><\/p><ul><li><a href=\"https:\/\/www.print.de\/allgemein\/beutler-verpackungen-investiert-in-vernetzte-produktionstechnik\/\" target=\"_blank\" rel=\"noopener\">Beutler Verpackungen investeert in netwerkproductietechnologie: groot investeringspakket gerealiseerd door speciaalzaak Steuber<\/a><\/li><li><a href=\"https:\/\/www.print.de\/e-dossiers\/elbe-leasing-finanziert-bograma-bsr-550-fuer-die-mailing-papierverarbeitung-gmbh\/\" target=\"_blank\" rel=\"noopener\">Elbe-Leasing financiert Bograma BSR-550 voor Mailing Papierverarbeitung GmbH: All-In Papiermanufaktur: met synergie de toekomst in <\/a><\/li><li><a href=\"https:\/\/www.print.de\/dm-native-advert\/neues-auftrags-und-bestellmanagement-setzt-ressourcen-frei\/\" target=\"_blank\" rel=\"noopener\">Nieuw bestel- en ordermanagementsysteem maakt middelen vrij: Zaikio versnelt interne processen bij Bastian Druck <\/a><\/li><li><a href=\"https:\/\/www.print.de\/e-dossiers\/ein-gekonnter-quantensprung\/\" target=\"_blank\" rel=\"noopener\">Een behendige kwantumsprong: Gizeh (Gummersbach): Uitbreiding van de drukkerij tot vouwkartonfabriek met Steuber<\/a><\/li><li><a href=\"https:\/\/www.print.de\/allgemein\/bonifatius-druckerei-investiert-in-den-bogenoffset\/\" target=\"_blank\" rel=\"noopener\">Drukkerij investeert in vellenoffset: Koenig &amp; Bauer Rapida 106X vervangt twee oude persen<\/a><\/li><li><a href=\"https:\/\/www.print.de\/e-dossiers\/drei-projekte-drei-mal-erfolgreich\/\" target=\"_blank\" rel=\"noopener\">Drie projecten, drie keer succesvol: Elbe-Leasing - betrouwbare financi\u00eble partner van Stibo Papierverarbeitung (H\u00fcrth)<\/a><\/li><li><a href=\"https:\/\/www.print.de\/news-de\/steuber-personalie\/\" target=\"_blank\" rel=\"noopener\">Britta Dannenberg neemt verkoopmanagement voor digitaal printen over bij Steuber: systeemhuis voor print en media<\/a><\/li><\/ul><p>\u00a0<\/p><p><strong>2020<\/strong><\/p><ul><li><a href=\"https:\/\/www.print.de\/news-de\/gbh-kooperiert-mit-heinrich-steuber\/\" target=\"_blank\" rel=\"noopener\">GBH werkt samen met Heinrich Steuber: Verzekeringspakket voor drukpersaankopen<\/a><\/li><li><a href=\"https:\/\/www.print.de\/allgemein\/bonifatius-druckerei-investiert-in-rapida-106-x\/\" target=\"_blank\" rel=\"noopener\">Bonifatius Druckerei investeert in Rapida 106 X: Tijdschriftdrukker in Paderborn plaatst order bij Koenig &amp; Bauer<\/a><\/li><li><a href=\"https:\/\/www.print.de\/allgemein\/drei-fragen-an-stephan-steuber\/\" target=\"_blank\" rel=\"noopener\">Serie: Drie vragen aan... Stephan Steuber<\/a><\/li><\/ul><p>\u00a0<\/p><p><strong>2019<\/strong><\/p><ul><li><a href=\"https:\/\/www.print.de\/news-de\/steuber-erweitert-portfolio-um-verpackungsmaschinen\/\" target=\"_blank\" rel=\"noopener\">Steuber breidt zijn portfolio uit met verpakkingsmachines: Technische oplossingen voor ladingbeveiliging<\/a><\/li><\/ul><p>\u00a0<\/p><p><strong>2018<\/strong><\/p><ul><li><a href=\"https:\/\/www.print.de\/allgemein\/rehms-druck-investiert-in-rapida-106-mit-doppellack\/\" target=\"_blank\" rel=\"noopener\">Rehms Druck investeert in Rapida 106 met dubbele coating: Vellenoffset drukken\/vouwkartonproductie<\/a><\/li><li><a href=\"https:\/\/www.print.de\/news-de\/steuber-schaffrath-medien-investiert-in-neue-technik\/\" target=\"_blank\" rel=\"noopener\">Schaffrath Medien investeert in nieuwe technologie: twee nieuwe machines voor drukkerij en mediabedrijf in Geldern ter gelegenheid van 275-jarig bestaan<\/a><\/li><\/ul>\t\t\t\t\t\t\t\t<\/div>\n\t\t\t\t<\/div>\n\t\t\t\t<\/div>\n\t\t\t\t\t<\/details>\n\t\t\t\t\t<\/div>\n\t\t\t\t\t\t<\/div>\n\t\t\t\t<\/div>\n\t\t\t\t<\/div>\n\t\t<div class=\"elementor-element elementor-element-6ad94dc e-con-full e-flex e-con e-child\" data-id=\"6ad94dc\" data-element_type=\"container\" data-e-type=\"container\">\n\t\t\t\t<\/div>\n\t\t\t\t\t<\/div>\n\t\t\t\t<\/div>\n\t\t\t\t<\/div>","protected":false},"excerpt":{"rendered":"<p>Pressebereich Hier finden Sie alle News rund um das Systemhaus Steuber. Redaktionelle Beitr\u00e4ge aus der Fachpresse 2025 Partnerschaft von Softwareentwickler und Systemhaus: Be.Beyond und Steuber b\u00fcndeln Kr\u00e4fte f\u00fcr integrierte Web-to-Print-L\u00f6sungen Steuber weitet Expertise bei Druckfarben aus: Neu bei Steuber: Fluid Compact Circle Crispy Mountain und Steuber starten strategische Partnerschaft Inline-Finishing inklusive: Fujifilm Revoria Press PC1120 [&hellip;]<\/p>\n","protected":false},"author":1,"featured_media":0,"parent":0,"menu_order":0,"comment_status":"closed","ping_status":"closed","template":"","meta":{"_angie_page":false,"footnotes":""},"class_list":["post-8036","page","type-page","status-publish","hentry"],"_links":{"self":[{"href":"https:\/\/steuber.net\/nl\/wp-json\/wp\/v2\/pages\/8036","targetHints":{"allow":["GET"]}}],"collection":[{"href":"https:\/\/steuber.net\/nl\/wp-json\/wp\/v2\/pages"}],"about":[{"href":"https:\/\/steuber.net\/nl\/wp-json\/wp\/v2\/types\/page"}],"author":[{"embeddable":true,"href":"https:\/\/steuber.net\/nl\/wp-json\/wp\/v2\/users\/1"}],"replies":[{"embeddable":true,"href":"https:\/\/steuber.net\/nl\/wp-json\/wp\/v2\/comments?post=8036"}],"version-history":[{"count":69,"href":"https:\/\/steuber.net\/nl\/wp-json\/wp\/v2\/pages\/8036\/revisions"}],"predecessor-version":[{"id":10960,"href":"https:\/\/steuber.net\/nl\/wp-json\/wp\/v2\/pages\/8036\/revisions\/10960"}],"wp:attachment":[{"href":"https:\/\/steuber.net\/nl\/wp-json\/wp\/v2\/media?parent=8036"}],"curies":[{"name":"wp","href":"https:\/\/api.w.org\/{rel}","templated":true}]}}