{"id":8036,"date":"2024-07-10T08:52:13","date_gmt":"2024-07-10T08:52:13","guid":{"rendered":"https:\/\/steuber.net\/?page_id=8036"},"modified":"2025-09-29T08:35:39","modified_gmt":"2025-09-29T08:35:39","slug":"presse","status":"publish","type":"page","link":"https:\/\/steuber.net\/pl\/presse\/","title":{"rendered":"Prasa"},"content":{"rendered":"<div data-elementor-type=\"wp-page\" data-elementor-id=\"8036\" class=\"elementor elementor-8036\" data-elementor-post-type=\"page\">\n\t\t\t\t<div class=\"elementor-element elementor-element-8510eb2 e-flex e-con-boxed e-con e-parent\" data-id=\"8510eb2\" data-element_type=\"container\" data-e-type=\"container\">\n\t\t\t\t\t<div class=\"e-con-inner\">\n\t\t<div class=\"elementor-element elementor-element-612d819 e-con-full e-flex e-con e-child\" data-id=\"612d819\" data-element_type=\"container\" data-e-type=\"container\">\n\t\t\t\t<div class=\"elementor-element elementor-element-09954f0 elementor-widget elementor-widget-heading\" data-id=\"09954f0\" data-element_type=\"widget\" data-e-type=\"widget\" data-widget_type=\"heading.default\">\n\t\t\t\t<div class=\"elementor-widget-container\">\n\t\t\t\t\t<h1 class=\"elementor-heading-title elementor-size-default\">Pressebereich<\/h1>\t\t\t\t<\/div>\n\t\t\t\t<\/div>\n\t\t\t\t<div class=\"elementor-element elementor-element-9dc85be elementor-widget elementor-widget-text-editor\" data-id=\"9dc85be\" data-element_type=\"widget\" data-e-type=\"widget\" data-widget_type=\"text-editor.default\">\n\t\t\t\t<div class=\"elementor-widget-container\">\n\t\t\t\t\t\t\t\t\t<h2><span class=\"ui-provider a b c d e f g h i j k l m n o p q r s t u v w x y z ab ac ae af ag ah ai aj ak\" dir=\"ltr\">Hier finden Sie alle News rund um das Systemhaus Steuber.<\/span><\/h2>\t\t\t\t\t\t\t\t<\/div>\n\t\t\t\t<\/div>\n\t\t\t\t<\/div>\n\t\t<div class=\"elementor-element elementor-element-0038670 e-con-full e-flex e-con e-child\" data-id=\"0038670\" data-element_type=\"container\" data-e-type=\"container\">\n\t\t\t\t<div class=\"elementor-element elementor-element-b5c5267 elementor-widget elementor-widget-n-accordion\" data-id=\"b5c5267\" data-element_type=\"widget\" data-e-type=\"widget\" data-settings=\"{&quot;default_state&quot;:&quot;expanded&quot;,&quot;max_items_expended&quot;:&quot;one&quot;,&quot;n_accordion_animation_duration&quot;:{&quot;unit&quot;:&quot;ms&quot;,&quot;size&quot;:400,&quot;sizes&quot;:[]}}\" data-widget_type=\"nested-accordion.default\">\n\t\t\t\t<div class=\"elementor-widget-container\">\n\t\t\t\t\t\t\t<div class=\"e-n-accordion\" aria-label=\"Akordeon. Otwieranie \u0142\u0105czy za pomoc\u0105 klawisza Enter lub spacji, zamykanie za pomoc\u0105 klawisza Escape i nawigacja za pomoc\u0105 klawiszy strza\u0142ek\">\n\t\t\t\t\t\t<details id=\"e-n-accordion-item-1900\" class=\"e-n-accordion-item\" open>\n\t\t\t\t<summary class=\"e-n-accordion-item-title\" data-accordion-index=\"1\" tabindex=\"0\" aria-expanded=\"true\" aria-controls=\"e-n-accordion-item-1900\" >\n\t\t\t\t\t<span class='e-n-accordion-item-title-header'><div class=\"e-n-accordion-item-title-text\"> Redaktionelle Beitr\u00e4ge aus der Fachpresse <\/div><\/span>\n\t\t\t\t\t\t\t<span class='e-n-accordion-item-title-icon'>\n\t\t\t<span class='e-opened' ><i aria-hidden=\"true\" class=\"fas fa-minus\"><\/i><\/span>\n\t\t\t<span class='e-closed'><i aria-hidden=\"true\" class=\"fas fa-plus\"><\/i><\/span>\n\t\t<\/span>\n\n\t\t\t\t\t\t<\/summary>\n\t\t\t\t<div role=\"region\" aria-labelledby=\"e-n-accordion-item-1900\" class=\"elementor-element elementor-element-6aa4ff6 e-con-full e-flex e-con e-child\" data-id=\"6aa4ff6\" data-element_type=\"container\" data-e-type=\"container\">\n\t\t\t\t<div class=\"elementor-element elementor-element-6cb455d elementor-widget elementor-widget-text-editor\" data-id=\"6cb455d\" data-element_type=\"widget\" data-e-type=\"widget\" data-widget_type=\"text-editor.default\">\n\t\t\t\t<div class=\"elementor-widget-container\">\n\t\t\t\t\t\t\t\t\t<p><strong>2025<\/strong><\/p><ul><li><a href=\"https:\/\/www.print.de\/allgemein\/be-beyond-und-steuber-buendeln-kraefte-fuer-integrierte-web-to-print-loesungen\/?omhide=true&amp;utm_source=ddv_daily_nl&amp;utm_campaign=Be.Beyond_und_Steuber_b%c3%bcndeln_Kr%c3%a4fte_f%c3%bcr_integrierte_Web-to-Print-L%c3%b6sungen_25092025&amp;utm_medium=email\" target=\"_blank\" rel=\"noopener\">Partnerschaft von Softwareentwickler und Systemhaus: Be.Beyond und Steuber b\u00fcndeln Kr\u00e4fte f\u00fcr integrierte Web-to-Print-L\u00f6sungen<\/a><\/li><li><a href=\"https:\/\/www.print.de\/e-dossiers\/neu-bei-steuber-fluid-compact-circle\/\" target=\"_blank\" rel=\"noopener\">Steuber weitet Expertise bei Druckfarben aus: Neu bei Steuber: Fluid Compact Circle<\/a><\/li><li><a href=\"https:\/\/www.print.de\/e-dossiers\/crispy-mountain-und-steuber-starten-strategische-partnerschaft-2\/\" target=\"_blank\" rel=\"noopener\">Crispy Mountain und Steuber starten strategische Partnerschaft<\/a><\/li><li><a href=\"https:\/\/www.print.de\/e-dossiers\/fujifilm-revoria-press-pc1120-von-steuber-bewaehrt-sich-bei-le-roux-in-erbach\/\" target=\"_blank\" rel=\"noopener\">Inline-Finishing inklusive: Fujifilm Revoria Press PC1120 von Steuber bew\u00e4hrt sich bei Le Roux in Erbach<\/a><\/li><li><a href=\"https:\/\/steuber.net\/wp-content\/uploads\/2025\/02\/PM_Crispy-Mountain-und-Steuber-starten-strategische-Partnerschaft_022025.pdf\">Zukunftsweisende Kooperation f\u00fcr die Druck- und Medienbranche: Crispy Mountain und Steuber starten strategische Partnerschaft<\/a><\/li><li><a href=\"https:\/\/steuber.net\/wp-content\/uploads\/2025\/01\/Bindereport_1-2025_Titelstory_PrintWire.pdf\">Kompetenz mit Drahtkamm: bindereport-Interview mit Anne Thul, Marketing Manager bei der Steuber GmbH &amp; Co. KG<\/a><\/li><li><a href=\"https:\/\/steuber.net\/wp-content\/uploads\/2025\/01\/GP_1-25_Success-Story_Steuber_Nuschdruck.pdf\">Nuschdruck (Gummersbach) setzt bei Neuinvestition auf Steuber als Partner: Mit einer MBO T50 gezielt die Falzeffizienz weiter erh\u00f6ht<\/a><\/li><li><a href=\"https:\/\/steuber.net\/wp-content\/uploads\/2025\/01\/GP_1-25_Success-Story_Steuber_Le-Roux.pdf\">Fujifilm Revoria Press PC1120 von Steuber bew\u00e4hrt sich bei Le Roux in Erbach: Inline-Finishing inklusive<\/a><\/li><li><a href=\"https:\/\/steuber.net\/wp-content\/uploads\/2025\/01\/GP_1-25_Veranstaltungen_Steuber_Business-Fruehstueck.pdf\">Steubers 4. Business-Fr\u00fchst\u00fcck: Neues Veranstaltungskonzept stie\u00df auf gro\u00dfes Interesse<\/a><\/li><\/ul><p><strong>2024<\/strong><\/p><ul><li><a href=\"https:\/\/www.worldofprint.de\/2024\/11\/26\/horizon-und-steuber-gehen-strategische-partnerschaft-ein\/\" target=\"_blank\" rel=\"noopener\">Horizon und Steuber gehen strategische Partnerschaft ein<\/a><\/li><li><a href=\"https:\/\/www.druckspiegel.de\/Home\/News\/33499\" target=\"_blank\" rel=\"noopener\">Horizon und Steuber gehen strategische Partnerschaft ein<\/a><\/li><li><a href=\"https:\/\/www.print.de\/allgemein\/horizon-erweitert-mit-steuber-das-vertriebsnetz\/?omhide=true&amp;utm_source=ddv_daily_nl&amp;utm_campaign=Horizon_erweitert_mit_Steuber_das_Vertriebsnetz_26112024&amp;utm_medium=email\" target=\"_blank\" rel=\"noopener\">Maschinenvertrieb im Klein- und Kleinstauflagenbereich: Horizon erweitert mit Steuber das Vertriebsnetz<\/a><\/li><li><a href=\"https:\/\/steuber.net\/wp-content\/uploads\/2024\/07\/SW07_Steuber_VT_ben_nK_AT_low.pdf\" target=\"_blank\" rel=\"noopener\">Steuber baut den Vertrieb aus: Claudia Neuhoff ist als Regional Sales Managerin f\u00fcr Digitaldruck deutschlandweit t\u00e4tig<\/a><\/li><li><a href=\"https:\/\/steuber.net\/wp-content\/uploads\/2024\/07\/064_Steuber_mr_low.pdf\" target=\"_blank\" rel=\"noopener\">Erfolgsrezepte von Steuber: Systemhaus Steuber pr\u00e4sentiert neuen Markenauftritt zur drupa<\/a><\/li><li><a href=\"https:\/\/steuber.net\/wp-content\/uploads\/2024\/07\/074_Steuber_Weiss_mr_low.pdf\">Nachhaltige Produktion im Bogenoffset mit Sun Chemical: Weiss-Druck setzt auf SunLit-Farbserie und die Kompetenz von Steuber<\/a><\/li><li><a href=\"https:\/\/steuber.net\/wp-content\/uploads\/2024\/07\/102_Steuber_Scholz_ms_low.pdf\" target=\"_blank\" rel=\"noopener\">MBO T50 \u2013 gebraucht wie neu!: Scholz-Druck nimmt \u00fcberraschendes Angebot von Steuber innerhalb 24 Stunden an<\/a><\/li><li><a href=\"https:\/\/steuber.net\/wp-content\/uploads\/2024\/07\/NRW01_Terbeck_Steuber_v2_low.pdf\" target=\"_blank\" rel=\"noopener\">\u00dcberraschend vielseitig: Terbeck macht mit dem Morgana Autocreaser 50 einen \u201egro\u00dfen Schritt nach vorn\u201c<\/a><\/li><li><a href=\"https:\/\/steuber.net\/wp-content\/uploads\/2024\/07\/SW08_Steuber_SunChemical_nKorrUG_low.pdf\" target=\"_blank\" rel=\"noopener\">Steuber mit Top-Service f\u00fcr Verpackungsdrucker: Zusammenarbeit mit Sun Chemical wird intensiviert<\/a><\/li><li><a href=\"https:\/\/steuber.net\/wp-content\/uploads\/2024\/07\/037_Steuber_mr_low.pdf\" target=\"_blank\" rel=\"noopener\">Steuber punktet mit Kompetenz auch bei Gebrauchtmaschinen: Internationale Vermarktung kompletter Maschinenparks<\/a><\/li><li><a href=\"https:\/\/steuber.net\/wp-content\/uploads\/2024\/07\/146-147_Steuber_Business-Fruehstueck_ms_low.pdf\" target=\"_blank\" rel=\"noopener\">\u201eGute Figur f\u00fcr Ihre Druckprodukte\u201c: R\u00fcckblick auf das 3. Business-Fr\u00fchst\u00fcck bei Steuber in M\u00f6nchengladbach<\/a><\/li><li><a href=\"https:\/\/steuber.net\/wp-content\/uploads\/2024\/07\/NRW01-02_Meier_Steuber_v2_low.pdf\" target=\"_blank\" rel=\"noopener\">Anforderung verstanden: Heinrich Steuber installiert Schneideanlage bei der Druck Union in Rees<\/a><\/li><\/ul><p><strong>\u00a0<\/strong><\/p><p><strong>2023<\/strong><\/p><ul><li><a href=\"https:\/\/steuber.net\/wp-content\/uploads\/2024\/07\/048-049_Steuber_Frielingsdorf_ms_low.pdf\" target=\"_blank\" rel=\"noopener\">Moderne Technik f\u00fcr den XXL-Werbedruck: Steuber vermittelt Canon Arizona 1380 GT an Frielingsdorf (Wuppertal)<\/a><\/li><li><a href=\"https:\/\/steuber.net\/wp-content\/uploads\/2024\/07\/NRW04-05_Steuber_Frank_ben_low-1.pdf\" target=\"_blank\" rel=\"noopener\">iEcho l\u00f6st das Stanzproblem: Frank Druck + Medien in Aachen: Kreativ aus Tradition<\/a><\/li><li><a href=\"https:\/\/steuber.net\/wp-content\/uploads\/2024\/07\/084-085__Steuber_mr_low-1.pdf\" target=\"_blank\" rel=\"noopener\">Networking zum Fr\u00fchst\u00fcck: 2. Business-Fr\u00fchst\u00fcck bei Steuber<\/a><\/li><li><a href=\"https:\/\/steuber.net\/wp-content\/uploads\/2024\/07\/082-083_Steuber_Sun-Chemical_mr_low-1.pdf\" target=\"_blank\" rel=\"noopener\">Gemeinsam weiter wachsen: Steuber und Sun Chemical bauen ihre Zusammenarbeit aus<\/a><\/li><li><a href=\"https:\/\/steuber.net\/wp-content\/uploads\/2024\/07\/136-137_Steuber_Zimmermann_at_v3_low-1.pdf\" target=\"_blank\" rel=\"noopener\">Mehr Tempo beim Falzen: Druckerei Zimmermann falzt vollautomatisch mit einer MBO K8RS samt Cobo-Stack<\/a><\/li><\/ul><p><strong>\u00a0<\/strong><\/p><p><strong>2022<\/strong><\/p><ul><li><a href=\"https:\/\/steuber.net\/wp-content\/uploads\/2024\/07\/040-041_Koellen_Steuber_at_v5_low.pdf\" target=\"_blank\" rel=\"noopener\">Bogen rein, Brosch\u00fcre raus: K\u00f6llen Druck + Verlag ordert Konica Minolta AccurioPress 7100 bei Heinrich Steuber<\/a><\/li><li><a href=\"https:\/\/steuber.net\/wp-content\/uploads\/2024\/07\/064-065_Steuber-Fest_mr_low.pdf\" target=\"_blank\" rel=\"noopener\">100 Jahre Steuber: Jubil\u00e4umsfeier in M\u00f6nchengladbach<\/a><\/li><li><a href=\"https:\/\/steuber.net\/wp-content\/uploads\/2024\/07\/020-021_Steuber_Tessitura_mr_v2_low.pdf\" target=\"_blank\" rel=\"noopener\">Br\u00fccken bauen f\u00fcr die Zukunft: Steuber bietet mit Start-Up Tessitura GmbH modernste Software-L\u00f6sungen<\/a><\/li><li><a href=\"https:\/\/steuber.net\/wp-content\/uploads\/2024\/07\/118-119_Steuber_Silber-Druck_nie_ms_low-1.pdf\" target=\"_blank\" rel=\"noopener\">Zwei Kombifalzmaschinen und drei Cobots: Silber Druck (Kassel) setzt auf das Teamwork mit Heinrich Steuber und MBO<\/a><\/li><li><a href=\"https:\/\/steuber.net\/wp-content\/uploads\/2024\/07\/088-089_Steuber_ms_low.pdf\" target=\"_blank\" rel=\"noopener\">Seit 1922 Partner der Druck- und Medienindustrie: Systemhaus Steuber, M\u00f6nchengladbach<\/a><\/li><li><a href=\"https:\/\/steuber.net\/wp-content\/uploads\/2024\/07\/148_149_Steuber_-Bubi-Terbeck_ms_low-1.pdf\" target=\"_blank\" rel=\"noopener\">Ein optimales Paket geschn\u00fcrt: Steuber setzt im Jahr 2021 bei Terbeck in Coesfeld drei Maschinen-Projekte um<\/a><\/li><li><a href=\"https:\/\/steuber.net\/wp-content\/uploads\/2024\/07\/060-061_Steuber_Beutler_mr_low.pdf\" target=\"_blank\" rel=\"noopener\">Beutler Verpackungen investiert in vernetzte Produktionstechnik: Gr\u00f6\u00dferes Investitionspaket, realisiert durch das Fachhandelshaus Steuber<\/a><\/li><\/ul><p><strong>\u00a0<\/strong><\/p><p><strong>2021<\/strong><\/p><ul><li><a href=\"https:\/\/steuber.net\/wp-content\/uploads\/2024\/07\/106-109_Steuber_Gizeh_ms_druck.pdf\" target=\"_blank\" rel=\"noopener\">Ein gekonnter Quantensprung: Gizeh (Gummersbach): Ausbau der Druckerei zum Faltschachtelwerk mit Steuber<\/a><\/li><li><a href=\"https:\/\/steuber.net\/wp-content\/uploads\/2024\/07\/NRW_02_03_DL_Steuber.pdf\" target=\"_blank\" rel=\"noopener\">Robotertechnik \u00fcbernimmt den Knochenjob: RD+L setzt MBO CoBo-Stack-Roboter von Steuber hinter Falzmaschinen ein<\/a><\/li><\/ul><p><strong>\u00a0<\/strong><\/p><p><strong>2020<\/strong><\/p><ul><li><a href=\"https:\/\/steuber.net\/wp-content\/uploads\/2024\/07\/114_115_Steuber_TheisenBonitz_Blmeke_ms-1.pdf\" target=\"_blank\" rel=\"noopener\">Top \u2013 mit Stapelauslage und Brosch\u00fcrenfertigung: Bl\u00f6meke in Herne investiert in Theisen &amp; Bonitz-Anlage aus dem Hause Steuber<\/a><\/li><li><a href=\"https:\/\/steuber.net\/wp-content\/uploads\/2024\/07\/003_Drei-Fragen-an_ms.pdf\" target=\"_blank\" rel=\"noopener\">Drei Fragen an Gesch\u00e4ftsf\u00fchrer Stephan Steuber<\/a><\/li><li><a href=\"https:\/\/steuber.net\/wp-content\/uploads\/2024\/07\/104_105_Steuber_TheisenBonitz_Hossinger_ms.pdf\" target=\"_blank\" rel=\"noopener\">Steigender Bedarf an R\u00fcckstichheftungen gedeckt: Steuber bringt \u00fcberholte Theisen &amp; Bonitz-Anlage bei Hossinger in Leverkusen ein<\/a><\/li><li><a href=\"https:\/\/steuber.net\/wp-content\/uploads\/2024\/07\/062_064_Marbo_Werbung_Steuber_Elbe_Leasing.pdf\" target=\"_blank\" rel=\"noopener\">Rechtzeitig zur Produktionssaison gestartet: RKoenig &amp; Bauer Rapida 105 Pro von Steuber geht bei Marbo Werbung in Betrieb<\/a><\/li><\/ul>\t\t\t\t\t\t\t\t<\/div>\n\t\t\t\t<\/div>\n\t\t\t\t<\/div>\n\t\t\t\t\t<\/details>\n\t\t\t\t\t<\/div>\n\t\t\t\t\t\t<\/div>\n\t\t\t\t<\/div>\n\t\t\t\t<div class=\"elementor-element elementor-element-bf8ec13 elementor-widget elementor-widget-n-accordion\" data-id=\"bf8ec13\" data-element_type=\"widget\" data-e-type=\"widget\" data-settings=\"{&quot;default_state&quot;:&quot;expanded&quot;,&quot;max_items_expended&quot;:&quot;one&quot;,&quot;n_accordion_animation_duration&quot;:{&quot;unit&quot;:&quot;ms&quot;,&quot;size&quot;:400,&quot;sizes&quot;:[]}}\" data-widget_type=\"nested-accordion.default\">\n\t\t\t\t<div class=\"elementor-widget-container\">\n\t\t\t\t\t\t\t<div class=\"e-n-accordion\" aria-label=\"Akordeon. Otwieranie \u0142\u0105czy za pomoc\u0105 klawisza Enter lub spacji, zamykanie za pomoc\u0105 klawisza Escape i nawigacja za pomoc\u0105 klawiszy strza\u0142ek\">\n\t\t\t\t\t\t<details id=\"e-n-accordion-item-2000\" class=\"e-n-accordion-item\" open>\n\t\t\t\t<summary class=\"e-n-accordion-item-title\" data-accordion-index=\"1\" tabindex=\"0\" aria-expanded=\"true\" aria-controls=\"e-n-accordion-item-2000\" >\n\t\t\t\t\t<span class='e-n-accordion-item-title-header'><div class=\"e-n-accordion-item-title-text\"> Beitr\u00e4ge in Online-Fachmedien <\/div><\/span>\n\t\t\t\t\t\t\t<span class='e-n-accordion-item-title-icon'>\n\t\t\t<span class='e-opened' ><i aria-hidden=\"true\" class=\"fas fa-minus\"><\/i><\/span>\n\t\t\t<span class='e-closed'><i aria-hidden=\"true\" class=\"fas fa-plus\"><\/i><\/span>\n\t\t<\/span>\n\n\t\t\t\t\t\t<\/summary>\n\t\t\t\t<div role=\"region\" aria-labelledby=\"e-n-accordion-item-2000\" class=\"elementor-element elementor-element-fa5e0bd e-con-full e-flex e-con e-child\" data-id=\"fa5e0bd\" data-element_type=\"container\" data-e-type=\"container\">\n\t\t\t\t<div class=\"elementor-element elementor-element-83fcdcf elementor-widget elementor-widget-text-editor\" data-id=\"83fcdcf\" data-element_type=\"widget\" data-e-type=\"widget\" data-widget_type=\"text-editor.default\">\n\t\t\t\t<div class=\"elementor-widget-container\">\n\t\t\t\t\t\t\t\t\t<p><strong>2025<\/strong><\/p><ul><li><a href=\"https:\/\/www.print.de\/e-dossiers\/5-business-fruehstueck-bei-steuber-wo-ideen-technik-und-menschen-zusammenkommen\/\" target=\"_blank\" rel=\"noopener\">Impulse, Innovationen und Networking: 5. Business-Fr\u00fchst\u00fcck bei Steuber: Wo Ideen, Technik und Menschen zusammenkommen<\/a><\/li><\/ul><p>\u00a0<\/p><p><strong>2024<\/strong><\/p><ul><li><a href=\"https:\/\/www.print.de\/e-dossiers\/systemhaus-steuber-praesentiert-neuen-markenauftritt-zur-drupa\/\" target=\"_blank\" rel=\"noopener\">Systemhaus Steuber pr\u00e4sentiert neuen Markenauftritt zur drupa: Erfolgsrezepte von Steuber<\/a><\/li><li><a href=\"https:\/\/www.print.de\/e-dossiers\/weiss-druck-setzt-auf-sunlit-farbserie-und-die-kompetenz-von-steuber\/\" target=\"_blank\" rel=\"noopener\">Weiss-Druck setzt auf SunLit-Farbserie und die Kompetenz von Steuber: Nachhaltige Produktion im Bogenoffset mit Sun Chemical<\/a><\/li><li><a href=\"https:\/\/www.print.de\/e-dossiers\/scholz-druck-nimmt-ueberraschendes-angebot-von-steuber-innerhalb-24-stunden-an\/\" target=\"_blank\" rel=\"noopener\">Scholz-Druck nimmt \u00fcberraschendes Angebot von Steuber innerhalb 24 Stunden an: MBO T50 \u2013 gebraucht wie neu!<\/a><\/li><li><a href=\"https:\/\/www.print.de\/e-dossiers\/heinrich-steuber-installiert-schneideanlage-bei-der-druck-union-in-rees\/\" target=\"_blank\" rel=\"noopener\">Heinrich Steuber installiert Schneideanlage bei der Druck Union in Rees: Anforderung verstanden<\/a><\/li><\/ul><p>\u00a0<\/p><p><strong>2023<\/strong><\/p><ul><li><a href=\"https:\/\/www.print.de\/e-dossiers\/steuber-vermittelt-canon-arizona-1380-gt-an-frielingsdorf-wuppertal\/\" target=\"_blank\" rel=\"noopener\">Steuber vermittelt Canon Arizona 1380 GT an Frielingsdorf (Wuppertal): Moderne Technik f\u00fcr den XXL-Werbedruck <\/a><\/li><li><a href=\"https:\/\/www.print.de\/e-dossiers\/frank-druck-medien-in-aachen-kreativ-aus-tradition\/\" target=\"_blank\" rel=\"noopener\">Frank Druck + Medien in Aachen: Kreativ aus Tradition: iEcho l\u00f6st das Stanzproblem<\/a><\/li><li><a href=\"https:\/\/www.print.de\/events\/steuber-und-tessitura-bei-der-print-digital-convention-2023\/\" target=\"_blank\" rel=\"noopener\">Steuber und Tessitura bei der Print &amp; Digital Convention 2023: Digitalisieren Sie Ihre Traditionen<\/a><\/li><li><a href=\"https:\/\/www.print.de\/e-dossiers\/steuber-und-sun-chemical-bauen-ihre-zusammenarbeit-aus\/\" target=\"_blank\" rel=\"noopener\">Steuber und Sun Chemical bauen ihre Zusammenarbeit aus: Gemeinsam weiter wachsen<\/a><\/li><li><a href=\"https:\/\/www.print.de\/e-dossiers\/druckerei-zimmermann-falzt-vollautomatisch-mit-einer-mbo-k8rs-samt-cobo-stack\/\" target=\"_blank\" rel=\"noopener\">Druckerei Zimmermann falzt vollautomatisch mit einer MBO K8RS samt Cobo-Stack: Mehr Tempo beim Falzen <\/a><\/li><li><a style=\"font-size: 17.6px; text-align: var(--text-align);\" href=\"https:\/\/www.print.de\/e-dossiers\/alliance-days-bei-hohner-in-tuttlingen-viele-maschinen-neuheiten-zum-jahresende-2022\/\" target=\"_blank\" rel=\"noopener\">Alliance Days bei Hohner in Tuttlingen: Wenn die Postpress Alliance ruft&#8230;<\/a><\/li><\/ul><p>\u00a0<\/p><p><strong>2022<\/strong><\/p><ul><li><a href=\"https:\/\/www.print.de\/e-dossiers\/silber-druck-kassel-setzt-auf-das-teamwork-mit-heinrich-steuber-und-mbo\/\" target=\"_blank\" rel=\"noopener\">Silber Druck (Kassel) setzt auf das Teamwork mit Heinrich Steuber und MBO: Zwei Kombifalzmaschinen und drei Cobots <\/a><\/li><li><a href=\"https:\/\/www.print.de\/e-dossiers\/steuber-bietet-mit-start-up-tessitura-gmbh-modernste-software-loesungen\/\" target=\"_blank\" rel=\"noopener\">Steuber bietet mit Start-Up Tessitura GmbH modernste Software-L\u00f6sungen: Br\u00fccken bauen f\u00fcr die Zukunft<\/a><\/li><li><a href=\"https:\/\/www.print.de\/events\/steuber-bei-der-print-digital-convention-2022\/\" target=\"_blank\" rel=\"noopener\">Steuber \/ Tessitura bei der Print &amp; Digital Convention 2022: Wir stellen vor<\/a><\/li><li><a href=\"https:\/\/www.print.de\/e-dossiers\/steuber-setzt-im-jahr-2021-bei-terbeck-in-coesfeld-drei-maschinen-projekte-um\/\" target=\"_blank\" rel=\"noopener\">Steuber setzt im Jahr 2021 bei Terbeck in Coesfeld drei Maschinen-Projekte um: Ein optimales Paket geschn\u00fcrt<\/a><\/li><\/ul><p>\u00a0<\/p><p><strong>2021<\/strong><\/p><ul><li><a href=\"https:\/\/www.print.de\/allgemein\/beutler-verpackungen-investiert-in-vernetzte-produktionstechnik\/\" target=\"_blank\" rel=\"noopener\">Beutler Verpackungen investiert in vernetzte Produktionstechnik: Gr\u00f6\u00dferes Investitionspaket, realisiert durch das Fachhandelshaus Steuber<\/a><\/li><li><a href=\"https:\/\/www.print.de\/e-dossiers\/elbe-leasing-finanziert-bograma-bsr-550-fuer-die-mailing-papierverarbeitung-gmbh\/\" target=\"_blank\" rel=\"noopener\">Elbe-Leasing finanziert Bograma BSR-550 f\u00fcr die Mailing Papierverarbeitung GmbH: All-In Papiermanufaktur: mit Synergien in die Zukunft <\/a><\/li><li><a href=\"https:\/\/www.print.de\/dm-native-advert\/neues-auftrags-und-bestellmanagement-setzt-ressourcen-frei\/\" target=\"_blank\" rel=\"noopener\">Neues Auftrags- und Bestellmanagement setzt Ressourcen frei: Zaikio beschleunigt interne Prozesse von Bastian Druck <\/a><\/li><li><a href=\"https:\/\/www.print.de\/e-dossiers\/ein-gekonnter-quantensprung\/\" target=\"_blank\" rel=\"noopener\">Ein gekonnter Quantensprung: Gizeh (Gummersbach): Ausbau der Druckerei zum Faltschachtelwerk mit Steuber<\/a><\/li><li><a href=\"https:\/\/www.print.de\/allgemein\/bonifatius-druckerei-investiert-in-den-bogenoffset\/\" target=\"_blank\" rel=\"noopener\">Druckerei investiert in den Bogenoffset: Koenig &amp; Bauer Rapida 106X ersetzt zwei Altmaschinen<\/a><\/li><li><a href=\"https:\/\/www.print.de\/e-dossiers\/drei-projekte-drei-mal-erfolgreich\/\" target=\"_blank\" rel=\"noopener\">Drei Projekte, drei Mal erfolgreich: Elbe-Leasing \u2013 verl\u00e4sslicher Finanzpartner der Stibo Papierverarbeitung (H\u00fcrth)<\/a><\/li><li><a href=\"https:\/\/www.print.de\/news-de\/steuber-personalie\/\" target=\"_blank\" rel=\"noopener\">Britta Dannenberg \u00fcbernimmt Vertriebsleitung Digitaldruck bei Steuber: Systemhaus f\u00fcr Druck und Medien<\/a><\/li><\/ul><p>\u00a0<\/p><p><strong>2020<\/strong><\/p><ul><li><a href=\"https:\/\/www.print.de\/news-de\/gbh-kooperiert-mit-heinrich-steuber\/\" target=\"_blank\" rel=\"noopener\">GBH kooperiert mit Heinrich Steuber: Versicherungspaket bei Druckmaschinenkauf<\/a><\/li><li><a href=\"https:\/\/www.print.de\/allgemein\/bonifatius-druckerei-investiert-in-rapida-106-x\/\" target=\"_blank\" rel=\"noopener\">Bonifatius Druckerei investiert in Rapida 106 X: Magazindrucker in Paderborn bestellt bei Koenig &amp; Bauer<\/a><\/li><li><a href=\"https:\/\/www.print.de\/allgemein\/drei-fragen-an-stephan-steuber\/\" target=\"_blank\" rel=\"noopener\">Serie: Drei Fragen an\u2026 Stephan Steuber<\/a><\/li><\/ul><p>\u00a0<\/p><p><strong>2019<\/strong><\/p><ul><li><a href=\"https:\/\/www.print.de\/news-de\/steuber-erweitert-portfolio-um-verpackungsmaschinen\/\" target=\"_blank\" rel=\"noopener\">Steuber erweitert Portfolio um Verpackungsmaschinen: Technische L\u00f6sungen f\u00fcr die Ladungssicherung<\/a><\/li><\/ul><p>\u00a0<\/p><p><strong>2018<\/strong><\/p><ul><li><a href=\"https:\/\/www.print.de\/allgemein\/rehms-druck-investiert-in-rapida-106-mit-doppellack\/\" target=\"_blank\" rel=\"noopener\">Rehms Druck investiert in Rapida 106 mit Doppellack: Bogenoffsetdruck\/Faltschachtelproduktion<\/a><\/li><li><a href=\"https:\/\/www.print.de\/news-de\/steuber-schaffrath-medien-investiert-in-neue-technik\/\" target=\"_blank\" rel=\"noopener\">Schaffrath Medien investiert in neue Technik: Zwei Neumaschinen f\u00fcr Gelderner Druck- und Medienhaus zum 275-Jahre-Jubil\u00e4um<\/a><\/li><\/ul>\t\t\t\t\t\t\t\t<\/div>\n\t\t\t\t<\/div>\n\t\t\t\t<\/div>\n\t\t\t\t\t<\/details>\n\t\t\t\t\t<\/div>\n\t\t\t\t\t\t<\/div>\n\t\t\t\t<\/div>\n\t\t\t\t<\/div>\n\t\t<div class=\"elementor-element elementor-element-6ad94dc e-con-full e-flex e-con e-child\" data-id=\"6ad94dc\" data-element_type=\"container\" data-e-type=\"container\">\n\t\t\t\t<\/div>\n\t\t\t\t\t<\/div>\n\t\t\t\t<\/div>\n\t\t\t\t<\/div>","protected":false},"excerpt":{"rendered":"<p>Pressebereich Hier finden Sie alle News rund um das Systemhaus Steuber. Redaktionelle Beitr\u00e4ge aus der Fachpresse 2025 Partnerschaft von Softwareentwickler und Systemhaus: Be.Beyond und Steuber b\u00fcndeln Kr\u00e4fte f\u00fcr integrierte Web-to-Print-L\u00f6sungen Steuber weitet Expertise bei Druckfarben aus: Neu bei Steuber: Fluid Compact Circle Crispy Mountain und Steuber starten strategische Partnerschaft Inline-Finishing inklusive: Fujifilm Revoria Press PC1120 [&hellip;]<\/p>\n","protected":false},"author":1,"featured_media":0,"parent":0,"menu_order":0,"comment_status":"closed","ping_status":"closed","template":"","meta":{"_angie_page":false,"footnotes":""},"class_list":["post-8036","page","type-page","status-publish","hentry"],"_links":{"self":[{"href":"https:\/\/steuber.net\/pl\/wp-json\/wp\/v2\/pages\/8036","targetHints":{"allow":["GET"]}}],"collection":[{"href":"https:\/\/steuber.net\/pl\/wp-json\/wp\/v2\/pages"}],"about":[{"href":"https:\/\/steuber.net\/pl\/wp-json\/wp\/v2\/types\/page"}],"author":[{"embeddable":true,"href":"https:\/\/steuber.net\/pl\/wp-json\/wp\/v2\/users\/1"}],"replies":[{"embeddable":true,"href":"https:\/\/steuber.net\/pl\/wp-json\/wp\/v2\/comments?post=8036"}],"version-history":[{"count":69,"href":"https:\/\/steuber.net\/pl\/wp-json\/wp\/v2\/pages\/8036\/revisions"}],"predecessor-version":[{"id":10960,"href":"https:\/\/steuber.net\/pl\/wp-json\/wp\/v2\/pages\/8036\/revisions\/10960"}],"wp:attachment":[{"href":"https:\/\/steuber.net\/pl\/wp-json\/wp\/v2\/media?parent=8036"}],"curies":[{"name":"wp","href":"https:\/\/api.w.org\/{rel}","templated":true}]}}