{"id":968,"date":"2022-09-05T17:28:26","date_gmt":"2022-09-05T17:28:26","guid":{"rendered":"http:\/\/steuber22.kroeger-grafikdesign.de\/?page_id=968"},"modified":"2025-04-30T08:40:59","modified_gmt":"2025-04-30T08:40:59","slug":"fornecedores-steuber","status":"publish","type":"page","link":"https:\/\/steuber.net\/pt\/steuber-lieferanten\/","title":{"rendered":"Fornecedores Steuber"},"content":{"rendered":"<div data-elementor-type=\"wp-page\" data-elementor-id=\"968\" class=\"elementor elementor-968\" data-elementor-post-type=\"page\">\n\t\t\t\t<div class=\"elementor-element elementor-element-7bd046fc e-con-full e-flex e-con e-parent\" data-id=\"7bd046fc\" data-element_type=\"container\" data-e-type=\"container\" data-settings=\"{&quot;background_background&quot;:&quot;gradient&quot;}\">\n\t\t\t\t<div class=\"elementor-element elementor-element-41b58391 elementor-widget elementor-widget-heading\" data-id=\"41b58391\" data-element_type=\"widget\" data-e-type=\"widget\" data-widget_type=\"heading.default\">\n\t\t\t\t<div class=\"elementor-widget-container\">\n\t\t\t\t\t<h1 class=\"elementor-heading-title elementor-size-default\">Steuber Fornecedores &amp; Parceiros<\/h1>\t\t\t\t<\/div>\n\t\t\t\t<\/div>\n\t\t\t\t<div class=\"elementor-element elementor-element-ba58ccf elementor-widget elementor-widget-text-editor\" data-id=\"ba58ccf\" data-element_type=\"widget\" data-e-type=\"widget\" data-widget_type=\"text-editor.default\">\n\t\t\t\t<div class=\"elementor-widget-container\">\n\t\t\t\t\t\t\t\t\t<p>Parcerias duradouras moldam o ADN da Steuber \u2013 isto traz muitas vantagens para os nossos clientes. Conhecemos o portf\u00f3lio de produtos dos nossos fornecedores e parceiros como a palma da nossa m\u00e3o. Beneficie deste conhecimento m\u00fatuo.<\/p>\t\t\t\t\t\t\t\t<\/div>\n\t\t\t\t<\/div>\n\t\t\t\t<\/div>\n\t\t<div class=\"elementor-element elementor-element-2e6a3fc e-con-full e-flex e-con e-parent\" data-id=\"2e6a3fc\" data-element_type=\"container\" data-e-type=\"container\">\n\t\t<div class=\"elementor-element elementor-element-3922eb70 e-con-full e-flex e-con e-child\" data-id=\"3922eb70\" data-element_type=\"container\" data-e-type=\"container\">\n\t\t\t\t<div class=\"elementor-element elementor-element-225ee4d2 elementor-widget elementor-widget-heading\" data-id=\"225ee4d2\" data-element_type=\"widget\" data-e-type=\"widget\" data-widget_type=\"heading.default\">\n\t\t\t\t<div class=\"elementor-widget-container\">\n\t\t\t\t\t<h3 class=\"elementor-heading-title elementor-size-default\">Pr\u00e9-impress\u00e3o<\/h3>\t\t\t\t<\/div>\n\t\t\t\t<\/div>\n\t\t\t\t<\/div>\n\t\t<div class=\"elementor-element elementor-element-5f523e1c e-con-full e-flex e-con e-child\" data-id=\"5f523e1c\" data-element_type=\"container\" data-e-type=\"container\">\n\t\t\t\t<div class=\"elementor-element elementor-element-1eaf767 elementor-widget elementor-widget-text-editor\" data-id=\"1eaf767\" data-element_type=\"widget\" data-e-type=\"widget\" data-widget_type=\"text-editor.default\">\n\t\t\t\t<div class=\"elementor-widget-container\">\n\t\t\t\t\t\t\t\t\t<p><b>Adobe\u00a0<\/b>Systems Inc.<\/p><p><b>AGFA\u00a0<\/b>Comunica\u00e7\u00e3o Digital, Sistemas Eletr\u00f3nicos, CTP, Consum\u00edveis<\/p><p><b>EFI\u00a0<\/b>Sistemas digitais de grande formato, Software<\/p><p><b>EPSON\u00a0<\/b>Sistemas de prova<\/p><p><b>Impressionado\u00a0<\/b>Solu\u00e7\u00f5es de software para Publica\u00e7\u00e3o &amp; Pr\u00e9-impress\u00e3o<\/p><p><b>Kodak\u00a0<\/b>Sistemas Eletr\u00f3nicos, CTP, Consum\u00edveis<\/p><p><b>SYNOLOGY\u00a0<\/b>Sistemas de armazenamento em rede<\/p><p><b>TECHKON\u00a0<\/b>Engenharia de medi\u00e7\u00e3o<\/p><p><b>VMware\u00a0<\/b>Software de virtualiza\u00e7\u00e3o<\/p><p><b>X-RITE GRETAG\u00a0<\/b>Engenharia de medi\u00e7\u00e3o<\/p>\t\t\t\t\t\t\t\t<\/div>\n\t\t\t\t<\/div>\n\t\t\t\t<\/div>\n\t\t\t\t<\/div>\n\t\t<div class=\"elementor-element elementor-element-c47a4f7 e-con-full e-flex e-con e-parent\" data-id=\"c47a4f7\" data-element_type=\"container\" data-e-type=\"container\">\n\t\t<div class=\"elementor-element elementor-element-515d773 e-con-full e-flex e-con e-child\" data-id=\"515d773\" data-element_type=\"container\" data-e-type=\"container\">\n\t\t\t\t<div class=\"elementor-element elementor-element-8cc2fc3 elementor-widget elementor-widget-heading\" data-id=\"8cc2fc3\" data-element_type=\"widget\" data-e-type=\"widget\" data-widget_type=\"heading.default\">\n\t\t\t\t<div class=\"elementor-widget-container\">\n\t\t\t\t\t<h3 class=\"elementor-heading-title elementor-size-default\">Impress\u00e3o<\/h3>\t\t\t\t<\/div>\n\t\t\t\t<\/div>\n\t\t\t\t<\/div>\n\t\t<div class=\"elementor-element elementor-element-c3ece63 e-con-full e-flex e-con e-child\" data-id=\"c3ece63\" data-element_type=\"container\" data-e-type=\"container\">\n\t\t\t\t<div class=\"elementor-element elementor-element-74b6867 elementor-widget elementor-widget-text-editor\" data-id=\"74b6867\" data-element_type=\"widget\" data-e-type=\"widget\" data-widget_type=\"text-editor.default\">\n\t\t\t\t<div class=\"elementor-widget-container\">\n\t\t\t\t\t\t\t\t\t<p><b>BEIL\u00a0<\/b>Sistemas de registo<\/p><p><b>C\u00famulo\u00a0<\/b>Humidifica\u00e7\u00e3o, \u00e1gua de processo normalizada<\/p><p><b>CANON\u00a0<\/b>Sistemas de Impress\u00e3o Digital Profissional<\/p><p><b>Koenig &amp; Bauer\u00a0<\/b>M\u00e1quinas de offset de bobina<\/p><p><b>manroland Goss web systems <\/b>Sistemas de compensa\u00e7\u00e3o de rolos para impress\u00e3o de jornais e ilustra\u00e7\u00f5es<\/p><p><strong>MGI<\/strong> m\u00e1quinas de refina\u00e7\u00e3o digital<\/p><p><b>Fujifilm <\/b>Sistemas de impress\u00e3o digital<\/p><p><b>KONICA MINOLTA\u00a0<\/b>Sistemas de impress\u00e3o digital<\/p><p><b>RIMA SYSTEM\u00a0<\/b>Solu\u00e7\u00f5es de p\u00f3s-impress\u00e3o para o centro de impress\u00e3o, centro de expedi\u00e7\u00e3o e oficina de encaderna\u00e7\u00e3o<\/p><p><strong>UNISENSOR\u00a0<\/strong>Sistemas de sensores<\/p>\t\t\t\t\t\t\t\t<\/div>\n\t\t\t\t<\/div>\n\t\t\t\t<\/div>\n\t\t\t\t<\/div>\n\t\t<div class=\"elementor-element elementor-element-fc6c197 e-con-full e-flex e-con e-parent\" data-id=\"fc6c197\" data-element_type=\"container\" data-e-type=\"container\">\n\t\t<div class=\"elementor-element elementor-element-57faf27 e-con-full e-flex e-con e-child\" data-id=\"57faf27\" data-element_type=\"container\" data-e-type=\"container\">\n\t\t\t\t<div class=\"elementor-element elementor-element-a4ea1c1 elementor-widget elementor-widget-heading\" data-id=\"a4ea1c1\" data-element_type=\"widget\" data-e-type=\"widget\" data-widget_type=\"heading.default\">\n\t\t\t\t<div class=\"elementor-widget-container\">\n\t\t\t\t\t<h3 class=\"elementor-heading-title elementor-size-default\">Reelabora\u00e7\u00e3o<\/h3>\t\t\t\t<\/div>\n\t\t\t\t<\/div>\n\t\t\t\t<\/div>\n\t\t<div class=\"elementor-element elementor-element-a796a2a e-con-full e-flex e-con e-child\" data-id=\"a796a2a\" data-element_type=\"container\" data-e-type=\"container\">\n\t\t\t\t<div class=\"elementor-element elementor-element-621934c elementor-widget elementor-widget-text-editor\" data-id=\"621934c\" data-element_type=\"widget\" data-e-type=\"widget\" data-widget_type=\"text-editor.default\">\n\t\t\t\t<div class=\"elementor-widget-container\">\n\t\t\t\t\t\t\t\t\t<p><b>BAUMANN&nbsp;<\/b>Sistemas de racionaliza\u00e7\u00e3o, viradores de pilhas<\/p>\n<p><b>baumannperfeita<\/b><b>&nbsp;<\/b>M\u00e1quinas de corte<\/p>\n<p><b>Baumer hhs&nbsp;<\/b>Sistemas de encomenda de cola<\/p>\n<p><b>BOGRAMA&nbsp;<\/b>M\u00e1quinas de corte de arco, alimentadores e expositores<\/p>\n<p><b>D\u00dcRSELEN&nbsp;<\/b>M\u00e1quinas de furar papel, furadoras de papel<\/p>\n<p><b>HERZOG + HEYMANN&nbsp;<\/b>M\u00e1quinas autom\u00e1ticas de dobragem especial, sistemas de mailing<\/p>\n<p><b style=\"font-size: 1.15rem;\">MBO&nbsp;<\/b><span style=\"font-size: 1.15rem;\">M\u00e1quinas de dobrar, perif\u00e9ricos de dobrar, MBO-Digital Web Finishing<\/span><\/p>\n<p><b>PALAMIDES&nbsp;<\/b>Sistemas de exposi\u00e7\u00e3o<\/p>\n<p><b>STEUBER&nbsp;<\/b>Material de liga\u00e7\u00e3o&nbsp;<\/p>\n<p><b style=\"text-align: var(--text-align); font-size: 1.15rem;\">WOHLENBERG&nbsp;<\/b><span style=\"text-align: var(--text-align); font-size: 1.15rem;\">Sistemas de encaderna\u00e7\u00e3o<\/span><\/p>\t\t\t\t\t\t\t\t<\/div>\n\t\t\t\t<\/div>\n\t\t\t\t<\/div>\n\t\t\t\t<\/div>\n\t\t<div class=\"elementor-element elementor-element-6e377de e-con-full e-flex e-con e-parent\" data-id=\"6e377de\" data-element_type=\"container\" data-e-type=\"container\">\n\t\t<div class=\"elementor-element elementor-element-90b81e0 e-con-full e-flex e-con e-child\" data-id=\"90b81e0\" data-element_type=\"container\" data-e-type=\"container\">\n\t\t\t\t<div class=\"elementor-element elementor-element-fa32d60 elementor-widget elementor-widget-heading\" data-id=\"fa32d60\" data-element_type=\"widget\" data-e-type=\"widget\" data-widget_type=\"heading.default\">\n\t\t\t\t<div class=\"elementor-widget-container\">\n\t\t\t\t\t<h3 class=\"elementor-heading-title elementor-size-default\">Produtos de tipografia<\/h3>\t\t\t\t<\/div>\n\t\t\t\t<\/div>\n\t\t\t\t<\/div>\n\t\t<div class=\"elementor-element elementor-element-ed500f0 e-con-full e-flex e-con e-child\" data-id=\"ed500f0\" data-element_type=\"container\" data-e-type=\"container\">\n\t\t\t\t<div class=\"elementor-element elementor-element-45cc48a elementor-widget elementor-widget-text-editor\" data-id=\"45cc48a\" data-element_type=\"widget\" data-e-type=\"widget\" data-widget_type=\"text-editor.default\">\n\t\t\t\t<div class=\"elementor-widget-container\">\n\t\t\t\t\t\t\t\t\t<p><strong>DC DruckChemie<\/strong>\u00a0Agentes de lavagem e humecta\u00e7\u00e3o, vernizes de impress\u00e3o e auxiliares de impress\u00e3o<\/p><p><b>Epple <\/b>Tintas de impress\u00e3o<\/p><p><strong>F\u00e9lix B\u00f6ttcher<\/strong>\u00a0L\u00edquidos de lavagem e humecta\u00e7\u00e3o, panos de borracha e auxiliares de impress\u00e3o<\/p><p><b>FUJIFILM\u00a0<\/b>Agentes de lavagem e humecta\u00e7\u00e3o, vernizes de impress\u00e3o e auxiliares de impress\u00e3o<\/p><p><b>Hanns Eggen\u00a0<\/b>Agentes de lavagem e humecta\u00e7\u00e3o, vernizes de impress\u00e3o e auxiliares de impress\u00e3o<\/p><p><b>Henkel \u00a0<\/b>Adesivos<b><\/b><\/p><p><b>PCO\u00a0<\/b>Lavagem e Humectantes &amp; Auxiliares de Impress\u00e3o<\/p><p><b>STEUBER\u00a0<\/b><span style=\"text-align: var(--text-align); font-size: 1.1rem;\">Meios de impress\u00e3o, agentes de lavagem e humecta\u00e7\u00e3o, mantas de borracha, vernizes de impress\u00e3o, tintas de impress\u00e3o e aditivos de impress\u00e3o<\/span><\/p><p><b>SunChemical\u00a0<\/b>Tintas de impress\u00e3o e vernizes de impress\u00e3o<\/p><p><b>WEILBURGER Graphics\u00a0<\/b>Verniz de dispers\u00e3o e UV\u00a0<\/p>\t\t\t\t\t\t\t\t<\/div>\n\t\t\t\t<\/div>\n\t\t\t\t<\/div>\n\t\t\t\t<\/div>\n\t\t<div class=\"elementor-element elementor-element-52262ca e-con-full e-flex e-con e-parent\" data-id=\"52262ca\" data-element_type=\"container\" data-e-type=\"container\">\n\t\t<div class=\"elementor-element elementor-element-6af5c2f e-con-full e-flex e-con e-child\" data-id=\"6af5c2f\" data-element_type=\"container\" data-e-type=\"container\">\n\t\t\t\t<div class=\"elementor-element elementor-element-752e809 elementor-widget elementor-widget-heading\" data-id=\"752e809\" data-element_type=\"widget\" data-e-type=\"widget\" data-widget_type=\"heading.default\">\n\t\t\t\t<div class=\"elementor-widget-container\">\n\t\t\t\t\t<h3 class=\"elementor-heading-title elementor-size-default\">Embalagem e empacotamento<\/h3>\t\t\t\t<\/div>\n\t\t\t\t<\/div>\n\t\t\t\t<\/div>\n\t\t<div class=\"elementor-element elementor-element-923ae11 e-con-full e-flex e-con e-child\" data-id=\"923ae11\" data-element_type=\"container\" data-e-type=\"container\">\n\t\t\t\t<div class=\"elementor-element elementor-element-2dd85b9 elementor-widget elementor-widget-text-editor\" data-id=\"2dd85b9\" data-element_type=\"widget\" data-e-type=\"widget\" data-widget_type=\"text-editor.default\">\n\t\t\t\t<div class=\"elementor-widget-container\">\n\t\t\t\t\t\t\t\t\t<p><strong>Hugo Beck\u00a0<\/strong>M\u00e1quinas de embalagem flowpack, embalagem em pel\u00edcula e acabamento de impress\u00e3o<\/p><p><strong>MOSCA\u00a0<\/strong>M\u00e1quinas de atar<\/p><p><strong>projeto<\/strong>\u00a0M\u00e1quinas de bandeirolas<\/p><p><strong>Robopac<\/strong>\u00a0Stretchwickler, fecho de cart\u00e3o<\/p><p><strong>Siebeck<\/strong>\u00a0M\u00e1quinas para atar \/ Empacotadoras<\/p>\t\t\t\t\t\t\t\t<\/div>\n\t\t\t\t<\/div>\n\t\t\t\t<\/div>\n\t\t\t\t<\/div>\n\t\t\t\t<\/div>","protected":false},"excerpt":{"rendered":"<p>Steuber Lieferanten &amp; Partner Langj\u00e4hrige Partnerschaften pr\u00e4gen die Steuber-DNA \u2013 dies hat f\u00fcr unsere Kunden viele Vorteile. Wir kennen das Produktportfolio unserer Lieferanten und Partner wie unsere Westentasche. Profitieren Sie von diesem gegenseitigem Know-How. Druckvorstufe Adobe\u00a0Systems Inc. AGFA\u00a0Digitale Kommunikation,Elektronische Systeme, CTP,\u00a0Verbrauchsmaterialien EFI\u00a0digitale wide-format Systeme, Software EPSON\u00a0Proofsysteme IMPRESSED\u00a0Softwarel\u00f6sungen f\u00fcr\u00a0Publishing &amp; Druckvorstufe Kodak\u00a0Elektronische Systeme, CTP,\u00a0Verbrauchsmaterialien SYNOLOGY\u00a0Netzwerkspeichersysteme TECHKON\u00a0Messtechnik [&hellip;]<\/p>\n","protected":false},"author":1,"featured_media":0,"parent":0,"menu_order":0,"comment_status":"closed","ping_status":"closed","template":"","meta":{"_angie_page":false,"footnotes":""},"class_list":["post-968","page","type-page","status-publish","hentry"],"_links":{"self":[{"href":"https:\/\/steuber.net\/pt\/wp-json\/wp\/v2\/pages\/968","targetHints":{"allow":["GET"]}}],"collection":[{"href":"https:\/\/steuber.net\/pt\/wp-json\/wp\/v2\/pages"}],"about":[{"href":"https:\/\/steuber.net\/pt\/wp-json\/wp\/v2\/types\/page"}],"author":[{"embeddable":true,"href":"https:\/\/steuber.net\/pt\/wp-json\/wp\/v2\/users\/1"}],"replies":[{"embeddable":true,"href":"https:\/\/steuber.net\/pt\/wp-json\/wp\/v2\/comments?post=968"}],"version-history":[{"count":13,"href":"https:\/\/steuber.net\/pt\/wp-json\/wp\/v2\/pages\/968\/revisions"}],"predecessor-version":[{"id":10653,"href":"https:\/\/steuber.net\/pt\/wp-json\/wp\/v2\/pages\/968\/revisions\/10653"}],"wp:attachment":[{"href":"https:\/\/steuber.net\/pt\/wp-json\/wp\/v2\/media?parent=968"}],"curies":[{"name":"wp","href":"https:\/\/api.w.org\/{rel}","templated":true}]}}