{"id":3198,"date":"2022-09-27T21:58:09","date_gmt":"2022-09-27T21:58:09","guid":{"rendered":"http:\/\/steuber22.kroeger-grafikdesign.de\/?page_id=3198"},"modified":"2025-04-01T07:23:37","modified_gmt":"2025-04-01T07:23:37","slug":"datenschutz","status":"publish","type":"page","link":"https:\/\/steuber.net\/sv\/datenschutz\/","title":{"rendered":"Skydd av personuppgifter"},"content":{"rendered":"<div data-elementor-type=\"wp-page\" data-elementor-id=\"3198\" class=\"elementor elementor-3198\" data-elementor-post-type=\"page\">\n\t\t\t\t<div class=\"elementor-element elementor-element-5ca6cb39 e-con-full e-flex e-con e-parent\" data-id=\"5ca6cb39\" data-element_type=\"container\" data-e-type=\"container\">\n\t\t<div class=\"elementor-element elementor-element-271c6b3b e-con-full e-flex e-con e-child\" data-id=\"271c6b3b\" data-element_type=\"container\" data-e-type=\"container\">\n\t\t\t\t<div class=\"elementor-element elementor-element-4ef8de31 elementor-widget elementor-widget-heading\" data-id=\"4ef8de31\" data-element_type=\"widget\" data-e-type=\"widget\" data-widget_type=\"heading.default\">\n\t\t\t\t<div class=\"elementor-widget-container\">\n\t\t\t\t\t<h3 class=\"elementor-heading-title elementor-size-default\">Skydd av personuppgifter<\/h3>\t\t\t\t<\/div>\n\t\t\t\t<\/div>\n\t\t\t\t<\/div>\n\t\t<div class=\"elementor-element elementor-element-c7f4170 e-con-full e-flex e-con e-child\" data-id=\"c7f4170\" data-element_type=\"container\" data-e-type=\"container\">\n\t\t\t\t<div class=\"elementor-element elementor-element-5a87f90f elementor-widget elementor-widget-text-editor\" data-id=\"5a87f90f\" data-element_type=\"widget\" data-e-type=\"widget\" data-widget_type=\"text-editor.default\">\n\t\t\t\t<div class=\"elementor-widget-container\">\n\t\t\t\t\t\t\t\t\t<p><span style=\"text-align: var(--text-align); font-size: 1.1rem;\">Verantwortliche Stelle im Sinne der Datenschutzgesetze, insbesondere der EU-Datenschutzgrundverordnung (DSGVO), ist:<\/span><\/p>\n<p>Steuber GmbH &amp; Co. KG<br>Krefelder Stra\u00dfe 658<br>DE-41066 M\u00f6nchengladbach<\/p>\n<p>Die Betreiber dieser Seiten nehmen den Schutz Ihrer pers\u00f6nlichen Daten sehr ernst. Wir behandeln Ihre personenbezogenen Daten vertraulich und entsprechend der gesetzlichen Datenschutzvorschriften sowie dieser Datenschutzerkl\u00e4rung.<\/p>\n<p>Die Nutzung unserer Webseite ist in der Regel ohne Angabe personenbezogener Daten m\u00f6glich. Soweit auf unseren Seiten personenbezogene Daten (beispielsweise Name, Anschrift oder E-Mail-Adressen) erhoben werden, erfolgt dies, soweit m\u00f6glich, stets auf freiwilliger Basis. Diese Daten werden ohne Ihre ausdr\u00fcckliche Zustimmung nicht an Dritte weitergegeben.<\/p>\n<p>Wir weisen darauf hin, dass die Daten\u00fcbertragung im Internet (z.B. bei der Kommunikation per E-Mail) Sicherheitsl\u00fccken aufweisen kann. Ein l\u00fcckenloser Schutz der Daten vor dem Zugriff durch Dritte ist nicht m\u00f6glich.<\/p>\n<p><strong>&nbsp;<\/strong><\/p>\n<p><strong>Ihre Betroffenenrechte<\/strong><\/p>\n<p>Unter den angegebenen Kontaktdaten unseres Datenschutzbeauftragten k\u00f6nnen Sie jederzeit folgende Rechte aus\u00fcben:<\/p>\n<ul>\n<li>\n<p>Auskunft \u00fcber Ihre bei uns gespeicherten Daten und deren Verarbeitung,<\/p>\n<\/li>\n<li>\n<p>Berichtigung unrichtiger personenbezogener Daten,<\/p>\n<\/li>\n<li>\n<p>L\u00f6schung Ihrer bei uns gespeicherten Daten,<\/p>\n<\/li>\n<li>\n<p>Einschr\u00e4nkung der Datenverarbeitung, sofern wir Ihre Daten aufgrund gesetzlicher Pflichten noch nicht l\u00f6schen d\u00fcrfen,<\/p>\n<\/li>\n<li>\n<p>Widerspruch gegen die Verarbeitung Ihrer Daten bei uns und<\/p>\n<\/li>\n<li>\n<p>Daten\u00fcbertragbarkeit, sofern Sie in die Datenverarbeitung eingewilligt haben oder einen Vertrag mit uns abgeschlossen haben.<\/p>\n<\/li>\n<\/ul>\n<p>Sofern Sie uns eine Einwilligung erteilt haben, k\u00f6nnen Sie diese jederzeit mit Wirkung f\u00fcr die Zukunft widerrufen.<\/p>\n<p>Sie k\u00f6nnen sich jederzeit mit einer Beschwerde an die f\u00fcr Sie zust\u00e4ndige Aufsichtsbeh\u00f6rde wenden. Ihre zust\u00e4ndige Aufsichtsbeh\u00f6rde richtet sich nach dem Bundesland Ihres Wohnsitzes, Ihrer Arbeit oder der mutma\u00dflichen Verletzung. Eine Liste der Aufsichtsbeh\u00f6rden (f\u00fcr den nicht\u00f6ffentlichen Bereich) mit Anschrift finden Sie unter:&nbsp;<a href=\"https:\/\/www.bfdi.bund.de\/DE\/Infothek\/Anschriften_Links\/anschriften_links-node.html\" target=\"_blank\" rel=\"noopener\">https:\/\/www.bfdi.bund.de\/DE\/Infothek\/Anschriften_Links\/anschriften_links-node.html<\/a>.<\/p>\n<p><strong>Zwecke der Datenverarbeitung durch die verantwortliche Stelle und Dritte<\/strong><\/p>\n<p>Wir verarbeiten Ihre personenbezogenen Daten nur zu den in dieser Datenschutzerkl\u00e4rung genannten Zwecken. Eine \u00dcbermittlung Ihrer pers\u00f6nlichen Daten an Dritte zu anderen als den genannten Zwecken findet nicht statt. Wir geben Ihre pers\u00f6nlichen Daten nur an Dritte weiter, wenn:<\/p>\n<ul>\n<li>\n<p>Sie Ihre ausdr\u00fcckliche Einwilligung dazu erteilt haben,<\/p>\n<\/li>\n<li>\n<p>die Verarbeitung zur Abwicklung eines Vertrags mit Ihnen erforderlich ist,<\/p>\n<\/li>\n<li>\n<p>die Verarbeitung zur Erf\u00fcllung einer rechtlichen Verpflichtung erforderlich ist,<\/p>\n<\/li>\n<\/ul>\n<p>die Verarbeitung zur Wahrung berechtigter Interessen erforderlich ist und kein Grund zur Annahme besteht, dass Sie ein \u00fcberwiegendes schutzw\u00fcrdiges Interesse an der Nichtweitergabe Ihrer Daten haben.<\/p>\n<p>Erfassung allgemeiner Informationen beim Besuch unserer Website<\/p>\n<p>Wenn Sie auf unsere Website zugreifen, werden automatisch mittels eines Cookies Informationen allgemeiner Natur erfasst. Diese Informationen (Server-Logfiles) beinhalten etwa die Art des Webbrowsers, das verwendete Betriebssystem, den Domainnamen Ihres Internet-Service-Providers und \u00c4hnliches. Hierbei handelt es sich ausschlie\u00dflich um Informationen, welche keine R\u00fcckschl\u00fcsse auf Ihre Person zulassen.<\/p>\n<p>Diese Informationen sind technisch notwendig, um von Ihnen angeforderte Inhalte von Webseiten korrekt auszuliefern und fallen bei Nutzung des Internets zwingend an. Sie werden insbesondere zu folgenden Zwecken verarbeitet:<\/p>\n<ul>\n<li>\n<p>Sicherstellung eines problemlosen Verbindungsaufbaus der Website,<\/p>\n<\/li>\n<li>\n<p>Sicherstellung einer reibungslosen Nutzung unserer Website,<\/p>\n<\/li>\n<li>\n<p>Auswertung der Systemsicherheit und -stabilit\u00e4t sowie<\/p>\n<\/li>\n<li>\n<p>zu weiteren administrativen Zwecken.<\/p>\n<\/li>\n<\/ul>\n<p>Die Verarbeitung Ihrer personenbezogenen Daten basiert auf unserem berechtigten Interesse aus den vorgenannten Zwecken zur Datenerhebung. Wir verwenden Ihre Daten nicht, um R\u00fcckschl\u00fcsse auf Ihre Person zu ziehen. Empf\u00e4nger der Daten sind nur die verantwortliche Stelle und ggf. Auftragsverarbeiter.<\/p>\n<p>Anonyme Informationen dieser Art werden von uns ggfs. statistisch ausgewertet, um unseren Internetauftritt und die dahinterstehende Technik zu optimieren.<\/p>\n<p><b>Cookies<\/b><\/p>\n<p>Die Internetseiten verwenden teilweise so genannte Cookies. Cookies richten auf Ihrem Rechner keinen Schaden an und enthalten keine Viren. Cookies dienen dazu, unser Angebot nutzerfreundlicher, effektiver und sicherer zu machen. Cookies sind kleine Textdateien, die auf Ihrem Rechner abgelegt werden und die Ihr Browser speichert.<\/p>\n<p>Die meisten der von uns verwendeten Cookies sind so genannte \u201eSession-Cookies\u201c. Sie werden nach Ende Ihres Besuchs automatisch gel\u00f6scht. Andere Cookies bleiben auf Ihrem Endger\u00e4t gespeichert, bis Sie diese l\u00f6schen. Diese Cookies erm\u00f6glichen es uns, Ihren Browser beim n\u00e4chsten Besuch wiederzuerkennen.<\/p>\n<p>Sie k\u00f6nnen Ihren Browser so einstellen, dass Sie \u00fcber das Setzen von Cookies informiert werden und Cookies nur im Einzelfall erlauben, die Annahme von Cookies f\u00fcr bestimmte F\u00e4lle oder generell ausschlie\u00dfen sowie das automatische L\u00f6schen der Cookies beim Schlie\u00dfen des Browser aktivieren. Bei der Deaktivierung von Cookies kann die Funktionalit\u00e4t dieser Website eingeschr\u00e4nkt sein.<\/p>\n<p><b>SSL-Verschl\u00fcsselung<\/b><\/p>\n<p>Um die Sicherheit Ihrer Daten bei der \u00dcbertragung zu sch\u00e4tzen, verwenden wir dem aktuellen Stand der Technik entsprechende Verschl\u00fcsselungsverfahren (z. B. SSL) \u00fcber HTTPS.<\/p>\n<p><b>Server-Log-Files<\/b><\/p>\n<p>Der Provider der Seiten erhebt und speichert automatisch Informationen in so genannten Server-Log Files, die Ihr Browser automatisch an uns \u00fcbermittelt. Dies sind:<\/p>\n<ul>\n<li>\n<p>Browsertyp\/ Browserversion<\/p>\n<\/li>\n<li>\n<p>verwendetes Betriebssystem<\/p>\n<\/li>\n<li>\n<p>Referrer URL<\/p>\n<\/li>\n<li>\n<p>Hostname des zugreifenden Rechners<\/p>\n<\/li>\n<li>\n<p>Uhrzeit der Serveranfrage<\/p>\n<\/li>\n<\/ul>\n<p>Diese Daten sind nicht bestimmten Personen zuordenbar. Eine Zusammenf\u00fchrung dieser Daten mit anderen Datenquellen wird nicht vorgenommen. Wir behalten uns vor, diese Daten nachtr\u00e4glich zu pr\u00fcfen, wenn uns konkrete Anhaltspunkte f\u00fcr eine rechtswidrige Nutzung bekannt werden.<\/p>\n<p><b>Kontaktformular<\/b><\/p>\n<p>Wenn Sie uns per Kontaktformular Anfragen zukommen lassen, werden Ihre Angaben aus dem Anfrageformular inklusive der von Ihnen dort angegebenen Kontaktdaten zwecks Bearbeitung der Anfrage und f\u00fcr den Fall von Anschlussfragen bei uns gespeichert. Diese Daten geben wir nicht ohne Ihre Einwilligung weiter.<\/p>\n<p><b>Newsletterdaten<\/b><\/p>\n<p>Wenn Sie den auf der Webseite angebotenen Newsletter beziehen m\u00f6chten, ben\u00f6tigen wir von Ihnen eine E-Mail-Adresse sowie Informationen, welche uns die \u00dcberpr\u00fcfung gestatten, dass Sie der Inhaber der angegebenen E-Mail-Adresse sind und mit dem Empfang des Newsletters einverstanden sind. Weitere Daten werden nicht erhoben. Diese Daten verwenden wir ausschlie\u00dflich f\u00fcr den Versand der angeforderten Informationen und geben sie nicht an Dritte weiter.<\/p>\n<p>Die erteilte Einwilligung zur Speicherung der Daten, der E-Mail-Adresse sowie deren Nutzung zum Versand des Newsletters k\u00f6nnen Sie jederzeit widerrufen, etwa \u00fcber den \u201eAustragen\u201c-Link im Newsletter.<\/p>\n<p><b>Verwendung von Scriptbibliotheken (Google Webfonts)<\/b><\/p>\n<p>Um unsere Inhalte browser\u00fcbergreifend korrekt und grafisch ansprechend darzustellen, verwenden wir auf dieser Website Scriptbibliotheken und Schriftbibliotheken wie z. B. Google Webfonts (<a href=\"https:\/\/fonts.google.com\/\" target=\"_blank\" rel=\"noopener\">https:\/\/fonts.google.com\/<\/a>). Google Webfonts werden zur Vermeidung mehrfachen Ladens in den Cache Ihres Browsers \u00c3\u00bcbertragen. Falls der Browser die Google Webfonts nicht unterst\u00c3\u00bctzt oder den Zugriff unterbindet, werden Inhalte in einer Standardschrift angezeigt.<\/p>\n<p>Der Aufruf von Scriptbibliotheken oder Schriftbibliotheken l\u00f6st automatisch eine Verbindung zum Betreiber der Bibliothek aus. Dabei ist es theoretisch m\u00f6glich \u2013 aktuell allerdings auch unklar ob und ggf. zu welchen Zwecken \u2013 dass Betreiber entsprechender Bibliotheken Daten erheben.<\/p>\n<p>Die Datenschutzrichtlinie des Bibliothekbetreibers Google finden Sie hier:&nbsp;<a href=\"https:\/\/www.google.com\/policies\/privacy\/\" target=\"_blank\" rel=\"noopener\">https:\/\/www.google.com\/policies\/privacy\/<\/a><\/p>\n<p><b>Nutzung der SalesViewer\u00ae-Technologie<\/b><\/p>\n<p>Auf dieser Webseite werden mit der SalesViewer\u00ae-Technologie der SalesViewer\u00ae GmbH auf Grundlage berechtigter Interessen des Webseitenbetreibers (Art. 6 Abs.1 lit.f DSGVO) Daten zu Marketing-, Marktforschungs- und Optimierungszwecken gesammelt und gespeichert. Hierzu wird ein javascript-basierter Code eingesetzt, der zur Erhebung unternehmensbezogener Daten und der entsprechenden Nutzung dient. Die mit dieser Technologie erhobenen Daten werden \u00fcber eine nicht r\u00fcckrechenbare Einwegfunktion (sog. Hashing) verschl\u00fcsselt. Die Daten werden unmittelbar pseudonymisiert und nicht dazu benutzt, den Besucher dieser Webseite pers\u00f6nlich zu identifizieren. Die im Rahmen von Salesviewer gespeicherten Daten werden gel\u00f6scht, sobald sie f\u00fcr ihre Zweckbestimmung nicht mehr erforderlich sind und der L\u00f6schung keine gesetzlichen Aufbewahrungspflichten entgegenstehen. Der Datenerhebung und -speicherung kann jederzeit mit Wirkung f\u00fcr die Zukunft widersprochen werden, indem Sie bitte diesen Link&nbsp;<a title=\"b2b leadgenerierung\" href=\"https:\/\/www.salesviewer.com\/opt-out\" target=\"_blank\" rel=\"noopener\">https:\/\/www.salesviewer.com\/opt-out<\/a>&nbsp;anklicken, um die Erfassung durch SalesViewer\u00ae innerhalb dieser Webseite zuk\u00fcnftig zu verhindern. Dabei wird ein Opt-out-Cookie f\u00fcr diese Webseite auf Ihrem Ger\u00e4t abgelegt. L\u00f6schen Sie Ihre Cookies in diesem Browser, m\u00fcssen Sie diesen Link erneut anklicken.<\/p>\n<p><b>Auskunft, L\u00f6schung, Sperrung<\/b><\/p>\n<p>Sie haben jederzeit das Recht auf unentgeltliche Auskunft \u00fcber Ihre gespeicherten personenbezogenen Daten, deren Herkunft und Empf\u00e4nger und den Zweck der Datenverarbeitung sowie ein Recht auf Berichtigung, Sperrung oder L\u00f6schung dieser Daten. Hierzu sowie zu weiteren Fragen zum Thema personenbezogene Daten k\u00f6nnen Sie sich jederzeit unter der im Impressum angegebenen Adresse an uns wenden.<\/p>\n<p><b>Widerspruch Werbe-Mails<\/b><\/p>\n<p>Der Nutzung von im Rahmen der Impressumspflicht ver\u00f6ffentlichten Kontaktdaten zur \u00dcbersendung von nicht ausdr\u00fccklich angeforderter Werbung und Informationsmaterialien wird hiermit widersprochen. Die Betreiber der Seiten behalten sich ausdr\u00fccklich rechtliche Schritte im Falle der unverlangten Zusendung von Werbeinformationen, etwa durch Spam-E-Mails, vor.&nbsp;<\/p>\n<p><span style=\"font-size: 17.6px;\">Sendinblue (Brevo) ist eine Marketingplattform, die es uns erm\u00f6glicht, Zielgruppen zu differenzieren und Marketingbotschaften per E-Mail zu versenden. Es werden keine Cookies im technischen Sinne auf dem Client des Nutzers gesetzt, jedoch werden technische und personenbezogene Daten wie die IP-Adresse vom Client an den Server des Service-Providers \u00fcbertragen, um die Nutzung des Services zu erm\u00f6glichen.<br><\/span><\/p>\n<p><b>TranslatePress<br><\/b><span style=\"font-size: 17.6px;\">TranslatePress ist ein Mehrsprachen-System f\u00fcr WordPress Websites. Die Cookies speichern die Sprache des Nutzers und k\u00f6nnen den Nutzer auf die Version der Webseite umleiten, die der Sprache des Browsers des Nutzers entspricht.<br><\/span><\/p>\n<p><b>Elementor &amp; Elementor Forms<br><\/b><span style=\"font-size: 17.6px;\">Elementor erm\u00f6glicht die Gestaltung des Layouts dieser Website, um diese ansprechender und benutzerfreundlicher zu gestalten. Die gesammelten Daten werden nicht zu Analysezwecken verwendet, sondern nur, um sicherzustellen, dass z. B. ausgeblendete Elemente bei mehreren aktiven Sitzungen nicht erneut angezeigt werden. Cookies oder Cookie-\u00e4hnliche Technologien k\u00f6nnen gespeichert und gelesen werden. Diese werden verwendet, um die Anzahl der Seitenaufrufe und aktiven Sitzungen des Nutzers zu speichern. Das berechtigte Interesse an der Nutzung dieses Services liegt in der einfachen und benutzerfreundlichen Umsetzung der verwendeten Layouts.<\/span><\/p>\n<p><span style=\"font-size: 17.6px;\">Wir verwenden Google reCAPTCHA, um unsere Formulare vor Spam zu sch\u00fctzen. Du musst akzeptieren, Google reCAPTCHA zu laden, um uns eine Nachricht \u00fcber das Formular senden zu k\u00f6nnen. Alternativ kannst du uns von deinem eigenen E-Mail-Client aus eine E-Mail an info@steuber.net senden.<\/span><\/p>\n<p><strong>&nbsp;<\/strong><\/p>\n<p><strong>\u00c4nderung unserer Datenschutzbestimmungen<\/strong><\/p>\n<p>Wir behalten uns vor, diese Datenschutzerkl\u00e4rung anzupassen, damit sie stets den aktuellen rechtlichen Anforderungen entspricht oder um \u00c4nderungen unserer Leistungen in der Datenschutzerkl\u00e4rung umzusetzen, z.B. bei der Einf\u00fchrung neuer Services. F\u00fcr Ihren erneuten Besuch gilt dann die neue Datenschutzerkl\u00e4rung.<\/p>\n<p><strong>&nbsp;<\/strong><\/p>\n<p><strong>Fragen an den Datenschutzbeauftragten<\/strong><\/p>\n<p>Wenn Sie Fragen zum Datenschutz haben, schreiben Sie uns bitte eine E-Mail:<\/p>\n<p>Christian Gelbke<br><a href=\"mailto:datenschutz@steuber.net\">datenschutz@steuber.net<\/a><\/p>\n<p>Quellen: e-recht24.de, activemind.de<\/p>\t\t\t\t\t\t\t\t<\/div>\n\t\t\t\t<\/div>\n\t\t\t\t<\/div>\n\t\t\t\t<\/div>\n\t\t\t\t<\/div>","protected":false},"excerpt":{"rendered":"<p>Datenschutz Verantwortliche Stelle im Sinne der Datenschutzgesetze, insbesondere der EU-Datenschutzgrundverordnung (DSGVO), ist: Steuber GmbH &amp; Co. KGKrefelder Stra\u00dfe 658DE-41066 M\u00f6nchengladbach Die Betreiber dieser Seiten nehmen den Schutz Ihrer pers\u00f6nlichen Daten sehr ernst. Wir behandeln Ihre personenbezogenen Daten vertraulich und entsprechend der gesetzlichen Datenschutzvorschriften sowie dieser Datenschutzerkl\u00e4rung. Die Nutzung unserer Webseite ist in der Regel ohne [&hellip;]<\/p>\n","protected":false},"author":1,"featured_media":0,"parent":0,"menu_order":0,"comment_status":"closed","ping_status":"closed","template":"","meta":{"_angie_page":false,"footnotes":""},"class_list":["post-3198","page","type-page","status-publish","hentry"],"_links":{"self":[{"href":"https:\/\/steuber.net\/sv\/wp-json\/wp\/v2\/pages\/3198","targetHints":{"allow":["GET"]}}],"collection":[{"href":"https:\/\/steuber.net\/sv\/wp-json\/wp\/v2\/pages"}],"about":[{"href":"https:\/\/steuber.net\/sv\/wp-json\/wp\/v2\/types\/page"}],"author":[{"embeddable":true,"href":"https:\/\/steuber.net\/sv\/wp-json\/wp\/v2\/users\/1"}],"replies":[{"embeddable":true,"href":"https:\/\/steuber.net\/sv\/wp-json\/wp\/v2\/comments?post=3198"}],"version-history":[{"count":3,"href":"https:\/\/steuber.net\/sv\/wp-json\/wp\/v2\/pages\/3198\/revisions"}],"predecessor-version":[{"id":10538,"href":"https:\/\/steuber.net\/sv\/wp-json\/wp\/v2\/pages\/3198\/revisions\/10538"}],"wp:attachment":[{"href":"https:\/\/steuber.net\/sv\/wp-json\/wp\/v2\/media?parent=3198"}],"curies":[{"name":"wp","href":"https:\/\/api.w.org\/{rel}","templated":true}]}}