{"id":8310,"date":"2024-08-01T10:58:32","date_gmt":"2024-08-01T10:58:32","guid":{"rendered":"https:\/\/steuber.net\/?page_id=8310"},"modified":"2026-04-28T01:35:41","modified_gmt":"2026-04-28T01:35:41","slug":"care-sommeraktion","status":"publish","type":"page","link":"https:\/\/steuber.net\/sv\/care-sommeraktion\/","title":{"rendered":"care-Sommeraktion"},"content":{"rendered":"\t\t<div data-elementor-type=\"wp-page\" data-elementor-id=\"8310\" class=\"elementor elementor-8310\" data-elementor-post-type=\"page\">\n\t\t\t\t<div class=\"elementor-element elementor-element-8cac903 e-con-full e-flex e-con e-parent\" data-id=\"8cac903\" data-element_type=\"container\" data-e-type=\"container\">\n\t\t<div class=\"elementor-element elementor-element-e0986c6 e-con-full e-flex e-con e-child\" data-id=\"e0986c6\" data-element_type=\"container\" data-e-type=\"container\" data-settings=\"{&quot;background_background&quot;:&quot;classic&quot;}\">\n\t\t\t\t<div class=\"elementor-element elementor-element-fcbafb1 elementor-widget elementor-widget-image\" data-id=\"fcbafb1\" data-element_type=\"widget\" data-e-type=\"widget\" data-widget_type=\"image.default\">\n\t\t\t\t<div class=\"elementor-widget-container\">\n\t\t\t\t\t\t\t\t\t\t\t\t\t\t\t<img fetchpriority=\"high\" decoding=\"async\" width=\"797\" height=\"1024\" src=\"https:\/\/steuber.net\/wp-content\/uploads\/2024\/08\/steuber-care-sommeraktion-797x1024.webp\" class=\"attachment-large size-large wp-image-8320\" alt=\"Steuber care Wartung manroland Druckmaschine\" srcset=\"https:\/\/steuber.net\/wp-content\/uploads\/2024\/08\/steuber-care-sommeraktion-797x1024.webp 797w, https:\/\/steuber.net\/wp-content\/uploads\/2024\/08\/steuber-care-sommeraktion-233x300.webp 233w, https:\/\/steuber.net\/wp-content\/uploads\/2024\/08\/steuber-care-sommeraktion-768x987.webp 768w, https:\/\/steuber.net\/wp-content\/uploads\/2024\/08\/steuber-care-sommeraktion-9x12.webp 9w, https:\/\/steuber.net\/wp-content\/uploads\/2024\/08\/steuber-care-sommeraktion.webp 900w\" sizes=\"(max-width: 797px) 100vw, 797px\" \/>\t\t\t\t\t\t\t\t\t\t\t\t\t\t\t<\/div>\n\t\t\t\t<\/div>\n\t\t\t\t<\/div>\n\t\t<div class=\"elementor-element elementor-element-c4b8b35 e-con-full e-flex e-con e-child\" data-id=\"c4b8b35\" data-element_type=\"container\" data-e-type=\"container\">\n\t\t\t\t<div class=\"elementor-element elementor-element-1889232 elementor-widget elementor-widget-heading\" data-id=\"1889232\" data-element_type=\"widget\" data-e-type=\"widget\" data-widget_type=\"heading.default\">\n\t\t\t\t<div class=\"elementor-widget-container\">\n\t\t\t\t\t<h1 class=\"elementor-heading-title elementor-size-default\">Steuber-Sommeraktion<br>Inspektion zum Sonderpreis<\/h1>\t\t\t\t<\/div>\n\t\t\t\t<\/div>\n\t\t\t\t<div class=\"elementor-element elementor-element-f162e2a elementor-widget elementor-widget-text-editor\" data-id=\"f162e2a\" data-element_type=\"widget\" data-e-type=\"widget\" data-widget_type=\"text-editor.default\">\n\t\t\t\t<div class=\"elementor-widget-container\">\n\t\t\t\t\t\t\t\t\t<p class=\"p1\"><span class=\"s1\">Ihre manroland-Maschine muss bald gewartet werden? Dann nutzen Sie die Gelegenheit und sparen Sie bares Geld mit unserer Sommeraktion.<\/span><\/p><p class=\"p1\"><span class=\"s1\">\u00a0<\/span><span class=\"s1\">Im Rahmen der Inspektion erkennen wir fr\u00fchzeitig Wartungsdefizite, Verschlei\u00df und Sch\u00e4den an Ihrer Anlage. Sie vermeiden hierdurch ungeplante Ausfallzeiten und sichern die Produktivit\u00e4t Ihrer Anlage nachhaltig.<\/span><\/p>\t\t\t\t\t\t\t\t<\/div>\n\t\t\t\t<\/div>\n\t\t\t\t<\/div>\n\t\t\t\t<\/div>\n\t\t<div class=\"elementor-element elementor-element-bdf4e56 e-con-full e-flex e-con e-parent\" data-id=\"bdf4e56\" data-element_type=\"container\" data-e-type=\"container\">\n\t\t<div class=\"elementor-element elementor-element-946e54c e-con-full e-flex e-con e-child\" data-id=\"946e54c\" data-element_type=\"container\" data-e-type=\"container\">\n\t\t\t\t<div class=\"elementor-element elementor-element-2784b56 elementor-widget elementor-widget-text-editor\" data-id=\"2784b56\" data-element_type=\"widget\" data-e-type=\"widget\" data-widget_type=\"text-editor.default\">\n\t\t\t\t<div class=\"elementor-widget-container\">\n\t\t\t\t\t\t\t\t\t<h3 class=\"p1\"><span class=\"s1\"><b>Die Leistungen im \u00dcberblick:<\/b><\/span><\/h3><p class=\"p1\"><span class=\"s1\">&gt; Maschinencheck durch einen Mechaniker und Elektriker<\/span><\/p><p class=\"p1\"><span class=\"s1\">&gt; Detaillierte Zustandsanalyse mit Inspektionsbericht<\/span><\/p><p class=\"p1\"><span class=\"s1\">&gt; Wartungs- und Reparaturempfehlungen anhand der Priorit\u00e4t<\/span><\/p><p class=\"p1\"><span class=\"s1\">&gt; Fahrtkosten inklusive<\/span><\/p><p class=\"p1\"><span class=\"s1\">\u00a0<\/span><\/p><p class=\"p1\"><span class=\"s1\">F\u00fcr die o. g. Arbeiten wird je nach Maschinentyp ca. 1 Tag ben\u00f6tigt.<\/span><\/p><p class=\"p1\"><span class=\"s1\">Einsatzzeit: Montag\u2013Freitag von 07:30\u201320:00 Uhr<\/span><\/p><p class=\"p1\"><span class=\"s1\">\u00a0<\/span><\/p><h3><span class=\"s1\"><b>Aktionspreis: 2.000 Euro zzgl. MwSt.<\/b><\/span><\/h3><p class=\"p1\"><span class=\"s1\">\u00a0<\/span><\/p><p class=\"p1\"><span class=\"s1\">G\u00fcltig f\u00fcr die Maschinen manroland R 200\/300\/500\/700\/9000<\/span><\/p><p class=\"p1\"><span class=\"s1\">\u00a0<\/span><\/p><p class=\"p1\"><span class=\"s1\">Z\u00f6gern Sie nicht, sondern buchen Sie jetzt die Wartung Ihrer manroland-Maschine zum Sonderpreis!<\/span><\/p><p class=\"p1\"><span class=\"s1\">\u00a0<\/span><\/p><p class=\"p1\"><span class=\"s1\">Aktionszeitraum: 1.8.2024-31.8.2024<\/span><\/p>\t\t\t\t\t\t\t\t<\/div>\n\t\t\t\t<\/div>\n\t\t\t\t<\/div>\n\t\t<div class=\"elementor-element elementor-element-0114bc5 e-con-full e-flex e-con e-child\" data-id=\"0114bc5\" data-element_type=\"container\" data-e-type=\"container\">\n\t\t\t\t<div class=\"elementor-element elementor-element-1588a67 elementor-widget elementor-widget-heading\" data-id=\"1588a67\" data-element_type=\"widget\" data-e-type=\"widget\" data-widget_type=\"heading.default\">\n\t\t\t\t<div class=\"elementor-widget-container\">\n\t\t\t\t\t<h3 class=\"elementor-heading-title elementor-size-default\">Jetzt anfragen<\/h3>\t\t\t\t<\/div>\n\t\t\t\t<\/div>\n\t\t\t\t<div class=\"elementor-element elementor-element-b763e26 elementor-button-align-stretch elementor-widget elementor-widget-form\" data-id=\"b763e26\" data-element_type=\"widget\" data-e-type=\"widget\" data-settings=\"{&quot;step_next_label&quot;:&quot;N\\u00e4chster&quot;,&quot;step_previous_label&quot;:&quot;Voriger&quot;,&quot;button_width&quot;:&quot;100&quot;,&quot;step_type&quot;:&quot;number_text&quot;,&quot;step_icon_shape&quot;:&quot;circle&quot;}\" data-widget_type=\"form.default\">\n\t\t\t\t<div class=\"elementor-widget-container\">\n\t\t\t\t\t\t\t<form class=\"elementor-form\" method=\"post\" name=\"Neues Formular\" aria-label=\"Neues Formular\">\n\t\t\t<input type=\"hidden\" name=\"post_id\" value=\"8310\"\/>\n\t\t\t<input type=\"hidden\" name=\"form_id\" value=\"b763e26\"\/>\n\t\t\t<input type=\"hidden\" name=\"referer_title\" value=\"care-Sommeraktion - Steuber GmbH &amp; Co. KG\" \/>\n\n\t\t\t\t\t\t\t<input type=\"hidden\" name=\"queried_id\" value=\"8310\"\/>\n\t\t\t\n\t\t\t<div class=\"elementor-form-fields-wrapper elementor-labels-\">\n\t\t\t\t\t\t\t\t<div class=\"elementor-field-type-text elementor-field-group elementor-column elementor-field-group-name elementor-col-100\">\n\t\t\t\t\t\t\t\t\t\t\t\t<label for=\"form-field-name\" class=\"elementor-field-label elementor-screen-only\">\n\t\t\t\t\t\t\t\tName\t\t\t\t\t\t\t<\/label>\n\t\t\t\t\t\t\t\t\t\t\t\t\t\t<input size=\"1\" type=\"text\" name=\"form_fields[name]\" id=\"form-field-name\" class=\"elementor-field elementor-size-lg  elementor-field-textual\" placeholder=\"Name\">\n\t\t\t\t\t\t\t\t\t\t\t<\/div>\n\t\t\t\t\t\t\t\t<div class=\"elementor-field-type-text elementor-field-group elementor-column elementor-field-group-field_15cb633 elementor-col-100\">\n\t\t\t\t\t\t\t\t\t\t\t\t<label for=\"form-field-field_15cb633\" class=\"elementor-field-label elementor-screen-only\">\n\t\t\t\t\t\t\t\tFirma\t\t\t\t\t\t\t<\/label>\n\t\t\t\t\t\t\t\t\t\t\t\t\t\t<input size=\"1\" type=\"text\" name=\"form_fields[field_15cb633]\" id=\"form-field-field_15cb633\" class=\"elementor-field elementor-size-lg  elementor-field-textual\" placeholder=\"Firma\">\n\t\t\t\t\t\t\t\t\t\t\t<\/div>\n\t\t\t\t\t\t\t\t<div class=\"elementor-field-type-text\">\n\t\t\t\t\t<input size=\"1\" type=\"text\" name=\"form_fields[field_66b97da]\" id=\"form-field-field_66b97da\" class=\"elementor-field elementor-size-lg \" style=\"display:none !important;\">\t\t\t\t<\/div>\n\t\t\t\t\t\t\t\t<div class=\"elementor-field-type-text elementor-field-group elementor-column elementor-field-group-field_bc58493 elementor-col-100\">\n\t\t\t\t\t\t\t\t\t\t\t\t<label for=\"form-field-field_bc58493\" class=\"elementor-field-label elementor-screen-only\">\n\t\t\t\t\t\t\t\tmanroland Maschinentyp\t\t\t\t\t\t\t<\/label>\n\t\t\t\t\t\t\t\t\t\t\t\t\t\t<input size=\"1\" type=\"text\" name=\"form_fields[field_bc58493]\" id=\"form-field-field_bc58493\" class=\"elementor-field elementor-size-lg  elementor-field-textual\" placeholder=\"manroland Maschinentyp\">\n\t\t\t\t\t\t\t\t\t\t\t<\/div>\n\t\t\t\t\t\t\t\t<div class=\"elementor-field-type-email elementor-field-group elementor-column elementor-field-group-email elementor-col-100 elementor-field-required\">\n\t\t\t\t\t\t\t\t\t\t\t\t<label for=\"form-field-email\" class=\"elementor-field-label elementor-screen-only\">\n\t\t\t\t\t\t\t\tE-Mail\t\t\t\t\t\t\t<\/label>\n\t\t\t\t\t\t\t\t\t\t\t\t\t\t<input size=\"1\" type=\"email\" name=\"form_fields[email]\" id=\"form-field-email\" class=\"elementor-field elementor-size-lg  elementor-field-textual\" placeholder=\"E-Mail\" required=\"required\">\n\t\t\t\t\t\t\t\t\t\t\t<\/div>\n\t\t\t\t\t\t\t\t<div class=\"elementor-field-type-tel elementor-field-group elementor-column elementor-field-group-field_f599f16 elementor-col-100 elementor-field-required\">\n\t\t\t\t\t\t\t\t\t\t\t\t<label for=\"form-field-field_f599f16\" class=\"elementor-field-label elementor-screen-only\">\n\t\t\t\t\t\t\t\tTelefon tags\u00fcber\t\t\t\t\t\t\t<\/label>\n\t\t\t\t\t\t\t\t<input size=\"1\" type=\"tel\" name=\"form_fields[field_f599f16]\" id=\"form-field-field_f599f16\" class=\"elementor-field elementor-size-lg  elementor-field-textual\" placeholder=\"Telefon tags\u00fcber\" required=\"required\" pattern=\"[0-9()#&amp;+*-=.]+\" title=\"Alleen getallen en telefoontekens (#, -, *, enz.) worden geaccepteerd.\">\n\n\t\t\t\t\t\t<\/div>\n\t\t\t\t\t\t\t\t<div class=\"elementor-field-type-text\">\n\t\t\t\t\t<input size=\"1\" type=\"text\" name=\"form_fields[field_0f97eb4]\" id=\"form-field-field_0f97eb4\" class=\"elementor-field elementor-size-lg \" style=\"display:none !important;\">\t\t\t\t<\/div>\n\t\t\t\t\t\t\t\t<div class=\"elementor-field-type-textarea elementor-field-group elementor-column elementor-field-group-message elementor-col-100\">\n\t\t\t\t\t\t\t\t\t\t\t\t<label for=\"form-field-message\" class=\"elementor-field-label elementor-screen-only\">\n\t\t\t\t\t\t\t\tNachricht\t\t\t\t\t\t\t<\/label>\n\t\t\t\t\t\t<textarea class=\"elementor-field-textual elementor-field  elementor-size-lg\" name=\"form_fields[message]\" id=\"form-field-message\" rows=\"4\" placeholder=\"Nachricht\"><\/textarea>\t\t\t\t<\/div>\n\t\t\t\t\t\t\t\t<div class=\"elementor-field-type-acceptance elementor-field-group elementor-column elementor-field-group-field_2258420 elementor-col-100 elementor-field-required\">\n\t\t\t\t\t\t\t\t\t\t\t\t<label for=\"form-field-field_2258420\" class=\"elementor-field-label elementor-screen-only\">\n\t\t\t\t\t\t\t\tAkzeptiere\t\t\t\t\t\t\t<\/label>\n\t\t\t\t\t\t\t\t<div class=\"elementor-field-subgroup\">\n\t\t\t<span class=\"elementor-field-option\">\n\t\t\t\t<input type=\"checkbox\" name=\"form_fields[field_2258420]\" id=\"form-field-field_2258420\" class=\"elementor-field elementor-size-lg  elementor-acceptance-field\" required=\"required\">\n\t\t\t\t<label for=\"form-field-field_2258420\">Ich stimme der Verarbeitung meiner Informationen zu.<\/label>\t\t\t<\/span>\n\t\t<\/div>\n\t\t\t\t\t\t<\/div>\n\t\t\t\t\t\t\t\t<div class=\"elementor-field-group elementor-column elementor-field-type-submit elementor-col-100 e-form__buttons\">\n\t\t\t\t\t<button class=\"elementor-button elementor-size-sm\" type=\"submit\">\n\t\t\t\t\t\t<span class=\"elementor-button-content-wrapper\">\n\t\t\t\t\t\t\t\t\t\t\t\t\t\t\t\t\t\t\t\t\t\t<span class=\"elementor-button-text\">Senden<\/span>\n\t\t\t\t\t\t\t\t\t\t\t\t\t<\/span>\n\t\t\t\t\t<\/button>\n\t\t\t\t<\/div>\n\t\t\t<\/div>\n\t\t<\/form>\n\t\t\t\t\t\t<\/div>\n\t\t\t\t<\/div>\n\t\t\t\t<\/div>\n\t\t\t\t<\/div>\n\t\t\t\t<\/div>\n\t\t","protected":false},"excerpt":{"rendered":"<p>Ihre manroland-Maschine muss bald gewartet werden? Dann nutzen Sie die Gelegenheit und sparen Sie bares Geld mit unserer Sommeraktion.<\/p>","protected":false},"author":1,"featured_media":0,"parent":0,"menu_order":0,"comment_status":"closed","ping_status":"closed","template":"","meta":{"_angie_page":false,"footnotes":""},"class_list":["post-8310","page","type-page","status-publish","hentry"],"_links":{"self":[{"href":"https:\/\/steuber.net\/sv\/wp-json\/wp\/v2\/pages\/8310","targetHints":{"allow":["GET"]}}],"collection":[{"href":"https:\/\/steuber.net\/sv\/wp-json\/wp\/v2\/pages"}],"about":[{"href":"https:\/\/steuber.net\/sv\/wp-json\/wp\/v2\/types\/page"}],"author":[{"embeddable":true,"href":"https:\/\/steuber.net\/sv\/wp-json\/wp\/v2\/users\/1"}],"replies":[{"embeddable":true,"href":"https:\/\/steuber.net\/sv\/wp-json\/wp\/v2\/comments?post=8310"}],"version-history":[{"count":2,"href":"https:\/\/steuber.net\/sv\/wp-json\/wp\/v2\/pages\/8310\/revisions"}],"predecessor-version":[{"id":11735,"href":"https:\/\/steuber.net\/sv\/wp-json\/wp\/v2\/pages\/8310\/revisions\/11735"}],"wp:attachment":[{"href":"https:\/\/steuber.net\/sv\/wp-json\/wp\/v2\/media?parent=8310"}],"curies":[{"name":"wp","href":"https:\/\/api.w.org\/{rel}","templated":true}]}}